{"id":94250,"date":"2023-09-19T12:17:46","date_gmt":"2023-09-19T10:17:46","guid":{"rendered":"https:\/\/ambar.com\/tienda\/?post_type=product&#038;p=94250"},"modified":"2024-09-25T16:27:41","modified_gmt":"2024-09-25T14:27:41","slug":"pack-ambar-especial-edicion-ascenso-alaves-129","status":"publish","type":"product","link":"https:\/\/ambar.com\/tienda\/producto\/pack-ambar-especial-edicion-ascenso-alaves-129\/","title":{"rendered":"Pack Ambar Especial Edici\u00f3n Ascenso Alav\u00e9s 129\u00b4"},"content":{"rendered":"<p>[et_pb_section fb_built=\u00bb1&#8243; admin_label=\u00bbInfo\u00bb module_class=\u00bbimage-description viewport-section\u00bb _builder_version=\u00bb4.19.4&#8243; _module_preset=\u00bbdefault\u00bb width=\u00bb100%\u00bb max_width=\u00bb100%\u00bb da_disable_devices=\u00bboff|off|off\u00bb collapsed=\u00bboff\u00bb global_colors_info=\u00bb{}\u00bb da_is_popup=\u00bboff\u00bb da_exit_intent=\u00bboff\u00bb da_has_close=\u00bbon\u00bb da_alt_close=\u00bboff\u00bb da_dark_close=\u00bboff\u00bb da_not_modal=\u00bbon\u00bb da_is_singular=\u00bboff\u00bb da_with_loader=\u00bboff\u00bb da_has_shadow=\u00bbon\u00bb][et_pb_row column_structure=\u00bb1_2,1_2&#8243; _builder_version=\u00bb4.19.4&#8243; background_size=\u00bbinitial\u00bb background_position=\u00bbtop_left\u00bb background_repeat=\u00bbrepeat\u00bb width=\u00bb100%\u00bb custom_padding=\u00bb0px||||false|false\u00bb global_colors_info=\u00bb{}\u00bb][et_pb_column type=\u00bb1_2&#8243; module_class=\u00bbleft-column\u00bb _builder_version=\u00bb4.19.4&#8243; custom_padding=\u00bb|||\u00bb global_colors_info=\u00bb{}\u00bb custom_padding__hover=\u00bb|||\u00bb][et_pb_wc_images _builder_version=\u00bb4.19.4&#8243; _module_preset=\u00bbdefault\u00bb global_colors_info=\u00bb{}\u00bb][\/et_pb_wc_images][\/et_pb_column][et_pb_column type=\u00bb1_2&#8243; _builder_version=\u00bb4.16&#8243; custom_padding=\u00bb|||\u00bb global_colors_info=\u00bb{}\u00bb custom_padding__hover=\u00bb|||\u00bb][et_pb_wc_title module_class=\u00bbheading black\u00bb _builder_version=\u00bb4.21.0&#8243; global_colors_info=\u00bb{}\u00bb][\/et_pb_wc_title][et_pb_wc_description module_class=\u00bbdescription-block description-short black\u00bb _builder_version=\u00bb4.21.0&#8243; global_colors_info=\u00bb{}\u00bb][\/et_pb_wc_description][et_pb_wc_price module_class=\u00bbdescription-block black price-block\u00bb _builder_version=\u00bb4.21.0&#8243; global_colors_info=\u00bb{}\u00bb][\/et_pb_wc_price][et_pb_wc_add_to_cart _builder_version=\u00bb4.21.0&#8243; global_colors_info=\u00bb{}\u00bb][\/et_pb_wc_add_to_cart][et_pb_text module_class=\u00bbpayment-block\u00bb _builder_version=\u00bb4.21.0&#8243; _module_preset=\u00bbdefault\u00bb global_colors_info=\u00bb{}\u00bb]<\/p>\n<ul>\n<li><img decoding=\"async\" class=\"icon\" src=\"https:\/\/ambar.com\/tienda\/wp-content\/uploads\/2023\/03\/icono-reloj-black.png\" \/>Entrega en 72 horas<\/li>\n<li><img decoding=\"async\" class=\"icon\" src=\"https:\/\/ambar.com\/tienda\/wp-content\/uploads\/2023\/03\/icono-camion-black.png\" \/>Env\u00edo gratuito por compras superiores a 50\u20ac<\/li>\n<li><img decoding=\"async\" class=\"icon\" src=\"https:\/\/ambar.com\/tienda\/wp-content\/uploads\/2023\/03\/icono-caja-black.png\" \/>5\u20ac de gastos de env\u00edo para compras inferiores a 50\u20ac<\/li>\n<li><img decoding=\"async\" class=\"icon\" src=\"https:\/\/ambar.com\/tienda\/wp-content\/uploads\/2023\/03\/icono-tarjeta-black.png\" \/>Pagos aceptados <img decoding=\"async\" class=\"payment\" src=\"https:\/\/ambar.com\/tienda\/wp-content\/uploads\/2023\/03\/ambar-payment-methods-1024x113-1.png\" \/><\/li>\n<\/ul>\n<p>[\/et_pb_text][\/et_pb_column][\/et_pb_row][\/et_pb_section][et_pb_section fb_built=\u00bb1&#8243; disabled_on=\u00bbon|on|on\u00bb admin_label=\u00bbSecci\u00f3n\u00bb module_id=\u00bbdescripcion-cerveza\u00bb module_class=\u00bbviewport-section height-eighty half-image\u00bb _builder_version=\u00bb4.19.4&#8243; _module_preset=\u00bbdefault\u00bb background_color=\u00bb#f2f2f2&#8243; da_disable_devices=\u00bboff|off|off\u00bb disabled=\u00bbon\u00bb global_colors_info=\u00bb{}\u00bb da_is_popup=\u00bboff\u00bb da_exit_intent=\u00bboff\u00bb da_has_close=\u00bbon\u00bb da_alt_close=\u00bboff\u00bb da_dark_close=\u00bboff\u00bb da_not_modal=\u00bbon\u00bb da_is_singular=\u00bboff\u00bb da_with_loader=\u00bboff\u00bb da_has_shadow=\u00bbon\u00bb][et_pb_row column_structure=\u00bb1_2,1_2&#8243; use_custom_gutter=\u00bbon\u00bb gutter_width=\u00bb1&#8243; make_equal=\u00bbon\u00bb _builder_version=\u00bb4.19.4&#8243; _module_preset=\u00bbdefault\u00bb width=\u00bb100%\u00bb max_width=\u00bb2560px\u00bb global_colors_info=\u00bb{}\u00bb][et_pb_column type=\u00bb1_2&#8243; module_class=\u00bbleft-column\u00bb _builder_version=\u00bb4.19.4&#8243; _module_preset=\u00bbdefault\u00bb background_enable_color=\u00bboff\u00bb global_colors_info=\u00bb{}\u00bb][et_pb_text module_class=\u00bbheading\u00bb _builder_version=\u00bb4.19.4&#8243; _module_preset=\u00bbdefault\u00bb global_colors_info=\u00bb{}\u00bb]<\/p>\n<h3>Rompe los c\u00e1nones de lo que se espera de una cerveza ALE<\/h3>\n<p>[\/et_pb_text][et_pb_text module_class=\u00bbdescription-block\u00bb _builder_version=\u00bb4.21.0&#8243; _module_preset=\u00bbdefault\u00bb global_colors_info=\u00bb{}\u00bb]<\/p>\n<p>Ambar 1900 rompe los c\u00e1nones de lo que se espera de una cerveza ale. Re\u00fane todos los matices arom\u00e1ticos que se encuentran tras el proceso de fermentaci\u00f3n a alta temperatura pero con un cuerpo ligero, un color p\u00e1lido y una burbuja extra fina.<\/p>\n<p>De moderado amargor, resulta muy suave al paladar y llena de frutas frescas y malta reci\u00e9n horneada. As\u00ed, 1900 es una cerveza sofisticada, sutil y llena de matices. Fue una de las primeras ales de Espa\u00f1a y se concibi\u00f3 como una cerveza de temporada, pero una clientela realmente persuasiva nos oblig\u00f3 a buscarle un hueco destacado en el portfolio.<\/p>\n<p>[\/et_pb_text][et_pb_text module_class=\u00bbinfo-descripcion-cerveza first\u00bb _builder_version=\u00bb4.19.4&#8243; _module_preset=\u00bbdefault\u00bb global_colors_info=\u00bb{}\u00bb]<\/p>\n<p>Grado de alcohol <strong>4,8% <sup>Vol.<\/sup><\/strong><\/p>\n<p>[\/et_pb_text][et_pb_text module_class=\u00bbinfo-descripcion-cerveza\u00bb _builder_version=\u00bb4.19.4&#8243; _module_preset=\u00bbdefault\u00bb global_colors_info=\u00bb{}\u00bb]<\/p>\n<p>Amargor <strong>20 <sup>IBU<\/sup><\/strong><\/p>\n<p>[\/et_pb_text][\/et_pb_column][et_pb_column type=\u00bb1_2&#8243; module_class=\u00bbright-column\u00bb _builder_version=\u00bb4.19.4&#8243; _module_preset=\u00bbdefault\u00bb background_image=\u00bbhttps:\/\/ambarshop.demohiberus.com\/wp-content\/uploads\/2023\/01\/a.png\u00bb global_colors_info=\u00bb{}\u00bb][\/et_pb_column][\/et_pb_row][\/et_pb_section][et_pb_section fb_built=\u00bb1&#8243; module_class=\u00bbwoo-related-products\u00bb _builder_version=\u00bb4.19.4&#8243; _module_preset=\u00bbdefault\u00bb da_disable_devices=\u00bboff|off|off\u00bb collapsed=\u00bboff\u00bb global_colors_info=\u00bb{}\u00bb da_is_popup=\u00bboff\u00bb da_exit_intent=\u00bboff\u00bb da_has_close=\u00bbon\u00bb da_alt_close=\u00bboff\u00bb da_dark_close=\u00bboff\u00bb da_not_modal=\u00bbon\u00bb da_is_singular=\u00bboff\u00bb da_with_loader=\u00bboff\u00bb da_has_shadow=\u00bbon\u00bb][et_pb_row module_class=\u00bbwidth_1280&#8243; _builder_version=\u00bb4.19.4&#8243; background_size=\u00bbinitial\u00bb background_position=\u00bbtop_left\u00bb background_repeat=\u00bbrepeat\u00bb width=\u00bb100%\u00bb global_colors_info=\u00bb{}\u00bb][et_pb_column type=\u00bb4_4&#8243; _builder_version=\u00bb4.16&#8243; custom_padding=\u00bb|||\u00bb global_colors_info=\u00bb{}\u00bb custom_padding__hover=\u00bb|||\u00bb][et_pb_text module_class=\u00bbblock-title\u00bb _builder_version=\u00bb4.21.0&#8243; _module_preset=\u00bbdefault\u00bb global_colors_info=\u00bb{}\u00bb]<\/p>\n<p>PACKS CERVECEROS<\/p>\n<h2>Productos relacionados<\/h2>\n<p>[\/et_pb_text][et_pb_wc_related_products posts_number=\u00bb4&#8243; columns_number=\u00bb4&#8243; include_categories=\u00bb81&#8243; admin_label=\u00bbWoo Productos relacionados\u00bb _builder_version=\u00bb4.19.4&#8243; _dynamic_attributes=\u00bblink_option_url\u00bb link_option_url=\u00bb@ET-DC@eyJkeW5hbWljIjp0cnVlLCJjb250ZW50IjoicG9zdF9saW5rX3VybCIsInNldHRpbmdzIjp7fX0=@\u00bb global_colors_info=\u00bb{}\u00bb][\/et_pb_wc_related_products][\/et_pb_column][\/et_pb_row][\/et_pb_section]<\/p>\n","protected":false},"excerpt":{"rendered":"<p><strong>24 unidades de 33cl de Ambar Especial Edici\u00f3n Ascenso Alav\u00e9s Glorioso 129\u00b4.<\/strong><\/p>\n<p><strong>NOTA DE CATA:<\/strong><\/p>\n<p><strong>Estilo:<\/strong>\u00a0Lager Internacional<br \/>\n<strong>Denominaci\u00f3n:\u00a0<\/strong>Cerveza especial<br \/>\n<strong>Extracto seco primitivo:\u00a0<\/strong>13.0\u00ba P<br \/>\n<strong>Al\u00e9rgenos:<\/strong>\u00a0Contiene\u00a0<strong><u>Malta de cebada y cebada<\/u><\/strong><br \/>\n<strong>Ingredientes:\u00a0<\/strong>Agua,\u00a0<strong><u>Malta de cebada<\/u><\/strong>, Ma\u00edz,\u00a0<strong><u>Cebada<\/u><\/strong>\u00a0y L\u00fapulo<\/p>\n<p><strong>Condiciones de mantenimiento y conservaci\u00f3n:\u00a0<\/strong>Proteger de la luz directa del sol. Mantener alejada de fuentes de olores extra\u00f1os.<\/p>\n<p><strong>Modo de empleo:<\/strong>\u00a0Servir fr\u00eda, no agitar antes de abrir.<\/p>\n<p>3.67 \u20ac\/L IVA INCL<\/p>\n","protected":false},"featured_media":94251,"template":"","meta":{"_acf_changed":false,"_et_pb_use_builder":"on","_et_pb_old_content":"","_et_gb_content_width":"","footnotes":""},"product_brand":[],"product_cat":[82,88],"product_tag":[],"class_list":{"0":"post-94250","1":"product","2":"type-product","3":"status-publish","4":"has-post-thumbnail","6":"product_cat-clasicas","7":"product_cat-pack","8":"product_shipping_class-envio-normal","10":"first","11":"outofstock","12":"shipping-taxable","13":"purchasable","14":"product-type-simple"},"acf":[],"yoast_head":"<!-- This site is optimized with the Yoast SEO plugin v26.0 - https:\/\/yoast.com\/wordpress\/plugins\/seo\/ -->\n<title>Pack Ambar Especial Edici\u00f3n Ascenso Alav\u00e9s 129\u00b4 | Cervezas Ambar<\/title>\n<meta name=\"description\" content=\"Para ti, fan de todas y cada una de las ediciones especiales. Y para todos los que quer\u00e9is descubrir nuestras cervezas Ambar en un pack exclusivo.\u00a0\" \/>\n<meta name=\"robots\" content=\"index, follow, max-snippet:-1, max-image-preview:large, max-video-preview:-1\" \/>\n<link rel=\"canonical\" href=\"https:\/\/ambar.com\/tienda\/producto\/pack-ambar-especial-edicion-ascenso-alaves-129\/\" \/>\n<meta property=\"og:locale\" content=\"es_ES\" \/>\n<meta property=\"og:type\" content=\"article\" \/>\n<meta property=\"og:title\" content=\"Pack Ambar Especial Edici\u00f3n Ascenso Alav\u00e9s 129\u00b4 | Cervezas Ambar\" \/>\n<meta property=\"og:description\" content=\"Para ti, fan de todas y cada una de las ediciones especiales. Y para todos los que quer\u00e9is descubrir nuestras cervezas Ambar en un pack exclusivo.\u00a0\" \/>\n<meta property=\"og:url\" content=\"https:\/\/ambar.com\/tienda\/producto\/pack-ambar-especial-edicion-ascenso-alaves-129\/\" \/>\n<meta property=\"og:site_name\" content=\"Tienda de cervezas online\" \/>\n<meta property=\"article:publisher\" content=\"https:\/\/www.facebook.com\/cervezasambar\" \/>\n<meta property=\"article:modified_time\" content=\"2024-09-25T14:27:41+00:00\" \/>\n<meta property=\"og:image\" content=\"https:\/\/ambar.com\/tienda\/wp-content\/uploads\/2023\/09\/Botella-Ambar-Especial-Edicion-Ascenso-Alaves.png\" \/>\n\t<meta property=\"og:image:width\" content=\"500\" \/>\n\t<meta property=\"og:image:height\" content=\"500\" \/>\n\t<meta property=\"og:image:type\" content=\"image\/png\" \/>\n<meta name=\"twitter:card\" content=\"summary_large_image\" \/>\n<meta name=\"twitter:site\" content=\"@cervezasambar\" \/>\n<meta name=\"twitter:label1\" content=\"Tiempo de lectura\" \/>\n\t<meta name=\"twitter:data1\" content=\"2 minutos\" \/>\n<script type=\"application\/ld+json\" class=\"yoast-schema-graph\">{\"@context\":\"https:\/\/schema.org\",\"@graph\":[{\"@type\":\"WebPage\",\"@id\":\"https:\/\/ambar.com\/tienda\/producto\/pack-ambar-especial-edicion-ascenso-alaves-129\/\",\"url\":\"https:\/\/ambar.com\/tienda\/producto\/pack-ambar-especial-edicion-ascenso-alaves-129\/\",\"name\":\"Pack Ambar Especial Edici\u00f3n Ascenso Alav\u00e9s 129\u00b4 | Cervezas Ambar\",\"isPartOf\":{\"@id\":\"https:\/\/ambar.com\/tienda\/#website\"},\"primaryImageOfPage\":{\"@id\":\"https:\/\/ambar.com\/tienda\/producto\/pack-ambar-especial-edicion-ascenso-alaves-129\/#primaryimage\"},\"image\":{\"@id\":\"https:\/\/ambar.com\/tienda\/producto\/pack-ambar-especial-edicion-ascenso-alaves-129\/#primaryimage\"},\"thumbnailUrl\":\"https:\/\/ambar.com\/tienda\/wp-content\/uploads\/2023\/09\/Botella-Ambar-Especial-Edicion-Ascenso-Alaves.png\",\"datePublished\":\"2023-09-19T10:17:46+00:00\",\"dateModified\":\"2024-09-25T14:27:41+00:00\",\"description\":\"Para ti, fan de todas y cada una de las ediciones especiales. Y para todos los que quer\u00e9is descubrir nuestras cervezas Ambar en un pack exclusivo.\u00a0\",\"inLanguage\":\"es\",\"potentialAction\":[{\"@type\":\"ReadAction\",\"target\":[\"https:\/\/ambar.com\/tienda\/producto\/pack-ambar-especial-edicion-ascenso-alaves-129\/\"]}]},{\"@type\":\"ImageObject\",\"inLanguage\":\"es\",\"@id\":\"https:\/\/ambar.com\/tienda\/producto\/pack-ambar-especial-edicion-ascenso-alaves-129\/#primaryimage\",\"url\":\"https:\/\/ambar.com\/tienda\/wp-content\/uploads\/2023\/09\/Botella-Ambar-Especial-Edicion-Ascenso-Alaves.png\",\"contentUrl\":\"https:\/\/ambar.com\/tienda\/wp-content\/uploads\/2023\/09\/Botella-Ambar-Especial-Edicion-Ascenso-Alaves.png\",\"width\":500,\"height\":500},{\"@type\":\"WebSite\",\"@id\":\"https:\/\/ambar.com\/tienda\/#website\",\"url\":\"https:\/\/ambar.com\/tienda\/\",\"name\":\"Tienda de cervezas online\",\"description\":\"Nuestra tienda de cervezas Ambar ofrece diferentes packs cerveceros con la comodidad de ser una tienda de cervezas online. Compra cerveza online con un solo clic.\",\"publisher\":{\"@id\":\"https:\/\/ambar.com\/tienda\/#organization\"},\"potentialAction\":[{\"@type\":\"SearchAction\",\"target\":{\"@type\":\"EntryPoint\",\"urlTemplate\":\"https:\/\/ambar.com\/tienda\/?s={search_term_string}\"},\"query-input\":{\"@type\":\"PropertyValueSpecification\",\"valueRequired\":true,\"valueName\":\"search_term_string\"}}],\"inLanguage\":\"es\"},{\"@type\":\"Organization\",\"@id\":\"https:\/\/ambar.com\/tienda\/#organization\",\"name\":\"Ambar\",\"url\":\"https:\/\/ambar.com\/tienda\/\",\"logo\":{\"@type\":\"ImageObject\",\"inLanguage\":\"es\",\"@id\":\"https:\/\/ambar.com\/tienda\/#\/schema\/logo\/image\/\",\"url\":\"https:\/\/ambar.com\/tienda\/wp-content\/uploads\/2023\/01\/ambar-logo-red.png\",\"contentUrl\":\"https:\/\/ambar.com\/tienda\/wp-content\/uploads\/2023\/01\/ambar-logo-red.png\",\"width\":660,\"height\":116,\"caption\":\"Ambar\"},\"image\":{\"@id\":\"https:\/\/ambar.com\/tienda\/#\/schema\/logo\/image\/\"},\"sameAs\":[\"https:\/\/www.facebook.com\/cervezasambar\",\"https:\/\/x.com\/cervezasambar\",\"https:\/\/www.instagram.com\/cervezasambar\/\"]}]}<\/script>\n<!-- \/ Yoast SEO plugin. -->","yoast_head_json":{"title":"Pack Ambar Especial Edici\u00f3n Ascenso Alav\u00e9s 129\u00b4 | Cervezas Ambar","description":"Para ti, fan de todas y cada una de las ediciones especiales. Y para todos los que quer\u00e9is descubrir nuestras cervezas Ambar en un pack exclusivo.\u00a0","robots":{"index":"index","follow":"follow","max-snippet":"max-snippet:-1","max-image-preview":"max-image-preview:large","max-video-preview":"max-video-preview:-1"},"canonical":"https:\/\/ambar.com\/tienda\/producto\/pack-ambar-especial-edicion-ascenso-alaves-129\/","og_locale":"es_ES","og_type":"article","og_title":"Pack Ambar Especial Edici\u00f3n Ascenso Alav\u00e9s 129\u00b4 | Cervezas Ambar","og_description":"Para ti, fan de todas y cada una de las ediciones especiales. Y para todos los que quer\u00e9is descubrir nuestras cervezas Ambar en un pack exclusivo.\u00a0","og_url":"https:\/\/ambar.com\/tienda\/producto\/pack-ambar-especial-edicion-ascenso-alaves-129\/","og_site_name":"Tienda de cervezas online","article_publisher":"https:\/\/www.facebook.com\/cervezasambar","article_modified_time":"2024-09-25T14:27:41+00:00","og_image":[{"width":500,"height":500,"url":"https:\/\/ambar.com\/tienda\/wp-content\/uploads\/2023\/09\/Botella-Ambar-Especial-Edicion-Ascenso-Alaves.png","type":"image\/png"}],"twitter_card":"summary_large_image","twitter_site":"@cervezasambar","twitter_misc":{"Tiempo de lectura":"2 minutos"},"schema":{"@context":"https:\/\/schema.org","@graph":[{"@type":"WebPage","@id":"https:\/\/ambar.com\/tienda\/producto\/pack-ambar-especial-edicion-ascenso-alaves-129\/","url":"https:\/\/ambar.com\/tienda\/producto\/pack-ambar-especial-edicion-ascenso-alaves-129\/","name":"Pack Ambar Especial Edici\u00f3n Ascenso Alav\u00e9s 129\u00b4 | Cervezas Ambar","isPartOf":{"@id":"https:\/\/ambar.com\/tienda\/#website"},"primaryImageOfPage":{"@id":"https:\/\/ambar.com\/tienda\/producto\/pack-ambar-especial-edicion-ascenso-alaves-129\/#primaryimage"},"image":{"@id":"https:\/\/ambar.com\/tienda\/producto\/pack-ambar-especial-edicion-ascenso-alaves-129\/#primaryimage"},"thumbnailUrl":"https:\/\/ambar.com\/tienda\/wp-content\/uploads\/2023\/09\/Botella-Ambar-Especial-Edicion-Ascenso-Alaves.png","datePublished":"2023-09-19T10:17:46+00:00","dateModified":"2024-09-25T14:27:41+00:00","description":"Para ti, fan de todas y cada una de las ediciones especiales. Y para todos los que quer\u00e9is descubrir nuestras cervezas Ambar en un pack exclusivo.\u00a0","inLanguage":"es","potentialAction":[{"@type":"ReadAction","target":["https:\/\/ambar.com\/tienda\/producto\/pack-ambar-especial-edicion-ascenso-alaves-129\/"]}]},{"@type":"ImageObject","inLanguage":"es","@id":"https:\/\/ambar.com\/tienda\/producto\/pack-ambar-especial-edicion-ascenso-alaves-129\/#primaryimage","url":"https:\/\/ambar.com\/tienda\/wp-content\/uploads\/2023\/09\/Botella-Ambar-Especial-Edicion-Ascenso-Alaves.png","contentUrl":"https:\/\/ambar.com\/tienda\/wp-content\/uploads\/2023\/09\/Botella-Ambar-Especial-Edicion-Ascenso-Alaves.png","width":500,"height":500},{"@type":"WebSite","@id":"https:\/\/ambar.com\/tienda\/#website","url":"https:\/\/ambar.com\/tienda\/","name":"Tienda de cervezas online","description":"Nuestra tienda de cervezas Ambar ofrece diferentes packs cerveceros con la comodidad de ser una tienda de cervezas online. Compra cerveza online con un solo clic.","publisher":{"@id":"https:\/\/ambar.com\/tienda\/#organization"},"potentialAction":[{"@type":"SearchAction","target":{"@type":"EntryPoint","urlTemplate":"https:\/\/ambar.com\/tienda\/?s={search_term_string}"},"query-input":{"@type":"PropertyValueSpecification","valueRequired":true,"valueName":"search_term_string"}}],"inLanguage":"es"},{"@type":"Organization","@id":"https:\/\/ambar.com\/tienda\/#organization","name":"Ambar","url":"https:\/\/ambar.com\/tienda\/","logo":{"@type":"ImageObject","inLanguage":"es","@id":"https:\/\/ambar.com\/tienda\/#\/schema\/logo\/image\/","url":"https:\/\/ambar.com\/tienda\/wp-content\/uploads\/2023\/01\/ambar-logo-red.png","contentUrl":"https:\/\/ambar.com\/tienda\/wp-content\/uploads\/2023\/01\/ambar-logo-red.png","width":660,"height":116,"caption":"Ambar"},"image":{"@id":"https:\/\/ambar.com\/tienda\/#\/schema\/logo\/image\/"},"sameAs":["https:\/\/www.facebook.com\/cervezasambar","https:\/\/x.com\/cervezasambar","https:\/\/www.instagram.com\/cervezasambar\/"]}]}},"_links":{"self":[{"href":"https:\/\/ambar.com\/tienda\/wp-json\/wp\/v2\/product\/94250","targetHints":{"allow":["GET"]}}],"collection":[{"href":"https:\/\/ambar.com\/tienda\/wp-json\/wp\/v2\/product"}],"about":[{"href":"https:\/\/ambar.com\/tienda\/wp-json\/wp\/v2\/types\/product"}],"version-history":[{"count":3,"href":"https:\/\/ambar.com\/tienda\/wp-json\/wp\/v2\/product\/94250\/revisions"}],"predecessor-version":[{"id":121296,"href":"https:\/\/ambar.com\/tienda\/wp-json\/wp\/v2\/product\/94250\/revisions\/121296"}],"wp:featuredmedia":[{"embeddable":true,"href":"https:\/\/ambar.com\/tienda\/wp-json\/wp\/v2\/media\/94251"}],"wp:attachment":[{"href":"https:\/\/ambar.com\/tienda\/wp-json\/wp\/v2\/media?parent=94250"}],"wp:term":[{"taxonomy":"product_brand","embeddable":true,"href":"https:\/\/ambar.com\/tienda\/wp-json\/wp\/v2\/product_brand?post=94250"},{"taxonomy":"product_cat","embeddable":true,"href":"https:\/\/ambar.com\/tienda\/wp-json\/wp\/v2\/product_cat?post=94250"},{"taxonomy":"product_tag","embeddable":true,"href":"https:\/\/ambar.com\/tienda\/wp-json\/wp\/v2\/product_tag?post=94250"}],"curies":[{"name":"wp","href":"https:\/\/api.w.org\/{rel}","templated":true}]}}