{"id":8128,"date":"2022-10-03T13:48:03","date_gmt":"2022-10-03T11:48:03","guid":{"rendered":"https:\/\/ambar.com\/tienda\/?post_type=product&#038;p=8128\/"},"modified":"2026-04-23T19:47:50","modified_gmt":"2026-04-23T17:47:50","slug":"no-te-rayes-que-son-pilares","status":"publish","type":"product","link":"https:\/\/ambar.com\/tienda\/producto\/no-te-rayes-que-son-pilares\/","title":{"rendered":"Camiseta \u00abNo te rayes que son Pilares\u00bb"},"content":{"rendered":"<p>[et_pb_section fb_built=\u00bb1&#8243; admin_label=\u00bbInfo\u00bb module_class=\u00bbimage-description viewport-section\u00bb _builder_version=\u00bb4.19.4&#8243; _module_preset=\u00bbdefault\u00bb width=\u00bb100%\u00bb max_width=\u00bb100%\u00bb da_disable_devices=\u00bboff|off|off\u00bb collapsed=\u00bboff\u00bb global_colors_info=\u00bb{}\u00bb da_is_popup=\u00bboff\u00bb da_exit_intent=\u00bboff\u00bb da_has_close=\u00bbon\u00bb da_alt_close=\u00bboff\u00bb da_dark_close=\u00bboff\u00bb da_not_modal=\u00bbon\u00bb da_is_singular=\u00bboff\u00bb da_with_loader=\u00bboff\u00bb da_has_shadow=\u00bbon\u00bb][et_pb_row column_structure=\u00bb1_2,1_2&#8243; _builder_version=\u00bb4.19.4&#8243; background_size=\u00bbinitial\u00bb background_position=\u00bbtop_left\u00bb background_repeat=\u00bbrepeat\u00bb width=\u00bb100%\u00bb custom_padding=\u00bb0px||||false|false\u00bb global_colors_info=\u00bb{}\u00bb][et_pb_column type=\u00bb1_2&#8243; module_class=\u00bbleft-column\u00bb _builder_version=\u00bb4.19.4&#8243; custom_padding=\u00bb|||\u00bb global_colors_info=\u00bb{}\u00bb custom_padding__hover=\u00bb|||\u00bb][et_pb_wc_images _builder_version=\u00bb4.19.4&#8243; _module_preset=\u00bbdefault\u00bb global_colors_info=\u00bb{}\u00bb][\/et_pb_wc_images][\/et_pb_column][et_pb_column type=\u00bb1_2&#8243; _builder_version=\u00bb4.16&#8243; custom_padding=\u00bb|||\u00bb global_colors_info=\u00bb{}\u00bb custom_padding__hover=\u00bb|||\u00bb][et_pb_wc_title module_class=\u00bbheading black\u00bb _builder_version=\u00bb4.19.4&#8243; global_colors_info=\u00bb{}\u00bb][\/et_pb_wc_title][et_pb_wc_description module_class=\u00bbdescription-block description-short black\u00bb _builder_version=\u00bb4.19.4&#8243; global_colors_info=\u00bb{}\u00bb][\/et_pb_wc_description][et_pb_wc_price module_class=\u00bbdescription-block black price-block\u00bb _builder_version=\u00bb4.19.4&#8243; global_colors_info=\u00bb{}\u00bb][\/et_pb_wc_price][et_pb_wc_add_to_cart _builder_version=\u00bb4.16&#8243; global_colors_info=\u00bb{}\u00bb][\/et_pb_wc_add_to_cart][et_pb_text module_class=\u00bbpayment-block\u00bb _builder_version=\u00bb4.19.4&#8243; _module_preset=\u00bbdefault\u00bb global_colors_info=\u00bb{}\u00bb]<\/p>\n<ul>\n<li><img decoding=\"async\" class=\"icon\" src=\"https:\/\/ambar.com\/tienda\/wp-content\/uploads\/2023\/03\/icono-reloj-black.png\" \/>Entrega en 72 horas<\/li>\n<li><img decoding=\"async\" class=\"icon\" src=\"https:\/\/ambar.com\/tienda\/wp-content\/uploads\/2023\/03\/icono-camion-black.png\" \/>Env\u00edo gratuito por compras superiores a 50\u20ac<\/li>\n<li><img decoding=\"async\" class=\"icon\" src=\"https:\/\/ambar.com\/tienda\/wp-content\/uploads\/2023\/03\/icono-caja-black.png\" \/>5\u20ac de gastos de env\u00edo para compras inferiores a 50\u20ac<\/li>\n<li><img decoding=\"async\" class=\"icon\" src=\"https:\/\/ambar.com\/tienda\/wp-content\/uploads\/2023\/03\/icono-tarjeta-black.png\" \/>Pagos aceptados <img decoding=\"async\" class=\"payment\" src=\"https:\/\/ambar.com\/tienda\/wp-content\/uploads\/2023\/03\/ambar-payment-methods-1024x113-1.png\" \/><\/li>\n<\/ul>\n<p>[\/et_pb_text][\/et_pb_column][\/et_pb_row][\/et_pb_section][et_pb_section fb_built=\u00bb1&#8243; disabled_on=\u00bbon|on|on\u00bb admin_label=\u00bbSecci\u00f3n\u00bb module_id=\u00bbdescripcion-cerveza\u00bb module_class=\u00bbviewport-section height-eighty half-image\u00bb _builder_version=\u00bb4.19.4&#8243; _module_preset=\u00bbdefault\u00bb background_color=\u00bb#f2f2f2&#8243; da_disable_devices=\u00bboff|off|off\u00bb disabled=\u00bbon\u00bb global_colors_info=\u00bb{}\u00bb da_is_popup=\u00bboff\u00bb da_exit_intent=\u00bboff\u00bb da_has_close=\u00bbon\u00bb da_alt_close=\u00bboff\u00bb da_dark_close=\u00bboff\u00bb da_not_modal=\u00bbon\u00bb da_is_singular=\u00bboff\u00bb da_with_loader=\u00bboff\u00bb da_has_shadow=\u00bbon\u00bb][et_pb_row column_structure=\u00bb1_2,1_2&#8243; use_custom_gutter=\u00bbon\u00bb gutter_width=\u00bb1&#8243; make_equal=\u00bbon\u00bb _builder_version=\u00bb4.19.4&#8243; _module_preset=\u00bbdefault\u00bb width=\u00bb100%\u00bb max_width=\u00bb2560px\u00bb global_colors_info=\u00bb{}\u00bb][et_pb_column type=\u00bb1_2&#8243; module_class=\u00bbleft-column\u00bb _builder_version=\u00bb4.19.4&#8243; _module_preset=\u00bbdefault\u00bb background_enable_color=\u00bboff\u00bb global_colors_info=\u00bb{}\u00bb][et_pb_text module_class=\u00bbheading\u00bb _builder_version=\u00bb4.19.4&#8243; _module_preset=\u00bbdefault\u00bb global_colors_info=\u00bb{}\u00bb]<\/p>\n<h3>Rompe los c\u00e1nones de lo que se espera de una cerveza ALE<\/h3>\n<p>[\/et_pb_text][et_pb_text module_class=\u00bbdescription-block\u00bb _builder_version=\u00bb4.19.4&#8243; _module_preset=\u00bbdefault\u00bb global_colors_info=\u00bb{}\u00bb]<\/p>\n<p>Ambar 1900 rompe los c\u00e1nones de lo que se espera de una cerveza ale. Re\u00fane todos los matices arom\u00e1ticos que se encuentran tras el proceso de fermentaci\u00f3n a alta temperatura pero con un cuerpo ligero, un color p\u00e1lido y una burbuja extra fina.<\/p>\n<p>De moderado amargor, resulta muy suave al paladar y llena de frutas frescas y malta reci\u00e9n horneada. As\u00ed, 1900 es una cerveza sofisticada, sutil y llena de matices. Fue una de las primeras ales de Espa\u00f1a y se concibi\u00f3 como una cerveza de temporada, pero una clientela realmente persuasiva nos oblig\u00f3 a buscarle un hueco destacado en el portfolio.<\/p>\n<p>[\/et_pb_text][et_pb_text module_class=\u00bbinfo-descripcion-cerveza first\u00bb _builder_version=\u00bb4.19.4&#8243; _module_preset=\u00bbdefault\u00bb global_colors_info=\u00bb{}\u00bb]<\/p>\n<p>Grado de alcohol <strong>4,8% <sup>Vol.<\/sup><\/strong><\/p>\n<p>[\/et_pb_text][et_pb_text module_class=\u00bbinfo-descripcion-cerveza\u00bb _builder_version=\u00bb4.19.4&#8243; _module_preset=\u00bbdefault\u00bb global_colors_info=\u00bb{}\u00bb]<\/p>\n<p>Amargor <strong>20 <sup>IBU<\/sup><\/strong><\/p>\n<p>[\/et_pb_text][\/et_pb_column][et_pb_column type=\u00bb1_2&#8243; module_class=\u00bbright-column\u00bb _builder_version=\u00bb4.19.4&#8243; _module_preset=\u00bbdefault\u00bb background_image=\u00bbhttps:\/\/ambarshop.demohiberus.com\/wp-content\/uploads\/2023\/01\/a.png\u00bb global_colors_info=\u00bb{}\u00bb][\/et_pb_column][\/et_pb_row][\/et_pb_section][et_pb_section fb_built=\u00bb1&#8243; module_class=\u00bbwoo-related-products\u00bb _builder_version=\u00bb4.19.4&#8243; _module_preset=\u00bbdefault\u00bb da_disable_devices=\u00bboff|off|off\u00bb collapsed=\u00bboff\u00bb global_colors_info=\u00bb{}\u00bb da_is_popup=\u00bboff\u00bb da_exit_intent=\u00bboff\u00bb da_has_close=\u00bbon\u00bb da_alt_close=\u00bboff\u00bb da_dark_close=\u00bboff\u00bb da_not_modal=\u00bbon\u00bb da_is_singular=\u00bboff\u00bb da_with_loader=\u00bboff\u00bb da_has_shadow=\u00bbon\u00bb][et_pb_row module_class=\u00bbwidth_1280&#8243; _builder_version=\u00bb4.19.4&#8243; background_size=\u00bbinitial\u00bb background_position=\u00bbtop_left\u00bb background_repeat=\u00bbrepeat\u00bb width=\u00bb100%\u00bb global_colors_info=\u00bb{}\u00bb][et_pb_column type=\u00bb4_4&#8243; _builder_version=\u00bb4.16&#8243; custom_padding=\u00bb|||\u00bb global_colors_info=\u00bb{}\u00bb custom_padding__hover=\u00bb|||\u00bb][et_pb_text module_class=\u00bbblock-title\u00bb _builder_version=\u00bb4.19.4&#8243; _module_preset=\u00bbdefault\u00bb global_colors_info=\u00bb{}\u00bb]<\/p>\n<p>GADGETS CERVECEROS<\/p>\n<h2>Productos relacionados<\/h2>\n<p>[\/et_pb_text][et_pb_wc_related_products posts_number=\u00bb4&#8243; columns_number=\u00bb4&#8243; include_categories=\u00bb80&#8243; admin_label=\u00bbWoo Productos relacionados\u00bb _builder_version=\u00bb4.19.4&#8243; _dynamic_attributes=\u00bblink_option_url\u00bb link_option_url=\u00bb@ET-DC@eyJkeW5hbWljIjp0cnVlLCJjb250ZW50IjoicG9zdF9saW5rX3VybCIsInNldHRpbmdzIjp7fX0=@\u00bb global_colors_info=\u00bb{}\u00bb][\/et_pb_wc_related_products][\/et_pb_column][\/et_pb_row][\/et_pb_section]<\/p>\n","protected":false},"excerpt":{"rendered":"<p><strong>Camiseta Edici\u00f3n limitada Pilar 2024 (unidades limitadas). Este producto se empieza a enviar a partir del 26\/09\/24.<\/strong><\/p>\n<p><span style=\"color: #000000;\">Ya lo dicen, \u201cpa\u00b4l Pilar sale lo mejor\u201d y nosotros queremos celebrarlo brindando por nuestra tierra, su gente y sus fiestas. As\u00ed que, calentando motores y \u00a1no te rayes que (casi) son Pilares!<\/span><\/p>\n<p>(*Dibujo camiseta en la espalda)<\/p>\n<p><a href=\"https:\/\/ambar.com\/tienda\/wp-content\/uploads\/2024\/09\/MEDIDAS-CAMISETA-NO-TE-RAYES-QUE-SON-PILARES.pdf\"><strong>Comprueba tu talla aqu\u00ed.<\/strong><\/a><\/p>\n<p><strong>Gastos de env\u00edo reducidos: 3,5\u20ac. Por compras &gt;50\u20ac, gastos de env\u00edo gratuitos.<\/strong><\/p>\n","protected":false},"featured_media":94681,"template":"","meta":{"_acf_changed":false,"_et_pb_use_builder":"on","_et_pb_old_content":"No","_et_gb_content_width":"","footnotes":""},"product_brand":[],"product_cat":[80],"product_tag":[127],"class_list":{"0":"post-8128","1":"product","2":"type-product","3":"status-publish","4":"has-post-thumbnail","6":"product_cat-gadgets-cerveceros","7":"product_tag-gadgets","8":"product_shipping_class-envio-merchan","10":"first","11":"instock","12":"shipping-taxable","13":"purchasable","14":"product-type-variable"},"acf":[],"yoast_head":"<!-- This site is optimized with the Yoast SEO plugin v27.3 - https:\/\/yoast.com\/product\/yoast-seo-wordpress\/ -->\n<title>Camiseta &quot;No te rayes que son Pilares&quot; | Cervezas Ambar<\/title>\n<meta name=\"description\" content=\"Camiseta edicici\u00f3n limitada de &quot;No te rayes que son Pilares&quot;. Los Pilares ya est\u00e1n aqu\u00ed y queremos celebrarlo brindando por nuestras fiestas.\" \/>\n<meta name=\"robots\" content=\"index, follow, max-snippet:-1, max-image-preview:large, max-video-preview:-1\" \/>\n<link rel=\"canonical\" href=\"https:\/\/ambar.com\/tienda\/producto\/no-te-rayes-que-son-pilares\/\" \/>\n<meta property=\"og:locale\" content=\"es_ES\" \/>\n<meta property=\"og:type\" content=\"article\" \/>\n<meta property=\"og:title\" content=\"Camiseta &quot;No te rayes que son Pilares&quot; | Cervezas Ambar\" \/>\n<meta property=\"og:description\" content=\"Camiseta edicici\u00f3n limitada de &quot;No te rayes que son Pilares&quot;. Los Pilares ya est\u00e1n aqu\u00ed y queremos celebrarlo brindando por nuestras fiestas.\" \/>\n<meta property=\"og:url\" content=\"https:\/\/ambar.com\/tienda\/producto\/no-te-rayes-que-son-pilares\/\" \/>\n<meta property=\"og:site_name\" content=\"Tienda de cervezas online\" \/>\n<meta property=\"article:publisher\" content=\"https:\/\/www.facebook.com\/cervezasambar\" \/>\n<meta property=\"article:modified_time\" content=\"2026-04-23T17:47:50+00:00\" \/>\n<meta property=\"og:image\" content=\"https:\/\/ambar.com\/tienda\/wp-content\/uploads\/2022\/10\/WhatsApp-Image-2023-09-25-at-09.50.46.jpeg\" \/>\n\t<meta property=\"og:image:width\" content=\"1200\" \/>\n\t<meta property=\"og:image:height\" content=\"1600\" \/>\n\t<meta property=\"og:image:type\" content=\"image\/jpeg\" \/>\n<meta name=\"twitter:card\" content=\"summary_large_image\" \/>\n<meta name=\"twitter:site\" content=\"@cervezasambar\" \/>\n<meta name=\"twitter:label1\" content=\"Est. reading time\" \/>\n\t<meta name=\"twitter:data1\" content=\"3 minutos\" \/>\n<script type=\"application\/ld+json\" class=\"yoast-schema-graph\">{\"@context\":\"https:\\\/\\\/schema.org\",\"@graph\":[{\"@type\":\"WebPage\",\"@id\":\"https:\\\/\\\/ambar.com\\\/tienda\\\/producto\\\/no-te-rayes-que-son-pilares\\\/\",\"url\":\"https:\\\/\\\/ambar.com\\\/tienda\\\/producto\\\/no-te-rayes-que-son-pilares\\\/\",\"name\":\"Camiseta \\\"No te rayes que son Pilares\\\" | Cervezas Ambar\",\"isPartOf\":{\"@id\":\"https:\\\/\\\/ambar.com\\\/tienda\\\/#website\"},\"primaryImageOfPage\":{\"@id\":\"https:\\\/\\\/ambar.com\\\/tienda\\\/producto\\\/no-te-rayes-que-son-pilares\\\/#primaryimage\"},\"image\":{\"@id\":\"https:\\\/\\\/ambar.com\\\/tienda\\\/producto\\\/no-te-rayes-que-son-pilares\\\/#primaryimage\"},\"thumbnailUrl\":\"https:\\\/\\\/ambar.com\\\/tienda\\\/wp-content\\\/uploads\\\/2022\\\/10\\\/WhatsApp-Image-2023-09-25-at-09.50.46.jpeg\",\"datePublished\":\"2022-10-03T11:48:03+00:00\",\"dateModified\":\"2026-04-23T17:47:50+00:00\",\"description\":\"Camiseta edicici\u00f3n limitada de \\\"No te rayes que son Pilares\\\". Los Pilares ya est\u00e1n aqu\u00ed y queremos celebrarlo brindando por nuestras fiestas.\",\"inLanguage\":\"es\",\"potentialAction\":[{\"@type\":\"ReadAction\",\"target\":[\"https:\\\/\\\/ambar.com\\\/tienda\\\/producto\\\/no-te-rayes-que-son-pilares\\\/\"]}]},{\"@type\":\"ImageObject\",\"inLanguage\":\"es\",\"@id\":\"https:\\\/\\\/ambar.com\\\/tienda\\\/producto\\\/no-te-rayes-que-son-pilares\\\/#primaryimage\",\"url\":\"https:\\\/\\\/ambar.com\\\/tienda\\\/wp-content\\\/uploads\\\/2022\\\/10\\\/WhatsApp-Image-2023-09-25-at-09.50.46.jpeg\",\"contentUrl\":\"https:\\\/\\\/ambar.com\\\/tienda\\\/wp-content\\\/uploads\\\/2022\\\/10\\\/WhatsApp-Image-2023-09-25-at-09.50.46.jpeg\",\"width\":1200,\"height\":1600},{\"@type\":\"WebSite\",\"@id\":\"https:\\\/\\\/ambar.com\\\/tienda\\\/#website\",\"url\":\"https:\\\/\\\/ambar.com\\\/tienda\\\/\",\"name\":\"Tienda de cervezas online\",\"description\":\"Nuestra tienda de cervezas Ambar ofrece diferentes packs cerveceros con la comodidad de ser una tienda de cervezas online. Compra cerveza online con un solo clic.\",\"publisher\":{\"@id\":\"https:\\\/\\\/ambar.com\\\/tienda\\\/#organization\"},\"potentialAction\":[{\"@type\":\"SearchAction\",\"target\":{\"@type\":\"EntryPoint\",\"urlTemplate\":\"https:\\\/\\\/ambar.com\\\/tienda\\\/?s={search_term_string}\"},\"query-input\":{\"@type\":\"PropertyValueSpecification\",\"valueRequired\":true,\"valueName\":\"search_term_string\"}}],\"inLanguage\":\"es\"},{\"@type\":\"Organization\",\"@id\":\"https:\\\/\\\/ambar.com\\\/tienda\\\/#organization\",\"name\":\"Ambar\",\"url\":\"https:\\\/\\\/ambar.com\\\/tienda\\\/\",\"logo\":{\"@type\":\"ImageObject\",\"inLanguage\":\"es\",\"@id\":\"https:\\\/\\\/ambar.com\\\/tienda\\\/#\\\/schema\\\/logo\\\/image\\\/\",\"url\":\"https:\\\/\\\/ambar.com\\\/tienda\\\/wp-content\\\/uploads\\\/2023\\\/01\\\/ambar-logo-red.png\",\"contentUrl\":\"https:\\\/\\\/ambar.com\\\/tienda\\\/wp-content\\\/uploads\\\/2023\\\/01\\\/ambar-logo-red.png\",\"width\":660,\"height\":116,\"caption\":\"Ambar\"},\"image\":{\"@id\":\"https:\\\/\\\/ambar.com\\\/tienda\\\/#\\\/schema\\\/logo\\\/image\\\/\"},\"sameAs\":[\"https:\\\/\\\/www.facebook.com\\\/cervezasambar\",\"https:\\\/\\\/x.com\\\/cervezasambar\",\"https:\\\/\\\/www.instagram.com\\\/cervezasambar\\\/\"]}]}<\/script>\n<!-- \/ Yoast SEO plugin. -->","yoast_head_json":{"title":"Camiseta \"No te rayes que son Pilares\" | Cervezas Ambar","description":"Camiseta edicici\u00f3n limitada de \"No te rayes que son Pilares\". Los Pilares ya est\u00e1n aqu\u00ed y queremos celebrarlo brindando por nuestras fiestas.","robots":{"index":"index","follow":"follow","max-snippet":"max-snippet:-1","max-image-preview":"max-image-preview:large","max-video-preview":"max-video-preview:-1"},"canonical":"https:\/\/ambar.com\/tienda\/producto\/no-te-rayes-que-son-pilares\/","og_locale":"es_ES","og_type":"article","og_title":"Camiseta \"No te rayes que son Pilares\" | Cervezas Ambar","og_description":"Camiseta edicici\u00f3n limitada de \"No te rayes que son Pilares\". Los Pilares ya est\u00e1n aqu\u00ed y queremos celebrarlo brindando por nuestras fiestas.","og_url":"https:\/\/ambar.com\/tienda\/producto\/no-te-rayes-que-son-pilares\/","og_site_name":"Tienda de cervezas online","article_publisher":"https:\/\/www.facebook.com\/cervezasambar","article_modified_time":"2026-04-23T17:47:50+00:00","og_image":[{"width":1200,"height":1600,"url":"https:\/\/ambar.com\/tienda\/wp-content\/uploads\/2022\/10\/WhatsApp-Image-2023-09-25-at-09.50.46.jpeg","type":"image\/jpeg"}],"twitter_card":"summary_large_image","twitter_site":"@cervezasambar","twitter_misc":{"Est. reading time":"3 minutos"},"schema":{"@context":"https:\/\/schema.org","@graph":[{"@type":"WebPage","@id":"https:\/\/ambar.com\/tienda\/producto\/no-te-rayes-que-son-pilares\/","url":"https:\/\/ambar.com\/tienda\/producto\/no-te-rayes-que-son-pilares\/","name":"Camiseta \"No te rayes que son Pilares\" | Cervezas Ambar","isPartOf":{"@id":"https:\/\/ambar.com\/tienda\/#website"},"primaryImageOfPage":{"@id":"https:\/\/ambar.com\/tienda\/producto\/no-te-rayes-que-son-pilares\/#primaryimage"},"image":{"@id":"https:\/\/ambar.com\/tienda\/producto\/no-te-rayes-que-son-pilares\/#primaryimage"},"thumbnailUrl":"https:\/\/ambar.com\/tienda\/wp-content\/uploads\/2022\/10\/WhatsApp-Image-2023-09-25-at-09.50.46.jpeg","datePublished":"2022-10-03T11:48:03+00:00","dateModified":"2026-04-23T17:47:50+00:00","description":"Camiseta edicici\u00f3n limitada de \"No te rayes que son Pilares\". Los Pilares ya est\u00e1n aqu\u00ed y queremos celebrarlo brindando por nuestras fiestas.","inLanguage":"es","potentialAction":[{"@type":"ReadAction","target":["https:\/\/ambar.com\/tienda\/producto\/no-te-rayes-que-son-pilares\/"]}]},{"@type":"ImageObject","inLanguage":"es","@id":"https:\/\/ambar.com\/tienda\/producto\/no-te-rayes-que-son-pilares\/#primaryimage","url":"https:\/\/ambar.com\/tienda\/wp-content\/uploads\/2022\/10\/WhatsApp-Image-2023-09-25-at-09.50.46.jpeg","contentUrl":"https:\/\/ambar.com\/tienda\/wp-content\/uploads\/2022\/10\/WhatsApp-Image-2023-09-25-at-09.50.46.jpeg","width":1200,"height":1600},{"@type":"WebSite","@id":"https:\/\/ambar.com\/tienda\/#website","url":"https:\/\/ambar.com\/tienda\/","name":"Tienda de cervezas online","description":"Nuestra tienda de cervezas Ambar ofrece diferentes packs cerveceros con la comodidad de ser una tienda de cervezas online. Compra cerveza online con un solo clic.","publisher":{"@id":"https:\/\/ambar.com\/tienda\/#organization"},"potentialAction":[{"@type":"SearchAction","target":{"@type":"EntryPoint","urlTemplate":"https:\/\/ambar.com\/tienda\/?s={search_term_string}"},"query-input":{"@type":"PropertyValueSpecification","valueRequired":true,"valueName":"search_term_string"}}],"inLanguage":"es"},{"@type":"Organization","@id":"https:\/\/ambar.com\/tienda\/#organization","name":"Ambar","url":"https:\/\/ambar.com\/tienda\/","logo":{"@type":"ImageObject","inLanguage":"es","@id":"https:\/\/ambar.com\/tienda\/#\/schema\/logo\/image\/","url":"https:\/\/ambar.com\/tienda\/wp-content\/uploads\/2023\/01\/ambar-logo-red.png","contentUrl":"https:\/\/ambar.com\/tienda\/wp-content\/uploads\/2023\/01\/ambar-logo-red.png","width":660,"height":116,"caption":"Ambar"},"image":{"@id":"https:\/\/ambar.com\/tienda\/#\/schema\/logo\/image\/"},"sameAs":["https:\/\/www.facebook.com\/cervezasambar","https:\/\/x.com\/cervezasambar","https:\/\/www.instagram.com\/cervezasambar\/"]}]}},"_links":{"self":[{"href":"https:\/\/ambar.com\/tienda\/wp-json\/wp\/v2\/product\/8128","targetHints":{"allow":["GET"]}}],"collection":[{"href":"https:\/\/ambar.com\/tienda\/wp-json\/wp\/v2\/product"}],"about":[{"href":"https:\/\/ambar.com\/tienda\/wp-json\/wp\/v2\/types\/product"}],"version-history":[{"count":9,"href":"https:\/\/ambar.com\/tienda\/wp-json\/wp\/v2\/product\/8128\/revisions"}],"predecessor-version":[{"id":166331,"href":"https:\/\/ambar.com\/tienda\/wp-json\/wp\/v2\/product\/8128\/revisions\/166331"}],"wp:featuredmedia":[{"embeddable":true,"href":"https:\/\/ambar.com\/tienda\/wp-json\/wp\/v2\/media\/94681"}],"wp:attachment":[{"href":"https:\/\/ambar.com\/tienda\/wp-json\/wp\/v2\/media?parent=8128"}],"wp:term":[{"taxonomy":"product_brand","embeddable":true,"href":"https:\/\/ambar.com\/tienda\/wp-json\/wp\/v2\/product_brand?post=8128"},{"taxonomy":"product_cat","embeddable":true,"href":"https:\/\/ambar.com\/tienda\/wp-json\/wp\/v2\/product_cat?post=8128"},{"taxonomy":"product_tag","embeddable":true,"href":"https:\/\/ambar.com\/tienda\/wp-json\/wp\/v2\/product_tag?post=8128"}],"curies":[{"name":"wp","href":"https:\/\/api.w.org\/{rel}","templated":true}]}}