{"id":176132,"date":"2026-04-17T14:04:49","date_gmt":"2026-04-17T12:04:49","guid":{"rendered":"https:\/\/ambar.com\/tienda\/?post_type=product&#038;p=176132"},"modified":"2026-04-24T19:02:32","modified_gmt":"2026-04-24T17:02:32","slug":"pack-6-botellas-si-soy-de-aragon","status":"publish","type":"product","link":"https:\/\/ambar.com\/tienda\/producto\/pack-6-botellas-si-soy-de-aragon\/","title":{"rendered":"Pack 6 botellas \u00abS\u00ed, soy de Arag\u00f3n\u00bb"},"content":{"rendered":"<p>[et_pb_section fb_built=\u00bb1&#8243; admin_label=\u00bbInfo\u00bb module_class=\u00bbimage-description viewport-section\u00bb _builder_version=\u00bb4.19.4&#8243; _module_preset=\u00bbdefault\u00bb width=\u00bb100%\u00bb max_width=\u00bb100%\u00bb da_disable_devices=\u00bboff|off|off\u00bb collapsed=\u00bboff\u00bb global_colors_info=\u00bb{}\u00bb da_is_popup=\u00bboff\u00bb da_exit_intent=\u00bboff\u00bb da_has_close=\u00bbon\u00bb da_alt_close=\u00bboff\u00bb da_dark_close=\u00bboff\u00bb da_not_modal=\u00bbon\u00bb da_is_singular=\u00bboff\u00bb da_with_loader=\u00bboff\u00bb da_has_shadow=\u00bbon\u00bb][et_pb_row column_structure=\u00bb1_2,1_2&#8243; _builder_version=\u00bb4.19.4&#8243; background_size=\u00bbinitial\u00bb background_position=\u00bbtop_left\u00bb background_repeat=\u00bbrepeat\u00bb width=\u00bb100%\u00bb custom_padding=\u00bb0px||||false|false\u00bb global_colors_info=\u00bb{}\u00bb][et_pb_column type=\u00bb1_2&#8243; module_class=\u00bbleft-column\u00bb _builder_version=\u00bb4.19.4&#8243; custom_padding=\u00bb|||\u00bb global_colors_info=\u00bb{}\u00bb custom_padding__hover=\u00bb|||\u00bb][et_pb_wc_images _builder_version=\u00bb4.19.4&#8243; _module_preset=\u00bbdefault\u00bb global_colors_info=\u00bb{}\u00bb][\/et_pb_wc_images][\/et_pb_column][et_pb_column type=\u00bb1_2&#8243; _builder_version=\u00bb4.16&#8243; custom_padding=\u00bb|||\u00bb global_colors_info=\u00bb{}\u00bb custom_padding__hover=\u00bb|||\u00bb][et_pb_wc_title module_class=\u00bbheading black\u00bb _builder_version=\u00bb4.21.0&#8243; global_colors_info=\u00bb{}\u00bb][\/et_pb_wc_title][et_pb_wc_description module_class=\u00bbdescription-block description-short black\u00bb _builder_version=\u00bb4.21.0&#8243; global_colors_info=\u00bb{}\u00bb][\/et_pb_wc_description][et_pb_wc_price module_class=\u00bbdescription-block black price-block\u00bb _builder_version=\u00bb4.21.0&#8243; global_colors_info=\u00bb{}\u00bb][\/et_pb_wc_price][et_pb_wc_add_to_cart _builder_version=\u00bb4.21.0&#8243; global_colors_info=\u00bb{}\u00bb][\/et_pb_wc_add_to_cart][et_pb_text module_class=\u00bbpayment-block\u00bb _builder_version=\u00bb4.21.0&#8243; _module_preset=\u00bbdefault\u00bb global_colors_info=\u00bb{}\u00bb]<\/p>\n<ul>\n<li><img decoding=\"async\" class=\"icon\" src=\"https:\/\/ambar.com\/tienda\/wp-content\/uploads\/2023\/03\/icono-reloj-black.png\" \/>Entrega en 72 horas<\/li>\n<li><img decoding=\"async\" class=\"icon\" src=\"https:\/\/ambar.com\/tienda\/wp-content\/uploads\/2023\/03\/icono-camion-black.png\" \/>Env\u00edo gratuito por compras superiores a 50\u20ac<\/li>\n<li><img decoding=\"async\" class=\"icon\" src=\"https:\/\/ambar.com\/tienda\/wp-content\/uploads\/2023\/03\/icono-caja-black.png\" \/>5\u20ac de gastos de env\u00edo para compras inferiores a 50\u20ac<\/li>\n<li><img decoding=\"async\" class=\"icon\" src=\"https:\/\/ambar.com\/tienda\/wp-content\/uploads\/2023\/03\/icono-tarjeta-black.png\" \/>Pagos aceptados <img decoding=\"async\" class=\"payment\" src=\"https:\/\/ambar.com\/tienda\/wp-content\/uploads\/2023\/03\/ambar-payment-methods-1024x113-1.png\" \/><\/li>\n<\/ul>\n<p>[\/et_pb_text][\/et_pb_column][\/et_pb_row][\/et_pb_section][et_pb_section fb_built=\u00bb1&#8243; disabled_on=\u00bbon|on|on\u00bb admin_label=\u00bbSecci\u00f3n\u00bb module_id=\u00bbdescripcion-cerveza\u00bb module_class=\u00bbviewport-section height-eighty half-image\u00bb _builder_version=\u00bb4.19.4&#8243; _module_preset=\u00bbdefault\u00bb background_color=\u00bb#f2f2f2&#8243; da_disable_devices=\u00bboff|off|off\u00bb disabled=\u00bbon\u00bb global_colors_info=\u00bb{}\u00bb da_is_popup=\u00bboff\u00bb da_exit_intent=\u00bboff\u00bb da_has_close=\u00bbon\u00bb da_alt_close=\u00bboff\u00bb da_dark_close=\u00bboff\u00bb da_not_modal=\u00bbon\u00bb da_is_singular=\u00bboff\u00bb da_with_loader=\u00bboff\u00bb da_has_shadow=\u00bbon\u00bb][et_pb_row column_structure=\u00bb1_2,1_2&#8243; use_custom_gutter=\u00bbon\u00bb gutter_width=\u00bb1&#8243; make_equal=\u00bbon\u00bb _builder_version=\u00bb4.19.4&#8243; _module_preset=\u00bbdefault\u00bb width=\u00bb100%\u00bb max_width=\u00bb2560px\u00bb global_colors_info=\u00bb{}\u00bb][et_pb_column type=\u00bb1_2&#8243; module_class=\u00bbleft-column\u00bb _builder_version=\u00bb4.19.4&#8243; _module_preset=\u00bbdefault\u00bb background_enable_color=\u00bboff\u00bb global_colors_info=\u00bb{}\u00bb][et_pb_text module_class=\u00bbheading\u00bb _builder_version=\u00bb4.19.4&#8243; _module_preset=\u00bbdefault\u00bb global_colors_info=\u00bb{}\u00bb]<\/p>\n<h3>Rompe los c\u00e1nones de lo que se espera de una cerveza ALE<\/h3>\n<p>[\/et_pb_text][et_pb_text module_class=\u00bbdescription-block\u00bb _builder_version=\u00bb4.21.0&#8243; _module_preset=\u00bbdefault\u00bb global_colors_info=\u00bb{}\u00bb]Ambar 1900 rompe los c\u00e1nones de lo que se espera de una cerveza ale. Re\u00fane todos los matices arom\u00e1ticos que se encuentran tras el proceso de fermentaci\u00f3n a alta temperatura pero con un cuerpo ligero, un color p\u00e1lido y una burbuja extra fina.<\/p>\n<p>De moderado amargor, resulta muy suave al paladar y llena de frutas frescas y malta reci\u00e9n horneada. As\u00ed, 1900 es una cerveza sofisticada, sutil y llena de matices. Fue una de las primeras ales de Espa\u00f1a y se concibi\u00f3 como una cerveza de temporada, pero una clientela realmente persuasiva nos oblig\u00f3 a buscarle un hueco destacado en el portfolio.[\/et_pb_text][et_pb_text module_class=\u00bbinfo-descripcion-cerveza first\u00bb _builder_version=\u00bb4.19.4&#8243; _module_preset=\u00bbdefault\u00bb global_colors_info=\u00bb{}\u00bb]Grado de alcohol <strong>4,8% <sup>Vol.<\/sup><\/strong>[\/et_pb_text][et_pb_text module_class=\u00bbinfo-descripcion-cerveza\u00bb _builder_version=\u00bb4.19.4&#8243; _module_preset=\u00bbdefault\u00bb global_colors_info=\u00bb{}\u00bb]Amargor <strong>20 <sup>IBU<\/sup><\/strong>[\/et_pb_text][\/et_pb_column][et_pb_column type=\u00bb1_2&#8243; module_class=\u00bbright-column\u00bb _builder_version=\u00bb4.19.4&#8243; _module_preset=\u00bbdefault\u00bb background_image=\u00bbhttps:\/\/ambarshop.demohiberus.com\/wp-content\/uploads\/2023\/01\/a.png\u00bb global_colors_info=\u00bb{}\u00bb][\/et_pb_column][\/et_pb_row][\/et_pb_section][et_pb_section fb_built=\u00bb1&#8243; module_class=\u00bbwoo-related-products\u00bb _builder_version=\u00bb4.19.4&#8243; _module_preset=\u00bbdefault\u00bb da_disable_devices=\u00bboff|off|off\u00bb collapsed=\u00bboff\u00bb global_colors_info=\u00bb{}\u00bb da_is_popup=\u00bboff\u00bb da_exit_intent=\u00bboff\u00bb da_has_close=\u00bbon\u00bb da_alt_close=\u00bboff\u00bb da_dark_close=\u00bboff\u00bb da_not_modal=\u00bbon\u00bb da_is_singular=\u00bboff\u00bb da_with_loader=\u00bboff\u00bb da_has_shadow=\u00bbon\u00bb][et_pb_row module_class=\u00bbwidth_1280&#8243; _builder_version=\u00bb4.19.4&#8243; background_size=\u00bbinitial\u00bb background_position=\u00bbtop_left\u00bb background_repeat=\u00bbrepeat\u00bb width=\u00bb100%\u00bb global_colors_info=\u00bb{}\u00bb][et_pb_column type=\u00bb4_4&#8243; _builder_version=\u00bb4.16&#8243; custom_padding=\u00bb|||\u00bb global_colors_info=\u00bb{}\u00bb custom_padding__hover=\u00bb|||\u00bb][et_pb_text module_class=\u00bbblock-title\u00bb _builder_version=\u00bb4.21.0&#8243; _module_preset=\u00bbdefault\u00bb global_colors_info=\u00bb{}\u00bb]PACKS CERVECEROS<\/p>\n<h2>Productos relacionados<\/h2>\n<p>[\/et_pb_text][et_pb_wc_related_products posts_number=\u00bb4&#8243; columns_number=\u00bb4&#8243; include_categories=\u00bb81&#8243; admin_label=\u00bbWoo Productos relacionados\u00bb _builder_version=\u00bb4.19.4&#8243; _dynamic_attributes=\u00bblink_option_url\u00bb link_option_url=\u00bb@ET-DC@eyJkeW5hbWljIjp0cnVlLCJjb250ZW50IjoicG9zdF9saW5rX3VybCIsInNldHRpbmdzIjp7fX0=@\u00bb global_colors_info=\u00bb{}\u00bb][\/et_pb_wc_related_products][\/et_pb_column][\/et_pb_row][\/et_pb_section]<\/p>\n","protected":false},"excerpt":{"rendered":"<p data-path-to-node=\"4\"><b data-path-to-node=\"4\" data-index-in-node=\"0\">S\u00ed, somos de Arag\u00f3n. Sin querer ser de otra cosa.<\/b><\/p>\n<p data-path-to-node=\"5\">No somos secos, somos directos. Y s\u00ed, somos un poco tozudos, pero es que tenemos car\u00e1cter.<\/p>\n<p data-path-to-node=\"6\">Presentamos el nuevo pack de <b data-path-to-node=\"6\" data-index-in-node=\"29\">Ambar<\/b> para este San Jorge: 6 botellas que hablan nuestro idioma. Un homenaje a nuestros pueblos, a nuestro acento y a esa nobleza que nos define.<\/p>\n<ul data-path-to-node=\"7\">\n<li>\n<p data-path-to-node=\"7,0,0\"><b data-path-to-node=\"7,0,0\" data-index-in-node=\"0\">3 rojas + 3 amarillas<\/b>: Los colores de nuestra tierra.<\/p>\n<\/li>\n<li>\n<p data-path-to-node=\"7,1,0\"><b data-path-to-node=\"7,1,0\" data-index-in-node=\"0\">Nuestro manifiesto<\/b>: Porque no nos rendimos y somos \u00abcabezones\u00bb por naturaleza.<\/p>\n<\/li>\n<\/ul>\n","protected":false},"featured_media":176277,"template":"","meta":{"_acf_changed":false,"_et_pb_use_builder":"on","_et_pb_old_content":"","_et_gb_content_width":"","footnotes":""},"product_brand":[],"product_cat":[81],"product_tag":[128],"class_list":{"0":"post-176132","1":"product","2":"type-product","3":"status-publish","4":"has-post-thumbnail","6":"product_cat-packs-cerveceros","7":"product_tag-pack-cervecero","8":"product_shipping_class-envio-normal","10":"first","11":"instock","12":"shipping-taxable","13":"purchasable","14":"product-type-simple"},"acf":[],"yoast_head":"<!-- This site is optimized with the Yoast SEO plugin v27.3 - https:\/\/yoast.com\/product\/yoast-seo-wordpress\/ -->\n<title>Pack 6 botellas &quot;S\u00ed, soy de Arag\u00f3n&quot; | Cervezas Ambar<\/title>\n<meta name=\"description\" content=\"Pack de 6 botellas Ambar edici\u00f3n especial D\u00eda de Arag\u00f3n con 3 botellas rojas y 3 botellas amarillas con frases manuscritas\" \/>\n<meta name=\"robots\" content=\"index, follow, max-snippet:-1, max-image-preview:large, max-video-preview:-1\" \/>\n<link rel=\"canonical\" href=\"https:\/\/ambar.com\/tienda\/producto\/pack-6-botellas-si-soy-de-aragon\/\" \/>\n<meta property=\"og:locale\" content=\"es_ES\" \/>\n<meta property=\"og:type\" content=\"article\" \/>\n<meta property=\"og:title\" content=\"Pack 6 botellas &quot;S\u00ed, soy de Arag\u00f3n&quot; | Cervezas Ambar\" \/>\n<meta property=\"og:description\" content=\"Pack de 6 botellas Ambar edici\u00f3n especial D\u00eda de Arag\u00f3n con 3 botellas rojas y 3 botellas amarillas con frases manuscritas\" \/>\n<meta property=\"og:url\" content=\"https:\/\/ambar.com\/tienda\/producto\/pack-6-botellas-si-soy-de-aragon\/\" \/>\n<meta property=\"og:site_name\" content=\"Tienda de cervezas online\" \/>\n<meta property=\"article:publisher\" content=\"https:\/\/www.facebook.com\/cervezasambar\" \/>\n<meta property=\"article:modified_time\" content=\"2026-04-24T17:02:32+00:00\" \/>\n<meta property=\"og:image\" content=\"https:\/\/ambar.com\/tienda\/wp-content\/uploads\/2026\/04\/Botellas-Dia-de-Aragon-1000x1000-1.png\" \/>\n\t<meta property=\"og:image:width\" content=\"1000\" \/>\n\t<meta property=\"og:image:height\" content=\"1000\" \/>\n\t<meta property=\"og:image:type\" content=\"image\/png\" \/>\n<meta name=\"twitter:card\" content=\"summary_large_image\" \/>\n<meta name=\"twitter:site\" content=\"@cervezasambar\" \/>\n<meta name=\"twitter:label1\" content=\"Tiempo de lectura\" \/>\n\t<meta name=\"twitter:data1\" content=\"3 minutos\" \/>\n<script type=\"application\/ld+json\" class=\"yoast-schema-graph\">{\"@context\":\"https:\\\/\\\/schema.org\",\"@graph\":[{\"@type\":\"WebPage\",\"@id\":\"https:\\\/\\\/ambar.com\\\/tienda\\\/producto\\\/pack-6-botellas-si-soy-de-aragon\\\/\",\"url\":\"https:\\\/\\\/ambar.com\\\/tienda\\\/producto\\\/pack-6-botellas-si-soy-de-aragon\\\/\",\"name\":\"Pack 6 botellas \\\"S\u00ed, soy de Arag\u00f3n\\\" | Cervezas Ambar\",\"isPartOf\":{\"@id\":\"https:\\\/\\\/ambar.com\\\/tienda\\\/#website\"},\"primaryImageOfPage\":{\"@id\":\"https:\\\/\\\/ambar.com\\\/tienda\\\/producto\\\/pack-6-botellas-si-soy-de-aragon\\\/#primaryimage\"},\"image\":{\"@id\":\"https:\\\/\\\/ambar.com\\\/tienda\\\/producto\\\/pack-6-botellas-si-soy-de-aragon\\\/#primaryimage\"},\"thumbnailUrl\":\"https:\\\/\\\/ambar.com\\\/tienda\\\/wp-content\\\/uploads\\\/2026\\\/04\\\/Botellas-Dia-de-Aragon-1000x1000-1.png\",\"datePublished\":\"2026-04-17T12:04:49+00:00\",\"dateModified\":\"2026-04-24T17:02:32+00:00\",\"description\":\"Pack de 6 botellas Ambar edici\u00f3n especial D\u00eda de Arag\u00f3n con 3 botellas rojas y 3 botellas amarillas con frases manuscritas\",\"inLanguage\":\"es\",\"potentialAction\":[{\"@type\":\"ReadAction\",\"target\":[\"https:\\\/\\\/ambar.com\\\/tienda\\\/producto\\\/pack-6-botellas-si-soy-de-aragon\\\/\"]}]},{\"@type\":\"ImageObject\",\"inLanguage\":\"es\",\"@id\":\"https:\\\/\\\/ambar.com\\\/tienda\\\/producto\\\/pack-6-botellas-si-soy-de-aragon\\\/#primaryimage\",\"url\":\"https:\\\/\\\/ambar.com\\\/tienda\\\/wp-content\\\/uploads\\\/2026\\\/04\\\/Botellas-Dia-de-Aragon-1000x1000-1.png\",\"contentUrl\":\"https:\\\/\\\/ambar.com\\\/tienda\\\/wp-content\\\/uploads\\\/2026\\\/04\\\/Botellas-Dia-de-Aragon-1000x1000-1.png\",\"width\":1000,\"height\":1000},{\"@type\":\"WebSite\",\"@id\":\"https:\\\/\\\/ambar.com\\\/tienda\\\/#website\",\"url\":\"https:\\\/\\\/ambar.com\\\/tienda\\\/\",\"name\":\"Tienda de cervezas online\",\"description\":\"Nuestra tienda de cervezas Ambar ofrece diferentes packs cerveceros con la comodidad de ser una tienda de cervezas online. Compra cerveza online con un solo clic.\",\"publisher\":{\"@id\":\"https:\\\/\\\/ambar.com\\\/tienda\\\/#organization\"},\"potentialAction\":[{\"@type\":\"SearchAction\",\"target\":{\"@type\":\"EntryPoint\",\"urlTemplate\":\"https:\\\/\\\/ambar.com\\\/tienda\\\/?s={search_term_string}\"},\"query-input\":{\"@type\":\"PropertyValueSpecification\",\"valueRequired\":true,\"valueName\":\"search_term_string\"}}],\"inLanguage\":\"es\"},{\"@type\":\"Organization\",\"@id\":\"https:\\\/\\\/ambar.com\\\/tienda\\\/#organization\",\"name\":\"Ambar\",\"url\":\"https:\\\/\\\/ambar.com\\\/tienda\\\/\",\"logo\":{\"@type\":\"ImageObject\",\"inLanguage\":\"es\",\"@id\":\"https:\\\/\\\/ambar.com\\\/tienda\\\/#\\\/schema\\\/logo\\\/image\\\/\",\"url\":\"https:\\\/\\\/ambar.com\\\/tienda\\\/wp-content\\\/uploads\\\/2023\\\/01\\\/ambar-logo-red.png\",\"contentUrl\":\"https:\\\/\\\/ambar.com\\\/tienda\\\/wp-content\\\/uploads\\\/2023\\\/01\\\/ambar-logo-red.png\",\"width\":660,\"height\":116,\"caption\":\"Ambar\"},\"image\":{\"@id\":\"https:\\\/\\\/ambar.com\\\/tienda\\\/#\\\/schema\\\/logo\\\/image\\\/\"},\"sameAs\":[\"https:\\\/\\\/www.facebook.com\\\/cervezasambar\",\"https:\\\/\\\/x.com\\\/cervezasambar\",\"https:\\\/\\\/www.instagram.com\\\/cervezasambar\\\/\"]}]}<\/script>\n<!-- \/ Yoast SEO plugin. -->","yoast_head_json":{"title":"Pack 6 botellas \"S\u00ed, soy de Arag\u00f3n\" | Cervezas Ambar","description":"Pack de 6 botellas Ambar edici\u00f3n especial D\u00eda de Arag\u00f3n con 3 botellas rojas y 3 botellas amarillas con frases manuscritas","robots":{"index":"index","follow":"follow","max-snippet":"max-snippet:-1","max-image-preview":"max-image-preview:large","max-video-preview":"max-video-preview:-1"},"canonical":"https:\/\/ambar.com\/tienda\/producto\/pack-6-botellas-si-soy-de-aragon\/","og_locale":"es_ES","og_type":"article","og_title":"Pack 6 botellas \"S\u00ed, soy de Arag\u00f3n\" | Cervezas Ambar","og_description":"Pack de 6 botellas Ambar edici\u00f3n especial D\u00eda de Arag\u00f3n con 3 botellas rojas y 3 botellas amarillas con frases manuscritas","og_url":"https:\/\/ambar.com\/tienda\/producto\/pack-6-botellas-si-soy-de-aragon\/","og_site_name":"Tienda de cervezas online","article_publisher":"https:\/\/www.facebook.com\/cervezasambar","article_modified_time":"2026-04-24T17:02:32+00:00","og_image":[{"width":1000,"height":1000,"url":"https:\/\/ambar.com\/tienda\/wp-content\/uploads\/2026\/04\/Botellas-Dia-de-Aragon-1000x1000-1.png","type":"image\/png"}],"twitter_card":"summary_large_image","twitter_site":"@cervezasambar","twitter_misc":{"Tiempo de lectura":"3 minutos"},"schema":{"@context":"https:\/\/schema.org","@graph":[{"@type":"WebPage","@id":"https:\/\/ambar.com\/tienda\/producto\/pack-6-botellas-si-soy-de-aragon\/","url":"https:\/\/ambar.com\/tienda\/producto\/pack-6-botellas-si-soy-de-aragon\/","name":"Pack 6 botellas \"S\u00ed, soy de Arag\u00f3n\" | Cervezas Ambar","isPartOf":{"@id":"https:\/\/ambar.com\/tienda\/#website"},"primaryImageOfPage":{"@id":"https:\/\/ambar.com\/tienda\/producto\/pack-6-botellas-si-soy-de-aragon\/#primaryimage"},"image":{"@id":"https:\/\/ambar.com\/tienda\/producto\/pack-6-botellas-si-soy-de-aragon\/#primaryimage"},"thumbnailUrl":"https:\/\/ambar.com\/tienda\/wp-content\/uploads\/2026\/04\/Botellas-Dia-de-Aragon-1000x1000-1.png","datePublished":"2026-04-17T12:04:49+00:00","dateModified":"2026-04-24T17:02:32+00:00","description":"Pack de 6 botellas Ambar edici\u00f3n especial D\u00eda de Arag\u00f3n con 3 botellas rojas y 3 botellas amarillas con frases manuscritas","inLanguage":"es","potentialAction":[{"@type":"ReadAction","target":["https:\/\/ambar.com\/tienda\/producto\/pack-6-botellas-si-soy-de-aragon\/"]}]},{"@type":"ImageObject","inLanguage":"es","@id":"https:\/\/ambar.com\/tienda\/producto\/pack-6-botellas-si-soy-de-aragon\/#primaryimage","url":"https:\/\/ambar.com\/tienda\/wp-content\/uploads\/2026\/04\/Botellas-Dia-de-Aragon-1000x1000-1.png","contentUrl":"https:\/\/ambar.com\/tienda\/wp-content\/uploads\/2026\/04\/Botellas-Dia-de-Aragon-1000x1000-1.png","width":1000,"height":1000},{"@type":"WebSite","@id":"https:\/\/ambar.com\/tienda\/#website","url":"https:\/\/ambar.com\/tienda\/","name":"Tienda de cervezas online","description":"Nuestra tienda de cervezas Ambar ofrece diferentes packs cerveceros con la comodidad de ser una tienda de cervezas online. Compra cerveza online con un solo clic.","publisher":{"@id":"https:\/\/ambar.com\/tienda\/#organization"},"potentialAction":[{"@type":"SearchAction","target":{"@type":"EntryPoint","urlTemplate":"https:\/\/ambar.com\/tienda\/?s={search_term_string}"},"query-input":{"@type":"PropertyValueSpecification","valueRequired":true,"valueName":"search_term_string"}}],"inLanguage":"es"},{"@type":"Organization","@id":"https:\/\/ambar.com\/tienda\/#organization","name":"Ambar","url":"https:\/\/ambar.com\/tienda\/","logo":{"@type":"ImageObject","inLanguage":"es","@id":"https:\/\/ambar.com\/tienda\/#\/schema\/logo\/image\/","url":"https:\/\/ambar.com\/tienda\/wp-content\/uploads\/2023\/01\/ambar-logo-red.png","contentUrl":"https:\/\/ambar.com\/tienda\/wp-content\/uploads\/2023\/01\/ambar-logo-red.png","width":660,"height":116,"caption":"Ambar"},"image":{"@id":"https:\/\/ambar.com\/tienda\/#\/schema\/logo\/image\/"},"sameAs":["https:\/\/www.facebook.com\/cervezasambar","https:\/\/x.com\/cervezasambar","https:\/\/www.instagram.com\/cervezasambar\/"]}]}},"_links":{"self":[{"href":"https:\/\/ambar.com\/tienda\/wp-json\/wp\/v2\/product\/176132","targetHints":{"allow":["GET"]}}],"collection":[{"href":"https:\/\/ambar.com\/tienda\/wp-json\/wp\/v2\/product"}],"about":[{"href":"https:\/\/ambar.com\/tienda\/wp-json\/wp\/v2\/types\/product"}],"version-history":[{"count":3,"href":"https:\/\/ambar.com\/tienda\/wp-json\/wp\/v2\/product\/176132\/revisions"}],"predecessor-version":[{"id":176268,"href":"https:\/\/ambar.com\/tienda\/wp-json\/wp\/v2\/product\/176132\/revisions\/176268"}],"wp:featuredmedia":[{"embeddable":true,"href":"https:\/\/ambar.com\/tienda\/wp-json\/wp\/v2\/media\/176277"}],"wp:attachment":[{"href":"https:\/\/ambar.com\/tienda\/wp-json\/wp\/v2\/media?parent=176132"}],"wp:term":[{"taxonomy":"product_brand","embeddable":true,"href":"https:\/\/ambar.com\/tienda\/wp-json\/wp\/v2\/product_brand?post=176132"},{"taxonomy":"product_cat","embeddable":true,"href":"https:\/\/ambar.com\/tienda\/wp-json\/wp\/v2\/product_cat?post=176132"},{"taxonomy":"product_tag","embeddable":true,"href":"https:\/\/ambar.com\/tienda\/wp-json\/wp\/v2\/product_tag?post=176132"}],"curies":[{"name":"wp","href":"https:\/\/api.w.org\/{rel}","templated":true}]}}