{"id":145341,"date":"2025-06-13T08:17:51","date_gmt":"2025-06-13T06:17:51","guid":{"rendered":"https:\/\/ambar.com\/tienda\/?post_type=product&#038;p=145341"},"modified":"2026-03-23T13:06:19","modified_gmt":"2026-03-23T12:06:19","slug":"pack-triple-zero-radler","status":"publish","type":"product","link":"https:\/\/ambar.com\/tienda\/producto\/pack-triple-zero-radler\/","title":{"rendered":"Pack Triple Zero Radler"},"content":{"rendered":"<p>[et_pb_section fb_built=\u00bb1&#8243; admin_label=\u00bbInfo\u00bb module_class=\u00bbimage-description viewport-section\u00bb _builder_version=\u00bb4.19.4&#8243; _module_preset=\u00bbdefault\u00bb width=\u00bb100%\u00bb max_width=\u00bb100%\u00bb da_disable_devices=\u00bboff|off|off\u00bb collapsed=\u00bboff\u00bb global_colors_info=\u00bb{}\u00bb da_is_popup=\u00bboff\u00bb da_exit_intent=\u00bboff\u00bb da_has_close=\u00bbon\u00bb da_alt_close=\u00bboff\u00bb da_dark_close=\u00bboff\u00bb da_not_modal=\u00bbon\u00bb da_is_singular=\u00bboff\u00bb da_with_loader=\u00bboff\u00bb da_has_shadow=\u00bbon\u00bb][et_pb_row column_structure=\u00bb1_2,1_2&#8243; _builder_version=\u00bb4.19.4&#8243; background_size=\u00bbinitial\u00bb background_position=\u00bbtop_left\u00bb background_repeat=\u00bbrepeat\u00bb width=\u00bb100%\u00bb custom_padding=\u00bb0px||||false|false\u00bb global_colors_info=\u00bb{}\u00bb][et_pb_column type=\u00bb1_2&#8243; module_class=\u00bbleft-column\u00bb _builder_version=\u00bb4.19.4&#8243; custom_padding=\u00bb|||\u00bb global_colors_info=\u00bb{}\u00bb custom_padding__hover=\u00bb|||\u00bb][et_pb_wc_images _builder_version=\u00bb4.19.4&#8243; _module_preset=\u00bbdefault\u00bb global_colors_info=\u00bb{}\u00bb][\/et_pb_wc_images][\/et_pb_column][et_pb_column type=\u00bb1_2&#8243; _builder_version=\u00bb4.16&#8243; custom_padding=\u00bb|||\u00bb global_colors_info=\u00bb{}\u00bb custom_padding__hover=\u00bb|||\u00bb][et_pb_wc_title module_class=\u00bbheading black\u00bb _builder_version=\u00bb4.19.4&#8243; global_colors_info=\u00bb{}\u00bb][\/et_pb_wc_title][et_pb_wc_description module_class=\u00bbdescription-block description-short black\u00bb _builder_version=\u00bb4.19.4&#8243; global_colors_info=\u00bb{}\u00bb][\/et_pb_wc_description][et_pb_wc_add_to_cart _builder_version=\u00bb4.19.4&#8243; global_colors_info=\u00bb{}\u00bb][\/et_pb_wc_add_to_cart][et_pb_text admin_label=\u00bbVentajas Ambar\u00bb module_class=\u00bbpayment-block\u00bb _builder_version=\u00bb4.21.0&#8243; _module_preset=\u00bbdefault\u00bb global_module=\u00bb11216&#8243; global_colors_info=\u00bb{}\u00bb]<\/p>\n<ul>\n<li><img decoding=\"async\" class=\"icon\" src=\"https:\/\/ambar.com\/tienda\/wp-content\/uploads\/2023\/03\/icono-reloj-black.png\" \/>Entrega en 72 horas<\/li>\n<li><img decoding=\"async\" class=\"icon\" src=\"https:\/\/ambar.com\/tienda\/wp-content\/uploads\/2023\/03\/icono-camion-black.png\" \/>Env\u00edo gratuito por compras superiores a 50\u20ac<\/li>\n<li><img decoding=\"async\" class=\"icon\" src=\"https:\/\/ambar.com\/tienda\/wp-content\/uploads\/2023\/03\/icono-caja-black.png\" \/>5\u20ac de gastos de env\u00edo para compras inferiores a 50\u20ac<\/li>\n<li><img decoding=\"async\" class=\"icon\" src=\"https:\/\/ambar.com\/tienda\/wp-content\/uploads\/2023\/03\/icono-tarjeta-black.png\" \/>Pagos aceptados <img decoding=\"async\" class=\"payment\" src=\"https:\/\/ambar.com\/tienda\/wp-content\/uploads\/2023\/03\/ambar-payment-methods-1024x113-1.png\" \/><\/li>\n<\/ul>\n<p>[\/et_pb_text][\/et_pb_column][\/et_pb_row][\/et_pb_section][et_pb_section fb_built=\u00bb1&#8243; disabled_on=\u00bboff|off|off\u00bb admin_label=\u00bbSecci\u00f3n\u00bb module_id=\u00bbdescripcion-cerveza\u00bb module_class=\u00bbviewport-section height-eighty half-image\u00bb _builder_version=\u00bb4.19.4&#8243; _module_preset=\u00bbdefault\u00bb background_color=\u00bb#f2f2f2&#8243; background_enable_image=\u00bboff\u00bb da_disable_devices=\u00bboff|off|off\u00bb global_colors_info=\u00bb{}\u00bb da_is_popup=\u00bboff\u00bb da_exit_intent=\u00bboff\u00bb da_has_close=\u00bbon\u00bb da_alt_close=\u00bboff\u00bb da_dark_close=\u00bboff\u00bb da_not_modal=\u00bbon\u00bb da_is_singular=\u00bboff\u00bb da_with_loader=\u00bboff\u00bb da_has_shadow=\u00bbon\u00bb][et_pb_row column_structure=\u00bb1_2,1_2&#8243; use_custom_gutter=\u00bbon\u00bb gutter_width=\u00bb1&#8243; make_equal=\u00bbon\u00bb _builder_version=\u00bb4.21.0&#8243; _module_preset=\u00bbdefault\u00bb width=\u00bb100%\u00bb max_width=\u00bb2560px\u00bb global_colors_info=\u00bb{}\u00bb][et_pb_column type=\u00bb1_2&#8243; module_class=\u00bbleft-column\u00bb _builder_version=\u00bb4.19.4&#8243; _module_preset=\u00bbdefault\u00bb background_enable_color=\u00bboff\u00bb global_colors_info=\u00bb{}\u00bb][et_pb_text module_class=\u00bbheading\u00bb _builder_version=\u00bb4.21.0&#8243; _module_preset=\u00bbdefault\u00bb hover_enabled=\u00bb0&#8243; global_colors_info=\u00bb{}\u00bb sticky_enabled=\u00bb0&#8243;]<\/p>\n<h2><span data-teams=\"true\">0,0 alcohol y <a href=\"https:\/\/ambar.com\/tienda\/promociones\/triple-zero\/\" target=\"_blank\" rel=\"noopener\">0 az\u00facares<\/a>. Ahora <strong>con zumo de lim\u00f3n.<\/strong><\/span><\/h2>\n<p>[\/et_pb_text][et_pb_text module_class=\u00bbdescription-block\u00bb _builder_version=\u00bb4.21.0&#8243; _module_preset=\u00bbdefault\u00bb global_colors_info=\u00bb{}\u00bb]<\/p>\n<p><strong><span style=\"color: #000000\">NOTA DE CATA:<\/span><\/strong><strong>Extracto seco primitivo:<\/strong> 3,9\u00baP<\/p>\n<p><strong>Alcohol:<\/strong> 0,0% v\/v<\/p>\n<p><strong>Amargor:<\/strong> 12 IBU<\/p>\n<p><strong>Al\u00e9rgenos:<\/strong> Contiene <strong><u>Malta de cebada<\/u><\/strong><\/p>\n<p><strong>Ingredientes:<\/strong> 50% cerveza sin alcohol 0.0% (agua, <strong><u>malta de cebada<\/u><\/strong>, arroz y l\u00fapulo) y 50% bebida refrescante de zumo de frutas (agua carbonatada, 6% de zumo de lim\u00f3n procedente de concentrado, fibra, estabilizantes E414 y E445, edulcorantes Sucralosa y Acesulfamo K, color lute\u00edna E161b, aromas). Alto contenido en fibra.<\/p>\n<p><strong>Condiciones de mantenimiento y conservaci\u00f3n: <\/strong>Proteger de la luz directa del sol. Mantener alejada de fuentes de olores extra\u00f1os.<\/p>\n<p><strong>Modo de empleo:<\/strong>\u00a0Servir fr\u00eda, no agitar antes de abrir.<\/p>\n<p>&nbsp;<\/p>\n<p>[\/et_pb_text][et_pb_text module_class=\u00bbinfo-descripcion-cerveza first\u00bb _builder_version=\u00bb4.21.0&#8243; _module_preset=\u00bbdefault\u00bb global_colors_info=\u00bb{}\u00bb]<\/p>\n<p>Grado de alcohol <strong>0,0\u00a0% <sup>Vol.<\/sup><\/strong><\/p>\n<p>[\/et_pb_text][et_pb_text module_class=\u00bbinfo-descripcion-cerveza\u00bb _builder_version=\u00bb4.21.0&#8243; _module_preset=\u00bbdefault\u00bb global_colors_info=\u00bb{}\u00bb]<\/p>\n<p>Amargor <strong>\u00a012 <sup>IBU<\/sup><\/strong><\/p>\n<p>[\/et_pb_text][\/et_pb_column][et_pb_column type=\u00bb1_2&#8243; module_class=\u00bbright-column\u00bb _builder_version=\u00bb4.21.0&#8243; _module_preset=\u00bbdefault\u00bb background_image=\u00bbhttps:\/\/ambar.com\/tienda\/wp-content\/uploads\/2025\/06\/Triple-Zero-Radler-Nota-de-cata.png\u00bb global_colors_info=\u00bb{}\u00bb][\/et_pb_column][\/et_pb_row][\/et_pb_section][et_pb_section fb_built=\u00bb1&#8243; module_class=\u00bbwoo-related-products\u00bb _builder_version=\u00bb4.19.4&#8243; _module_preset=\u00bbdefault\u00bb da_disable_devices=\u00bboff|off|off\u00bb collapsed=\u00bboff\u00bb global_colors_info=\u00bb{}\u00bb da_is_popup=\u00bboff\u00bb da_exit_intent=\u00bboff\u00bb da_has_close=\u00bbon\u00bb da_alt_close=\u00bboff\u00bb da_dark_close=\u00bboff\u00bb da_not_modal=\u00bbon\u00bb da_is_singular=\u00bboff\u00bb da_with_loader=\u00bboff\u00bb da_has_shadow=\u00bbon\u00bb][et_pb_row module_class=\u00bbwidth_1280&#8243; _builder_version=\u00bb4.19.4&#8243; background_size=\u00bbinitial\u00bb background_position=\u00bbtop_left\u00bb background_repeat=\u00bbrepeat\u00bb width=\u00bb100%\u00bb global_colors_info=\u00bb{}\u00bb][et_pb_column type=\u00bb4_4&#8243; _builder_version=\u00bb4.16&#8243; custom_padding=\u00bb|||\u00bb global_colors_info=\u00bb{}\u00bb custom_padding__hover=\u00bb|||\u00bb][et_pb_text module_class=\u00bbblock-title\u00bb _builder_version=\u00bb4.21.0&#8243; _module_preset=\u00bbdefault\u00bb global_colors_info=\u00bb{}\u00bb]<\/p>\n<p>CERVEZAS AMBAR<\/p>\n<h2>Productos relacionados<\/h2>\n<p>[\/et_pb_text][et_pb_wc_related_products posts_number=\u00bb4&#8243; columns_number=\u00bb4&#8243; include_categories=\u00bb87&#8243; admin_label=\u00bbWoo Productos relacionados\u00bb _builder_version=\u00bb4.21.0&#8243; _dynamic_attributes=\u00bblink_option_url\u00bb link_option_url=\u00bb@ET-DC@eyJkeW5hbWljIjp0cnVlLCJjb250ZW50IjoicG9zdF9saW5rX3VybCIsInNldHRpbmdzIjp7fX0=@\u00bb global_colors_info=\u00bb{}\u00bb][\/et_pb_wc_related_products][\/et_pb_column][\/et_pb_row][\/et_pb_section]<\/p>\n","protected":false},"excerpt":{"rendered":"<p><span data-teams=\"true\">Disfruta de Ambar Triple Zero Radler con <strong>0,0 alcohol y 0 az\u00facares<\/strong>. Ahora <strong>con zumo de lim\u00f3n\u00a0<\/strong>manteniendo toda la esencia de la cerveza y el<strong> frescor de la fruta.\u00a0<\/strong>Una cerveza <strong>refrescante al paladar y equilibrada en su mezcla.<\/strong><\/span><\/p>\n<p>&nbsp;<\/p>\n","protected":false},"featured_media":173594,"template":"","meta":{"_acf_changed":false,"_et_pb_use_builder":"on","_et_pb_old_content":"","_et_gb_content_width":"","footnotes":""},"product_brand":[],"product_cat":[87,85],"product_tag":[],"class_list":{"0":"post-145341","1":"product","2":"type-product","3":"status-publish","4":"has-post-thumbnail","6":"product_cat-cervezas","7":"product_cat-sin-alcohol","8":"product_shipping_class-envio-normal","10":"first","11":"instock","12":"shipping-taxable","13":"purchasable","14":"product-type-mix-and-match"},"acf":[],"yoast_head":"<!-- This site is optimized with the Yoast SEO plugin v27.3 - https:\/\/yoast.com\/product\/yoast-seo-wordpress\/ -->\n<title>Pack Triple Zero Radler | Cervezas Ambar. Cerveza Radler<\/title>\n<meta name=\"description\" content=\"Disfruta de Ambar Triple Zero Radler con 0,0 alcohol y 0 az\u00facares. Ahora con zumo de lim\u00f3n manteniendo toda la esencia de la cerveza.\" \/>\n<meta name=\"robots\" content=\"index, follow, max-snippet:-1, max-image-preview:large, max-video-preview:-1\" \/>\n<link rel=\"canonical\" href=\"https:\/\/ambar.com\/tienda\/producto\/pack-triple-zero-radler\/\" \/>\n<meta property=\"og:locale\" content=\"es_ES\" \/>\n<meta property=\"og:type\" content=\"article\" \/>\n<meta property=\"og:title\" content=\"Pack Triple Zero Radler | Cervezas Ambar. Cerveza Radler\" \/>\n<meta property=\"og:description\" content=\"Disfruta de Ambar Triple Zero Radler con 0,0 alcohol y 0 az\u00facares. Ahora con zumo de lim\u00f3n manteniendo toda la esencia de la cerveza.\" \/>\n<meta property=\"og:url\" content=\"https:\/\/ambar.com\/tienda\/producto\/pack-triple-zero-radler\/\" \/>\n<meta property=\"og:site_name\" content=\"Tienda de cervezas online\" \/>\n<meta property=\"article:publisher\" content=\"https:\/\/www.facebook.com\/cervezasambar\" \/>\n<meta property=\"article:modified_time\" content=\"2026-03-23T12:06:19+00:00\" \/>\n<meta property=\"og:image\" content=\"https:\/\/ambar.com\/tienda\/wp-content\/uploads\/2025\/06\/TZR-La-unica-0-azucar.png\" \/>\n\t<meta property=\"og:image:width\" content=\"1000\" \/>\n\t<meta property=\"og:image:height\" content=\"1000\" \/>\n\t<meta property=\"og:image:type\" content=\"image\/png\" \/>\n<meta name=\"twitter:card\" content=\"summary_large_image\" \/>\n<meta name=\"twitter:site\" content=\"@cervezasambar\" \/>\n<meta name=\"twitter:label1\" content=\"Tiempo de lectura\" \/>\n\t<meta name=\"twitter:data1\" content=\"3 minutos\" \/>\n<script type=\"application\/ld+json\" class=\"yoast-schema-graph\">{\"@context\":\"https:\\\/\\\/schema.org\",\"@graph\":[{\"@type\":\"WebPage\",\"@id\":\"https:\\\/\\\/ambar.com\\\/tienda\\\/producto\\\/pack-triple-zero-radler\\\/\",\"url\":\"https:\\\/\\\/ambar.com\\\/tienda\\\/producto\\\/pack-triple-zero-radler\\\/\",\"name\":\"Pack Triple Zero Radler | Cervezas Ambar. Cerveza Radler\",\"isPartOf\":{\"@id\":\"https:\\\/\\\/ambar.com\\\/tienda\\\/#website\"},\"primaryImageOfPage\":{\"@id\":\"https:\\\/\\\/ambar.com\\\/tienda\\\/producto\\\/pack-triple-zero-radler\\\/#primaryimage\"},\"image\":{\"@id\":\"https:\\\/\\\/ambar.com\\\/tienda\\\/producto\\\/pack-triple-zero-radler\\\/#primaryimage\"},\"thumbnailUrl\":\"https:\\\/\\\/ambar.com\\\/tienda\\\/wp-content\\\/uploads\\\/2025\\\/06\\\/TZR-La-unica-0-azucar.png\",\"datePublished\":\"2025-06-13T06:17:51+00:00\",\"dateModified\":\"2026-03-23T12:06:19+00:00\",\"description\":\"Disfruta de Ambar Triple Zero Radler con 0,0 alcohol y 0 az\u00facares. Ahora con zumo de lim\u00f3n manteniendo toda la esencia de la cerveza.\",\"inLanguage\":\"es\",\"potentialAction\":[{\"@type\":\"ReadAction\",\"target\":[\"https:\\\/\\\/ambar.com\\\/tienda\\\/producto\\\/pack-triple-zero-radler\\\/\"]}]},{\"@type\":\"ImageObject\",\"inLanguage\":\"es\",\"@id\":\"https:\\\/\\\/ambar.com\\\/tienda\\\/producto\\\/pack-triple-zero-radler\\\/#primaryimage\",\"url\":\"https:\\\/\\\/ambar.com\\\/tienda\\\/wp-content\\\/uploads\\\/2025\\\/06\\\/TZR-La-unica-0-azucar.png\",\"contentUrl\":\"https:\\\/\\\/ambar.com\\\/tienda\\\/wp-content\\\/uploads\\\/2025\\\/06\\\/TZR-La-unica-0-azucar.png\",\"width\":1000,\"height\":1000},{\"@type\":\"WebSite\",\"@id\":\"https:\\\/\\\/ambar.com\\\/tienda\\\/#website\",\"url\":\"https:\\\/\\\/ambar.com\\\/tienda\\\/\",\"name\":\"Tienda de cervezas online\",\"description\":\"Nuestra tienda de cervezas Ambar ofrece diferentes packs cerveceros con la comodidad de ser una tienda de cervezas online. Compra cerveza online con un solo clic.\",\"publisher\":{\"@id\":\"https:\\\/\\\/ambar.com\\\/tienda\\\/#organization\"},\"potentialAction\":[{\"@type\":\"SearchAction\",\"target\":{\"@type\":\"EntryPoint\",\"urlTemplate\":\"https:\\\/\\\/ambar.com\\\/tienda\\\/?s={search_term_string}\"},\"query-input\":{\"@type\":\"PropertyValueSpecification\",\"valueRequired\":true,\"valueName\":\"search_term_string\"}}],\"inLanguage\":\"es\"},{\"@type\":\"Organization\",\"@id\":\"https:\\\/\\\/ambar.com\\\/tienda\\\/#organization\",\"name\":\"Ambar\",\"url\":\"https:\\\/\\\/ambar.com\\\/tienda\\\/\",\"logo\":{\"@type\":\"ImageObject\",\"inLanguage\":\"es\",\"@id\":\"https:\\\/\\\/ambar.com\\\/tienda\\\/#\\\/schema\\\/logo\\\/image\\\/\",\"url\":\"https:\\\/\\\/ambar.com\\\/tienda\\\/wp-content\\\/uploads\\\/2023\\\/01\\\/ambar-logo-red.png\",\"contentUrl\":\"https:\\\/\\\/ambar.com\\\/tienda\\\/wp-content\\\/uploads\\\/2023\\\/01\\\/ambar-logo-red.png\",\"width\":660,\"height\":116,\"caption\":\"Ambar\"},\"image\":{\"@id\":\"https:\\\/\\\/ambar.com\\\/tienda\\\/#\\\/schema\\\/logo\\\/image\\\/\"},\"sameAs\":[\"https:\\\/\\\/www.facebook.com\\\/cervezasambar\",\"https:\\\/\\\/x.com\\\/cervezasambar\",\"https:\\\/\\\/www.instagram.com\\\/cervezasambar\\\/\"]}]}<\/script>\n<!-- \/ Yoast SEO plugin. -->","yoast_head_json":{"title":"Pack Triple Zero Radler | Cervezas Ambar. Cerveza Radler","description":"Disfruta de Ambar Triple Zero Radler con 0,0 alcohol y 0 az\u00facares. Ahora con zumo de lim\u00f3n manteniendo toda la esencia de la cerveza.","robots":{"index":"index","follow":"follow","max-snippet":"max-snippet:-1","max-image-preview":"max-image-preview:large","max-video-preview":"max-video-preview:-1"},"canonical":"https:\/\/ambar.com\/tienda\/producto\/pack-triple-zero-radler\/","og_locale":"es_ES","og_type":"article","og_title":"Pack Triple Zero Radler | Cervezas Ambar. Cerveza Radler","og_description":"Disfruta de Ambar Triple Zero Radler con 0,0 alcohol y 0 az\u00facares. Ahora con zumo de lim\u00f3n manteniendo toda la esencia de la cerveza.","og_url":"https:\/\/ambar.com\/tienda\/producto\/pack-triple-zero-radler\/","og_site_name":"Tienda de cervezas online","article_publisher":"https:\/\/www.facebook.com\/cervezasambar","article_modified_time":"2026-03-23T12:06:19+00:00","og_image":[{"width":1000,"height":1000,"url":"https:\/\/ambar.com\/tienda\/wp-content\/uploads\/2025\/06\/TZR-La-unica-0-azucar.png","type":"image\/png"}],"twitter_card":"summary_large_image","twitter_site":"@cervezasambar","twitter_misc":{"Tiempo de lectura":"3 minutos"},"schema":{"@context":"https:\/\/schema.org","@graph":[{"@type":"WebPage","@id":"https:\/\/ambar.com\/tienda\/producto\/pack-triple-zero-radler\/","url":"https:\/\/ambar.com\/tienda\/producto\/pack-triple-zero-radler\/","name":"Pack Triple Zero Radler | Cervezas Ambar. Cerveza Radler","isPartOf":{"@id":"https:\/\/ambar.com\/tienda\/#website"},"primaryImageOfPage":{"@id":"https:\/\/ambar.com\/tienda\/producto\/pack-triple-zero-radler\/#primaryimage"},"image":{"@id":"https:\/\/ambar.com\/tienda\/producto\/pack-triple-zero-radler\/#primaryimage"},"thumbnailUrl":"https:\/\/ambar.com\/tienda\/wp-content\/uploads\/2025\/06\/TZR-La-unica-0-azucar.png","datePublished":"2025-06-13T06:17:51+00:00","dateModified":"2026-03-23T12:06:19+00:00","description":"Disfruta de Ambar Triple Zero Radler con 0,0 alcohol y 0 az\u00facares. Ahora con zumo de lim\u00f3n manteniendo toda la esencia de la cerveza.","inLanguage":"es","potentialAction":[{"@type":"ReadAction","target":["https:\/\/ambar.com\/tienda\/producto\/pack-triple-zero-radler\/"]}]},{"@type":"ImageObject","inLanguage":"es","@id":"https:\/\/ambar.com\/tienda\/producto\/pack-triple-zero-radler\/#primaryimage","url":"https:\/\/ambar.com\/tienda\/wp-content\/uploads\/2025\/06\/TZR-La-unica-0-azucar.png","contentUrl":"https:\/\/ambar.com\/tienda\/wp-content\/uploads\/2025\/06\/TZR-La-unica-0-azucar.png","width":1000,"height":1000},{"@type":"WebSite","@id":"https:\/\/ambar.com\/tienda\/#website","url":"https:\/\/ambar.com\/tienda\/","name":"Tienda de cervezas online","description":"Nuestra tienda de cervezas Ambar ofrece diferentes packs cerveceros con la comodidad de ser una tienda de cervezas online. Compra cerveza online con un solo clic.","publisher":{"@id":"https:\/\/ambar.com\/tienda\/#organization"},"potentialAction":[{"@type":"SearchAction","target":{"@type":"EntryPoint","urlTemplate":"https:\/\/ambar.com\/tienda\/?s={search_term_string}"},"query-input":{"@type":"PropertyValueSpecification","valueRequired":true,"valueName":"search_term_string"}}],"inLanguage":"es"},{"@type":"Organization","@id":"https:\/\/ambar.com\/tienda\/#organization","name":"Ambar","url":"https:\/\/ambar.com\/tienda\/","logo":{"@type":"ImageObject","inLanguage":"es","@id":"https:\/\/ambar.com\/tienda\/#\/schema\/logo\/image\/","url":"https:\/\/ambar.com\/tienda\/wp-content\/uploads\/2023\/01\/ambar-logo-red.png","contentUrl":"https:\/\/ambar.com\/tienda\/wp-content\/uploads\/2023\/01\/ambar-logo-red.png","width":660,"height":116,"caption":"Ambar"},"image":{"@id":"https:\/\/ambar.com\/tienda\/#\/schema\/logo\/image\/"},"sameAs":["https:\/\/www.facebook.com\/cervezasambar","https:\/\/x.com\/cervezasambar","https:\/\/www.instagram.com\/cervezasambar\/"]}]}},"_links":{"self":[{"href":"https:\/\/ambar.com\/tienda\/wp-json\/wp\/v2\/product\/145341","targetHints":{"allow":["GET"]}}],"collection":[{"href":"https:\/\/ambar.com\/tienda\/wp-json\/wp\/v2\/product"}],"about":[{"href":"https:\/\/ambar.com\/tienda\/wp-json\/wp\/v2\/types\/product"}],"version-history":[{"count":9,"href":"https:\/\/ambar.com\/tienda\/wp-json\/wp\/v2\/product\/145341\/revisions"}],"predecessor-version":[{"id":174985,"href":"https:\/\/ambar.com\/tienda\/wp-json\/wp\/v2\/product\/145341\/revisions\/174985"}],"wp:featuredmedia":[{"embeddable":true,"href":"https:\/\/ambar.com\/tienda\/wp-json\/wp\/v2\/media\/173594"}],"wp:attachment":[{"href":"https:\/\/ambar.com\/tienda\/wp-json\/wp\/v2\/media?parent=145341"}],"wp:term":[{"taxonomy":"product_brand","embeddable":true,"href":"https:\/\/ambar.com\/tienda\/wp-json\/wp\/v2\/product_brand?post=145341"},{"taxonomy":"product_cat","embeddable":true,"href":"https:\/\/ambar.com\/tienda\/wp-json\/wp\/v2\/product_cat?post=145341"},{"taxonomy":"product_tag","embeddable":true,"href":"https:\/\/ambar.com\/tienda\/wp-json\/wp\/v2\/product_tag?post=145341"}],"curies":[{"name":"wp","href":"https:\/\/api.w.org\/{rel}","templated":true}]}}