{"id":108818,"date":"2024-04-24T09:44:07","date_gmt":"2024-04-24T07:44:07","guid":{"rendered":"https:\/\/ambar.com\/tienda\/?post_type=product&#038;p=108818"},"modified":"2026-05-15T06:56:49","modified_gmt":"2026-05-15T04:56:49","slug":"botella-personalizable-ambar","status":"publish","type":"product","link":"https:\/\/ambar.com\/tienda\/producto\/botella-personalizable-ambar\/","title":{"rendered":"Botella personalizable Ambar"},"content":{"rendered":"<p>[et_pb_section fb_built=\u00bb1&#8243; admin_label=\u00bbInfo\u00bb module_class=\u00bbimage-description viewport-section\u00bb _builder_version=\u00bb4.19.4&#8243; _module_preset=\u00bbdefault\u00bb width=\u00bb100%\u00bb max_width=\u00bb100%\u00bb da_disable_devices=\u00bboff|off|off\u00bb collapsed=\u00bboff\u00bb global_colors_info=\u00bb{}\u00bb da_is_popup=\u00bboff\u00bb da_exit_intent=\u00bboff\u00bb da_has_close=\u00bbon\u00bb da_alt_close=\u00bboff\u00bb da_dark_close=\u00bboff\u00bb da_not_modal=\u00bbon\u00bb da_is_singular=\u00bboff\u00bb da_with_loader=\u00bboff\u00bb da_has_shadow=\u00bbon\u00bb][et_pb_row column_structure=\u00bb1_2,1_2&#8243; _builder_version=\u00bb4.19.4&#8243; background_size=\u00bbinitial\u00bb background_position=\u00bbtop_left\u00bb background_repeat=\u00bbrepeat\u00bb width=\u00bb100%\u00bb custom_padding=\u00bb0px||||false|false\u00bb global_colors_info=\u00bb{}\u00bb][et_pb_column type=\u00bb1_2&#8243; module_class=\u00bbleft-column\u00bb _builder_version=\u00bb4.19.4&#8243; custom_padding=\u00bb|||\u00bb global_colors_info=\u00bb{}\u00bb custom_padding__hover=\u00bb|||\u00bb][et_pb_wc_images _builder_version=\u00bb4.19.4&#8243; _module_preset=\u00bbdefault\u00bb global_colors_info=\u00bb{}\u00bb][\/et_pb_wc_images][\/et_pb_column][et_pb_column type=\u00bb1_2&#8243; _builder_version=\u00bb4.16&#8243; custom_padding=\u00bb|||\u00bb global_colors_info=\u00bb{}\u00bb custom_padding__hover=\u00bb|||\u00bb][et_pb_wc_title module_class=\u00bbheading black\u00bb _builder_version=\u00bb4.19.4&#8243; global_colors_info=\u00bb{}\u00bb][\/et_pb_wc_title][et_pb_wc_description module_class=\u00bbdescription-block description-short black\u00bb _builder_version=\u00bb4.19.4&#8243; global_colors_info=\u00bb{}\u00bb][\/et_pb_wc_description][et_pb_wc_price module_class=\u00bbdescription-block black price-block\u00bb _builder_version=\u00bb4.19.4&#8243; _module_preset=\u00bbdefault\u00bb global_colors_info=\u00bb{}\u00bb][\/et_pb_wc_price][et_pb_wc_add_to_cart _builder_version=\u00bb4.16&#8243; global_colors_info=\u00bb{}\u00bb][\/et_pb_wc_add_to_cart][\/et_pb_column][\/et_pb_row][\/et_pb_section][et_pb_section fb_built=\u00bb1&#8243; disabled_on=\u00bbon|on|on\u00bb admin_label=\u00bbSecci\u00f3n\u00bb module_id=\u00bbdescripcion-cerveza\u00bb module_class=\u00bbviewport-section height-eighty half-image\u00bb _builder_version=\u00bb4.19.4&#8243; _module_preset=\u00bbdefault\u00bb background_color=\u00bb#f2f2f2&#8243; custom_css_main_element=\u00bbjustify-content:center;\u00bb da_disable_devices=\u00bboff|off|off\u00bb disabled=\u00bbon\u00bb global_colors_info=\u00bb{}\u00bb da_is_popup=\u00bboff\u00bb da_exit_intent=\u00bboff\u00bb da_has_close=\u00bbon\u00bb da_alt_close=\u00bboff\u00bb da_dark_close=\u00bboff\u00bb da_not_modal=\u00bbon\u00bb da_is_singular=\u00bboff\u00bb da_with_loader=\u00bboff\u00bb da_has_shadow=\u00bbon\u00bb][et_pb_row column_structure=\u00bb1_2,1_2&#8243; use_custom_gutter=\u00bbon\u00bb gutter_width=\u00bb1&#8243; make_equal=\u00bbon\u00bb disabled_on=\u00bbon|on|on\u00bb _builder_version=\u00bb4.19.4&#8243; _module_preset=\u00bbdefault\u00bb background_enable_image=\u00bboff\u00bb width=\u00bb100%\u00bb max_width=\u00bb2560px\u00bb disabled=\u00bbon\u00bb global_colors_info=\u00bb{}\u00bb][et_pb_column type=\u00bb1_2&#8243; module_class=\u00bbleft-column\u00bb _builder_version=\u00bb4.19.4&#8243; _module_preset=\u00bbdefault\u00bb background_enable_color=\u00bboff\u00bb global_colors_info=\u00bb{}\u00bb][et_pb_text module_class=\u00bbheading\u00bb _builder_version=\u00bb4.19.4&#8243; _module_preset=\u00bbdefault\u00bb global_colors_info=\u00bb{}\u00bb]<\/p>\n<h3>Hola Triple Zero. Adi\u00f3s Excusas<\/h3>\n<p>[\/et_pb_text][et_pb_text module_class=\u00bbdescription-block\u00bb _builder_version=\u00bb4.19.4&#8243; _module_preset=\u00bbdefault\u00bb global_colors_info=\u00bb{}\u00bb]<strong>Alcohol:<\/strong> Cerveza sin alcohol 0,0% \u00a0v\/v<br \/>\n<strong>Extracto: <\/strong>real 1\u00baP<br \/>\n<strong>Amargor: <\/strong>21 IBU<br \/>\n<strong>Al\u00e9rgenos:<\/strong> Contiene malta de cebada<br \/>\n<strong>Ingredientes:\u00a0\u00a0<\/strong>Agua, malta de cebada, arroz, fibra alimentaria, l\u00fapulo, aromas.<br \/>\n<strong>Contenido nutricional en 100ml: <\/strong>Valor energ\u00e9tico: 77 kJ \/ 18 kcal. Grasas: 0g, de las cuales saturadas 0g,Hidratos de carbono: 4g ,(0g de los cuales son az\u00facares y 1g Prote\u00ednas)<br \/>\n[\/et_pb_text][et_pb_text module_class=\u00bbinfo-descripcion-cerveza first\u00bb _builder_version=\u00bb4.19.4&#8243; _module_preset=\u00bbdefault\u00bb global_colors_info=\u00bb{}\u00bb]Grado de alcohol <strong>0,0% <sup>Vol.<\/sup><\/strong><br \/>\n[\/et_pb_text][et_pb_text module_class=\u00bbinfo-descripcion-cerveza\u00bb _builder_version=\u00bb4.19.4&#8243; _module_preset=\u00bbdefault\u00bb global_colors_info=\u00bb{}\u00bb]Amargor <strong>21 <sup>IBU<\/sup><\/strong><br \/>\n[\/et_pb_text][\/et_pb_column][et_pb_column type=\u00bb1_2&#8243; module_class=\u00bbright-column\u00bb _builder_version=\u00bb4.19.4&#8243; _module_preset=\u00bbdefault\u00bb background_image=\u00bbhttps:\/\/ambarshop.demohiberus.com\/wp-content\/uploads\/2020\/10\/31.jpg\u00bb global_colors_info=\u00bb{}\u00bb][\/et_pb_column][\/et_pb_row][et_pb_row module_class=\u00bbwidth_1280&#8243; _builder_version=\u00bb4.19.4&#8243; background_size=\u00bbinitial\u00bb background_position=\u00bbtop_left\u00bb background_repeat=\u00bbrepeat\u00bb width=\u00bb100%\u00bb global_colors_info=\u00bb{}\u00bb][et_pb_column type=\u00bb4_4&#8243; _builder_version=\u00bb4.16&#8243; custom_padding=\u00bb|||\u00bb global_colors_info=\u00bb{}\u00bb custom_padding__hover=\u00bb|||\u00bb][et_pb_wc_related_products posts_number=\u00bb4&#8243; columns_number=\u00bb4&#8243; include_categories=\u00bb70&#8243; show_rating=\u00bboff\u00bb show_sale_badge=\u00bboff\u00bb admin_label=\u00bbWoo Productos relacionados\u00bb _builder_version=\u00bb4.19.4&#8243; global_colors_info=\u00bb{}\u00bb][\/et_pb_wc_related_products][\/et_pb_column][\/et_pb_row][\/et_pb_section][et_pb_section fb_built=\u00bb1&#8243; module_class=\u00bbwoo-related-products\u00bb _builder_version=\u00bb4.19.4&#8243; _module_preset=\u00bbdefault\u00bb da_disable_devices=\u00bboff|off|off\u00bb locked=\u00bboff\u00bb collapsed=\u00bboff\u00bb global_colors_info=\u00bb{}\u00bb da_is_popup=\u00bboff\u00bb da_exit_intent=\u00bboff\u00bb da_has_close=\u00bbon\u00bb da_alt_close=\u00bboff\u00bb da_dark_close=\u00bboff\u00bb da_not_modal=\u00bbon\u00bb da_is_singular=\u00bboff\u00bb da_with_loader=\u00bboff\u00bb da_has_shadow=\u00bbon\u00bb][et_pb_row module_class=\u00bbwidth_1280&#8243; _builder_version=\u00bb4.19.4&#8243; background_size=\u00bbinitial\u00bb background_position=\u00bbtop_left\u00bb background_repeat=\u00bbrepeat\u00bb width=\u00bb100%\u00bb global_colors_info=\u00bb{}\u00bb][et_pb_column type=\u00bb4_4&#8243; _builder_version=\u00bb4.16&#8243; custom_padding=\u00bb|||\u00bb global_colors_info=\u00bb{}\u00bb custom_padding__hover=\u00bb|||\u00bb][et_pb_text module_class=\u00bbblock-title\u00bb _builder_version=\u00bb4.21.0&#8243; _module_preset=\u00bbdefault\u00bb global_colors_info=\u00bb{}\u00bb]<\/p>\n<p>GADGETS CERVECEROS<\/p>\n<h2>Productos relacionados<\/h2>\n<p>[\/et_pb_text][et_pb_wc_related_products posts_number=\u00bb4&#8243; columns_number=\u00bb4&#8243; include_categories=\u00bb80&#8243; admin_label=\u00bbWoo Productos relacionados\u00bb _builder_version=\u00bb4.21.0&#8243; _dynamic_attributes=\u00bblink_option_url\u00bb link_option_url=\u00bb@ET-DC@eyJkeW5hbWljIjp0cnVlLCJjb250ZW50IjoicG9zdF9saW5rX3VybCIsInNldHRpbmdzIjp7fX0=@\u00bb global_colors_info=\u00bb{}\u00bb][\/et_pb_wc_related_products][\/et_pb_column][\/et_pb_row][\/et_pb_section]<\/p>\n","protected":false},"excerpt":{"rendered":"<p>Dale un toque personal a tu experiencia cervecera con nuestras botellas personalizables. Elige letras, n\u00fameros y los s\u00edmbolos \u00ab&amp;\u00bb, \u00ab@\u00bb, \u00ab\u00a1\u00bb, \u00ab!\u00bb, \u00ab\u00bf\u00bb, \u00ab?\u00bb, \u00ab\/\u00bb para formar palabras, iniciales, fechas o mensajes \u00fanicos. Ya sea para regalar o para ti, estas botellas son perfectas para cualquier ocasi\u00f3n \u00a1Deja volar tu imaginaci\u00f3n y crea combinaciones exclusivas!<\/p>\n<p><strong>Detalles del Producto<\/strong>:<\/p>\n<ul>\n<li>Personalizaci\u00f3n disponible con letras, n\u00fameros y los s\u00edmbolos <span aria-hidden=\"true\">\u00ab&amp;\u00bb<\/span><span class=\"sr-only\">ampersand<\/span>, <span aria-hidden=\"true\">\u00ab@\u00bb<\/span><span class=\"sr-only\">arroba<\/span>, <span aria-hidden=\"true\">\u00ab\u00a1\u00bb<\/span><span class=\"sr-only\">apertura exclamaci\u00f3n<\/span>, <span aria-hidden=\"true\">\u00ab!\u00bb<\/span><span class=\"sr-only\">cierre exclamaci\u00f3n<\/span>, <span aria-hidden=\"true\">\u00ab\u00bf\u00bb<\/span><span class=\"sr-only\">apertura interrogaci\u00f3n<\/span>, <span aria-hidden=\"true\">\u00ab?\u00bb<\/span><span class=\"sr-only\">cierre interrogaci\u00f3n<\/span>, <span aria-hidden=\"true\">\u00ab\/\u00bb<\/span><span class=\"sr-only\">barra inclinada a la derecha<\/span><\/li>\n<li>Un car\u00e1cter por botella<\/li>\n<li>Ideal para formar palabras y mensajes personalizados<\/li>\n<li>Nota: No se permiten acentos ni otros s\u00edmbolos especiales<\/li>\n<\/ul>\n<p><strong>Importante<\/strong>: El c\u00e1lculo del precio total se realizar\u00e1 al escribir en el campo de texto la palabra o palabras que deseas formar.<\/p>\n","protected":false},"featured_media":112494,"template":"","meta":{"_acf_changed":false,"_et_pb_use_builder":"on","_et_pb_old_content":"","_et_gb_content_width":"","footnotes":""},"product_brand":[],"product_cat":[81],"product_tag":[68,128],"class_list":{"0":"post-108818","1":"product","2":"type-product","3":"status-publish","4":"has-post-thumbnail","6":"product_cat-packs-cerveceros","7":"product_tag-cupon","8":"product_tag-pack-cervecero","9":"product_shipping_class-envio-normal","11":"first","12":"instock","13":"shipping-taxable","14":"purchasable","15":"product-type-simple"},"acf":[],"yoast_head":"<!-- This site is optimized with the Yoast SEO plugin v27.3 - https:\/\/yoast.com\/product\/yoast-seo-wordpress\/ -->\n<title>Botella personalizable Ambar | Cervezas Ambar<\/title>\n<meta name=\"description\" content=\"Dale un toque personal a tu experiencia cervecera con nuestras botellas personalizables. Elige letras, n\u00fameros y s\u00edmbolos para formar palabras, iniciales, fechas o mensajes \u00fanicos.\" \/>\n<meta name=\"robots\" content=\"index, nofollow, max-video-preview:-1, noimageindex, noarchive, nosnippet\" \/>\n<link rel=\"canonical\" href=\"https:\/\/ambar.com\/tienda\/producto\/botella-personalizable-ambar\/\" \/>\n<meta property=\"og:locale\" content=\"es_ES\" \/>\n<meta property=\"og:type\" content=\"article\" \/>\n<meta property=\"og:title\" content=\"Botella personalizable Ambar | Cervezas Ambar\" \/>\n<meta property=\"og:description\" content=\"Dale un toque personal a tu experiencia cervecera con nuestras botellas personalizables. Elige letras, n\u00fameros y s\u00edmbolos para formar palabras, iniciales, fechas o mensajes \u00fanicos.\" \/>\n<meta property=\"og:url\" content=\"https:\/\/ambar.com\/tienda\/producto\/botella-personalizable-ambar\/\" \/>\n<meta property=\"og:site_name\" content=\"Tienda de cervezas online\" \/>\n<meta property=\"article:publisher\" content=\"https:\/\/www.facebook.com\/cervezasambar\" \/>\n<meta property=\"article:modified_time\" content=\"2026-05-15T04:56:49+00:00\" \/>\n<meta property=\"og:image\" content=\"https:\/\/ambar.com\/tienda\/wp-content\/uploads\/2024\/04\/Botella-personalizable-3.png\" \/>\n\t<meta property=\"og:image:width\" content=\"500\" \/>\n\t<meta property=\"og:image:height\" content=\"500\" \/>\n\t<meta property=\"og:image:type\" content=\"image\/png\" \/>\n<meta name=\"twitter:card\" content=\"summary_large_image\" \/>\n<meta name=\"twitter:site\" content=\"@cervezasambar\" \/>\n<meta name=\"twitter:label1\" content=\"Tiempo de lectura\" \/>\n\t<meta name=\"twitter:data1\" content=\"1 minuto\" \/>\n<script type=\"application\/ld+json\" class=\"yoast-schema-graph\">{\"@context\":\"https:\\\/\\\/schema.org\",\"@graph\":[{\"@type\":\"WebPage\",\"@id\":\"https:\\\/\\\/ambar.com\\\/tienda\\\/producto\\\/botella-personalizable-ambar\\\/\",\"url\":\"https:\\\/\\\/ambar.com\\\/tienda\\\/producto\\\/botella-personalizable-ambar\\\/\",\"name\":\"Botella personalizable Ambar | Cervezas Ambar\",\"isPartOf\":{\"@id\":\"https:\\\/\\\/ambar.com\\\/tienda\\\/#website\"},\"primaryImageOfPage\":{\"@id\":\"https:\\\/\\\/ambar.com\\\/tienda\\\/producto\\\/botella-personalizable-ambar\\\/#primaryimage\"},\"image\":{\"@id\":\"https:\\\/\\\/ambar.com\\\/tienda\\\/producto\\\/botella-personalizable-ambar\\\/#primaryimage\"},\"thumbnailUrl\":\"https:\\\/\\\/ambar.com\\\/tienda\\\/wp-content\\\/uploads\\\/2024\\\/04\\\/Botella-personalizable-3.png\",\"datePublished\":\"2024-04-24T07:44:07+00:00\",\"dateModified\":\"2026-05-15T04:56:49+00:00\",\"description\":\"Dale un toque personal a tu experiencia cervecera con nuestras botellas personalizables. Elige letras, n\u00fameros y s\u00edmbolos para formar palabras, iniciales, fechas o mensajes \u00fanicos.\",\"inLanguage\":\"es\",\"potentialAction\":[{\"@type\":\"ReadAction\",\"target\":[\"https:\\\/\\\/ambar.com\\\/tienda\\\/producto\\\/botella-personalizable-ambar\\\/\"]}]},{\"@type\":\"ImageObject\",\"inLanguage\":\"es\",\"@id\":\"https:\\\/\\\/ambar.com\\\/tienda\\\/producto\\\/botella-personalizable-ambar\\\/#primaryimage\",\"url\":\"https:\\\/\\\/ambar.com\\\/tienda\\\/wp-content\\\/uploads\\\/2024\\\/04\\\/Botella-personalizable-3.png\",\"contentUrl\":\"https:\\\/\\\/ambar.com\\\/tienda\\\/wp-content\\\/uploads\\\/2024\\\/04\\\/Botella-personalizable-3.png\",\"width\":500,\"height\":500,\"caption\":\"Diez botellas de cerveza \u00c1mbar dispuestas en dos filas. Cada botella tiene una letra grande en la etiqueta, que juntas forman la frase \\\"ERES LA CA\u00d1A\\\".\"},{\"@type\":\"WebSite\",\"@id\":\"https:\\\/\\\/ambar.com\\\/tienda\\\/#website\",\"url\":\"https:\\\/\\\/ambar.com\\\/tienda\\\/\",\"name\":\"Tienda de cervezas online\",\"description\":\"Nuestra tienda de cervezas Ambar ofrece diferentes packs cerveceros con la comodidad de ser una tienda de cervezas online. Compra cerveza online con un solo clic.\",\"publisher\":{\"@id\":\"https:\\\/\\\/ambar.com\\\/tienda\\\/#organization\"},\"potentialAction\":[{\"@type\":\"SearchAction\",\"target\":{\"@type\":\"EntryPoint\",\"urlTemplate\":\"https:\\\/\\\/ambar.com\\\/tienda\\\/?s={search_term_string}\"},\"query-input\":{\"@type\":\"PropertyValueSpecification\",\"valueRequired\":true,\"valueName\":\"search_term_string\"}}],\"inLanguage\":\"es\"},{\"@type\":\"Organization\",\"@id\":\"https:\\\/\\\/ambar.com\\\/tienda\\\/#organization\",\"name\":\"Ambar\",\"url\":\"https:\\\/\\\/ambar.com\\\/tienda\\\/\",\"logo\":{\"@type\":\"ImageObject\",\"inLanguage\":\"es\",\"@id\":\"https:\\\/\\\/ambar.com\\\/tienda\\\/#\\\/schema\\\/logo\\\/image\\\/\",\"url\":\"https:\\\/\\\/ambar.com\\\/tienda\\\/wp-content\\\/uploads\\\/2023\\\/01\\\/ambar-logo-red.png\",\"contentUrl\":\"https:\\\/\\\/ambar.com\\\/tienda\\\/wp-content\\\/uploads\\\/2023\\\/01\\\/ambar-logo-red.png\",\"width\":660,\"height\":116,\"caption\":\"Ambar\"},\"image\":{\"@id\":\"https:\\\/\\\/ambar.com\\\/tienda\\\/#\\\/schema\\\/logo\\\/image\\\/\"},\"sameAs\":[\"https:\\\/\\\/www.facebook.com\\\/cervezasambar\",\"https:\\\/\\\/x.com\\\/cervezasambar\",\"https:\\\/\\\/www.instagram.com\\\/cervezasambar\\\/\"]}]}<\/script>\n<!-- \/ Yoast SEO plugin. -->","yoast_head_json":{"title":"Botella personalizable Ambar | Cervezas Ambar","description":"Dale un toque personal a tu experiencia cervecera con nuestras botellas personalizables. Elige letras, n\u00fameros y s\u00edmbolos para formar palabras, iniciales, fechas o mensajes \u00fanicos.","robots":{"index":"index","follow":"nofollow","max-video-preview":"max-video-preview:-1","imageindex":"noimageindex","archive":"noarchive","snippet":"nosnippet"},"canonical":"https:\/\/ambar.com\/tienda\/producto\/botella-personalizable-ambar\/","og_locale":"es_ES","og_type":"article","og_title":"Botella personalizable Ambar | Cervezas Ambar","og_description":"Dale un toque personal a tu experiencia cervecera con nuestras botellas personalizables. Elige letras, n\u00fameros y s\u00edmbolos para formar palabras, iniciales, fechas o mensajes \u00fanicos.","og_url":"https:\/\/ambar.com\/tienda\/producto\/botella-personalizable-ambar\/","og_site_name":"Tienda de cervezas online","article_publisher":"https:\/\/www.facebook.com\/cervezasambar","article_modified_time":"2026-05-15T04:56:49+00:00","og_image":[{"width":500,"height":500,"url":"https:\/\/ambar.com\/tienda\/wp-content\/uploads\/2024\/04\/Botella-personalizable-3.png","type":"image\/png"}],"twitter_card":"summary_large_image","twitter_site":"@cervezasambar","twitter_misc":{"Tiempo de lectura":"1 minuto"},"schema":{"@context":"https:\/\/schema.org","@graph":[{"@type":"WebPage","@id":"https:\/\/ambar.com\/tienda\/producto\/botella-personalizable-ambar\/","url":"https:\/\/ambar.com\/tienda\/producto\/botella-personalizable-ambar\/","name":"Botella personalizable Ambar | Cervezas Ambar","isPartOf":{"@id":"https:\/\/ambar.com\/tienda\/#website"},"primaryImageOfPage":{"@id":"https:\/\/ambar.com\/tienda\/producto\/botella-personalizable-ambar\/#primaryimage"},"image":{"@id":"https:\/\/ambar.com\/tienda\/producto\/botella-personalizable-ambar\/#primaryimage"},"thumbnailUrl":"https:\/\/ambar.com\/tienda\/wp-content\/uploads\/2024\/04\/Botella-personalizable-3.png","datePublished":"2024-04-24T07:44:07+00:00","dateModified":"2026-05-15T04:56:49+00:00","description":"Dale un toque personal a tu experiencia cervecera con nuestras botellas personalizables. Elige letras, n\u00fameros y s\u00edmbolos para formar palabras, iniciales, fechas o mensajes \u00fanicos.","inLanguage":"es","potentialAction":[{"@type":"ReadAction","target":["https:\/\/ambar.com\/tienda\/producto\/botella-personalizable-ambar\/"]}]},{"@type":"ImageObject","inLanguage":"es","@id":"https:\/\/ambar.com\/tienda\/producto\/botella-personalizable-ambar\/#primaryimage","url":"https:\/\/ambar.com\/tienda\/wp-content\/uploads\/2024\/04\/Botella-personalizable-3.png","contentUrl":"https:\/\/ambar.com\/tienda\/wp-content\/uploads\/2024\/04\/Botella-personalizable-3.png","width":500,"height":500,"caption":"Diez botellas de cerveza \u00c1mbar dispuestas en dos filas. Cada botella tiene una letra grande en la etiqueta, que juntas forman la frase \"ERES LA CA\u00d1A\"."},{"@type":"WebSite","@id":"https:\/\/ambar.com\/tienda\/#website","url":"https:\/\/ambar.com\/tienda\/","name":"Tienda de cervezas online","description":"Nuestra tienda de cervezas Ambar ofrece diferentes packs cerveceros con la comodidad de ser una tienda de cervezas online. Compra cerveza online con un solo clic.","publisher":{"@id":"https:\/\/ambar.com\/tienda\/#organization"},"potentialAction":[{"@type":"SearchAction","target":{"@type":"EntryPoint","urlTemplate":"https:\/\/ambar.com\/tienda\/?s={search_term_string}"},"query-input":{"@type":"PropertyValueSpecification","valueRequired":true,"valueName":"search_term_string"}}],"inLanguage":"es"},{"@type":"Organization","@id":"https:\/\/ambar.com\/tienda\/#organization","name":"Ambar","url":"https:\/\/ambar.com\/tienda\/","logo":{"@type":"ImageObject","inLanguage":"es","@id":"https:\/\/ambar.com\/tienda\/#\/schema\/logo\/image\/","url":"https:\/\/ambar.com\/tienda\/wp-content\/uploads\/2023\/01\/ambar-logo-red.png","contentUrl":"https:\/\/ambar.com\/tienda\/wp-content\/uploads\/2023\/01\/ambar-logo-red.png","width":660,"height":116,"caption":"Ambar"},"image":{"@id":"https:\/\/ambar.com\/tienda\/#\/schema\/logo\/image\/"},"sameAs":["https:\/\/www.facebook.com\/cervezasambar","https:\/\/x.com\/cervezasambar","https:\/\/www.instagram.com\/cervezasambar\/"]}]}},"_links":{"self":[{"href":"https:\/\/ambar.com\/tienda\/wp-json\/wp\/v2\/product\/108818","targetHints":{"allow":["GET"]}}],"collection":[{"href":"https:\/\/ambar.com\/tienda\/wp-json\/wp\/v2\/product"}],"about":[{"href":"https:\/\/ambar.com\/tienda\/wp-json\/wp\/v2\/types\/product"}],"version-history":[{"count":29,"href":"https:\/\/ambar.com\/tienda\/wp-json\/wp\/v2\/product\/108818\/revisions"}],"predecessor-version":[{"id":172289,"href":"https:\/\/ambar.com\/tienda\/wp-json\/wp\/v2\/product\/108818\/revisions\/172289"}],"wp:featuredmedia":[{"embeddable":true,"href":"https:\/\/ambar.com\/tienda\/wp-json\/wp\/v2\/media\/112494"}],"wp:attachment":[{"href":"https:\/\/ambar.com\/tienda\/wp-json\/wp\/v2\/media?parent=108818"}],"wp:term":[{"taxonomy":"product_brand","embeddable":true,"href":"https:\/\/ambar.com\/tienda\/wp-json\/wp\/v2\/product_brand?post=108818"},{"taxonomy":"product_cat","embeddable":true,"href":"https:\/\/ambar.com\/tienda\/wp-json\/wp\/v2\/product_cat?post=108818"},{"taxonomy":"product_tag","embeddable":true,"href":"https:\/\/ambar.com\/tienda\/wp-json\/wp\/v2\/product_tag?post=108818"}],"curies":[{"name":"wp","href":"https:\/\/api.w.org\/{rel}","templated":true}]}}