{"id":10693,"date":"2023-03-02T16:27:51","date_gmt":"2023-03-02T15:27:51","guid":{"rendered":"https:\/\/ambar.com\/tienda\/?post_type=product&#038;p=10693"},"modified":"2026-04-16T11:34:54","modified_gmt":"2026-04-16T09:34:54","slug":"cata-de-cervezas-ambar","status":"publish","type":"product","link":"https:\/\/ambar.com\/tienda\/producto\/cata-de-cervezas-ambar\/","title":{"rendered":"Cata de Cervezas Ambar"},"content":{"rendered":"<p>[et_pb_section fb_built=\u00bb1&#8243; module_class=\u00bbsection-product-description\u00bb _builder_version=\u00bb4.19.4&#8243; _module_preset=\u00bbdefault\u00bb custom_padding=\u00bb0px||||false|false\u00bb da_disable_devices=\u00bboff|off|off\u00bb global_colors_info=\u00bb{}\u00bb da_is_popup=\u00bboff\u00bb da_exit_intent=\u00bboff\u00bb da_has_close=\u00bbon\u00bb da_alt_close=\u00bboff\u00bb da_dark_close=\u00bboff\u00bb da_not_modal=\u00bbon\u00bb da_is_singular=\u00bboff\u00bb da_with_loader=\u00bboff\u00bb da_has_shadow=\u00bbon\u00bb][et_pb_row column_structure=\u00bb1_2,1_2&#8243; _builder_version=\u00bb4.19.4&#8243; _module_preset=\u00bb88750aa7-e803-40ad-a673-2af4d4925e16&#8243; background_size=\u00bbinitial\u00bb background_position=\u00bbtop_left\u00bb background_repeat=\u00bbrepeat\u00bb width=\u00bb100%\u00bb max_width=\u00bbnone\u00bb custom_padding=\u00bb0px||||false|false\u00bb global_colors_info=\u00bb{}\u00bb][et_pb_column type=\u00bb1_2&#8243; module_class=\u00bbexperiencia__column-1&#8243; _builder_version=\u00bb4.19.4&#8243; _module_preset=\u00bbdefault\u00bb custom_padding=\u00bb|||\u00bb global_colors_info=\u00bb{}\u00bb custom_padding__hover=\u00bb|||\u00bb][et_pb_wc_images _builder_version=\u00bb4.19.4&#8243; _module_preset=\u00bbdefault\u00bb global_colors_info=\u00bb{}\u00bb][\/et_pb_wc_images][\/et_pb_column][et_pb_column type=\u00bb1_2&#8243; module_class=\u00bbexperiencia__column-2&#8243; _builder_version=\u00bb4.19.4&#8243; _module_preset=\u00bbdefault\u00bb custom_padding=\u00bb|||\u00bb global_colors_info=\u00bb{}\u00bb custom_padding__hover=\u00bb|||\u00bb][et_pb_wc_title module_class=\u00bbheading__block\u00bb _builder_version=\u00bb4.19.4&#8243; _module_preset=\u00bbdefault\u00bb global_colors_info=\u00bb{}\u00bb][\/et_pb_wc_title][et_pb_text admin_label=\u00bbTexto\u00bb module_class=\u00bbmain__block\u00bb _builder_version=\u00bb4.21.0&#8243; _module_preset=\u00bbdefault\u00bb global_colors_info=\u00bb{}\u00bb]<\/p>\n<h2>Descubre todo lo que el mundo de la cerveza te puede ofrecer<\/h2>\n<p><strong>Para cerveceros de sorbo corto, de trago largo y, sobre todo, para quienes quieren entender lo que hay detr\u00e1s de una buena cerveza.<\/strong> En esta experiencia aprender\u00e1s a identificar aromas, matices y sensaciones mientras degustas cinco de nuestras variedades seleccionadas especialmente para la ocasi\u00f3n.<\/p>\n<div>\n<p>La cata se realiza en nuestra F\u00e1brica AMBAR, el lugar donde elaboramos nuestras cervezas desde 1900, un entorno que potencia cada detalle y convierte la experiencia en algo \u00fanico.<\/p>\n<p><strong>\u00bfQu\u00e9 incluye la cata?<\/strong><\/p>\n<div>\n<p>La cata incluye una degustaci\u00f3n guiada de <strong>5 cervezas AMBAR<\/strong> y explicaci\u00f3n sensorial de cada una.<br \/><strong>No incluye<\/strong> visita guiada por la f\u00e1brica.<\/p>\n<\/div>\n<\/div>\n<div>\n<p><strong>\u00bfCu\u00e1nto dura la experiencia?<\/strong><\/p>\n<\/div>\n<div>\n<p>Una hora y media&#8230; que se te har\u00e1 corta.<\/p>\n<\/div>\n<p>&nbsp;<\/p>\n<p>[\/et_pb_text][\/et_pb_column][\/et_pb_row][\/et_pb_section][et_pb_section fb_built=\u00bb1&#8243; module_class=\u00bbsection-background-grey\u00bb _builder_version=\u00bb4.19.4&#8243; _module_preset=\u00bbdefault\u00bb da_disable_devices=\u00bboff|off|off\u00bb global_colors_info=\u00bb{}\u00bb da_is_popup=\u00bboff\u00bb da_exit_intent=\u00bboff\u00bb da_has_close=\u00bbon\u00bb da_alt_close=\u00bboff\u00bb da_dark_close=\u00bboff\u00bb da_not_modal=\u00bbon\u00bb da_is_singular=\u00bboff\u00bb da_with_loader=\u00bboff\u00bb da_has_shadow=\u00bbon\u00bb][et_pb_row module_class=\u00bbwidth__1280&#8243; _builder_version=\u00bb4.19.4&#8243; _module_preset=\u00bb88750aa7-e803-40ad-a673-2af4d4925e16&#8243; width=\u00bb90%\u00bb global_colors_info=\u00bb{}\u00bb][et_pb_column type=\u00bb4_4&#8243; _builder_version=\u00bb4.19.4&#8243; _module_preset=\u00bbdefault\u00bb global_colors_info=\u00bb{}\u00bb][et_pb_code _builder_version=\u00bb4.19.4&#8243; _module_preset=\u00bbdefault\u00bb global_colors_info=\u00bb{}\u00bb]\n<noscript>Tu navegador debe ser compatible con JavaScript para hacer una reserva.<\/noscript>\n\n<form data-product_data=[[\"Adultos\",\"15\",\"visita-fabrica-1\"]] class=\"cart wc-bookings-booking-form\" method=\"post\"\n    enctype='multipart\/form-data' data-nonce=\"af51cb8e5b\">\n\n    <h2>Haz una reserva<\/h2>\n\n    <div id=\"wc-bookings-booking-form\"\n        class=\"wc-bookings-booking-form\"\n        style=\"display:none\">\n\n        \n        <div class=\"form-field form-field-wide form-field-number wc_bookings_field_persons_10823\">\n    <span class=\"form-field-title\">Tipo de tickets:<\/span>\n    <div class=\"quantity-wrapper\">\n        <button aria-label=\"Disminuir cantidad en una unidad\"><span aria-hidden=\"true\" class=\"button-quantity minus\">-<\/span><\/button>\n        <span class=\"quantity\">\n            <input\n                type=\"number\"\n                value=\"1\"\n                step=\"1\"\n                min=\"1\"\n                max=\"12\"\n                name=\"wc_bookings_field_persons_10823\"\n                id=\"wc_bookings_field_persons_10823\"\/>\n        <\/span>\n        <button type=\"button\" aria-label=\"Aumentar cantidad en una unidad\"><span aria-hidden=\"true\" class=\"button-quantity plus\" >+<\/span><\/button>\n    <\/div>\n\n    <label for=\"wc_bookings_field_persons_10823\">\n        Adultos        <span> (15\u20ac por persona)<\/span>\n        <small>M\u00ednimo: 1 \/ M\u00e1ximo: 12<\/small>\n    <\/label>\n\n<\/div>\n<fieldset class=\"wc-bookings-date-picker wc_bookings_field_start_date\">\n\t<legend>\n\t\t<span class=\"label\">Selecciona un d\u00eda:<\/span>\n\t<\/legend>\n\t<div class=\"picker\" data-display=\"always_visible\" data-availability=\"[]\" data-default-availability=\"false\" data-fully-booked-days=\"[]\" data-unavailable-days=\"[]\" data-partially-booked-days=\"[]\" data-restricted-days=\"[]\" data-min_date=\"0\" data-max_date=\"+3m\" data-default_date=\"2026-04-30\"><\/div>\n\t<div class=\"wc-bookings-date-picker-date-fields\">\n\t\t\t\t<label>\n\t\t\t<input type=\"text\" name=\"wc_bookings_field_start_date_day\" placeholder=\"dd\" size=\"2\" class=\"required_for_calculation booking_date_day\" \/>\n\t\t\t<span>D\u00eda<\/span>\n\t\t<\/label> \/ <label>\n\t\t\t<input type=\"text\" name=\"wc_bookings_field_start_date_month\" placeholder=\"mm\" size=\"2\" class=\"required_for_calculation booking_date_month\" \/>\n\t\t\t<span>Mes<\/span>\n\t\t<\/label>\n\t\t\t\t\/ <label>\n\t\t\t<input type=\"text\" value=\"2026\" name=\"wc_bookings_field_start_date_year\" placeholder=\"YYYY\" size=\"4\" class=\"required_for_calculation booking_date_year\" \/>\n\t\t\t<span>A\u00f1o<\/span>\n\t\t<\/label>\n\t<\/div>\n<\/fieldset>\n\n<div class=\"datepicker-description\">\n            <ul>\n            <li class=\"bookable\">Reservable<\/li>\n            <li class=\"slots-available\">Disponibilidad parcial<\/li>\n        <\/ul>\n    \t\t\t\t\t\t\t\t<p class=\"product-duration\">1 hora 30 minutos (Aprox)<\/p>\n\t\t\t\n\t\t\t            <div class=\"product__description\">\n                <p><strong>12 plazas totales disponibles por cata.<\/strong> La duraci\u00f3n aproximada es de 1:30 horas. Cervezas Ambar se reserva el derecho a cancelar la visita por motivos de fuerza mayor. No se admiten cancelaciones. El cambio de fecha es gratuito siempre que se haga con al menos 48 horas de antelaci\u00f3n. Debido a que se trata de un recinto fabril del a\u00f1o 1900, la experiencia no est\u00e1 adaptada para personas con movilidad reducida.<\/p>\n            <\/div>\n\t\t\t<\/div>\n\n<div class=\"form-field form-field-wide\">\n\t<label for=\"wc_bookings_field_start_date\">Horario:<\/label>\n\t<ul class=\"block-picker\">\n\t\t<li>\n\t\t<\/li>\n\t<\/ul>\n    <div class=\"time-picker-description\">\n        <p>\n            Selecciona una fecha            <span>Elige arriba una fecha para ver los horarios disponibles.<\/span>\n        <\/p>\n    <\/div>\n\t<input type=\"hidden\" class=\"required_for_calculation\" name=\"wc_bookings_field_start_date_time\" id=\"wc_bookings_field_start_date\" \/>\n<\/div>\n\n\n        \n        <div class=\"wc-bookings-booking-form-button-wrapper\">\n            <input type=\"hidden\" name=\"add-to-cart\"\n                value=\"10693\"\n                class=\"wc-booking-product-id\" \/>\n            <button type=\"submit\"\n                class=\"wc-bookings-booking-form-button single_add_to_cart_button button alt disabled\"\n                style=\"display:none\">\n                Reservar ahora                <span class=\"wc-bookings-booking-cost\" style=\"display:none\"><\/span>\n            <\/button>\n\n\n            <ul>\n                <li><a href=\"\/tienda\/terminos-y-condiciones\/\" target=\"_blank\">Terminos y condiciones<\/a><\/li>\n                <li><a href=\"\/contacto?subject=experiencias\" target=\"_blank\">\u00bfTienes alguna pregunta?<\/a><\/li>\n                <li><a href=\"\/tienda\/gestion-de-reservas\/\" target=\"_blank\">\u00bfQuieres cambiar la fecha de tu reserva?<\/a><\/li>\n            <\/ul>\n        <\/div>\n    <\/div>\n\n    <input type=\"hidden\" name=\"gtm4wp_product_data\" value=\"{&quot;internal_id&quot;:10693,&quot;item_id&quot;:10693,&quot;item_name&quot;:&quot;Cata de Cervezas Ambar&quot;,&quot;sku&quot;:&quot;visita-fabrica-1&quot;,&quot;price&quot;:15,&quot;stocklevel&quot;:null,&quot;stockstatus&quot;:&quot;instock&quot;,&quot;google_business_vertical&quot;:&quot;retail&quot;,&quot;item_category&quot;:&quot;Experiencias Cerveceras&quot;,&quot;id&quot;:10693,&quot;item_brand&quot;:&quot;Experiencias Cerveceras&quot;}\" \/>\n    <\/form>\n\n    \n    \n    <script>\n        jQuery(document).ready(function() {\n            if (typeof HIB !== \"undefined\") {\n                if (typeof HIB.sweetAlert !== \"undefined\") {\n                                            HIB.sweetAlert.listeners(10823);\n                                    }\n            }\n        });\n        jQuery(document).ready(function() {\n            if (typeof HIB !== \"undefined\") {\n                if (typeof HIB.sweetAlert !== \"undefined\") {\n                                            HIB.sweetAlert.listeners(10823);\n                                    }\n            }\n        });\n    <\/script>\n[\/et_pb_code][\/et_pb_column][\/et_pb_row][et_pb_row module_class=\u00bbwidth__1080 woocommerce-booking-experience-gift\u00bb _builder_version=\u00bb4.19.4&#8243; _module_preset=\u00bb88750aa7-e803-40ad-a673-2af4d4925e16&#8243; global_colors_info=\u00bb{}\u00bb][et_pb_column type=\u00bb4_4&#8243; _builder_version=\u00bb4.19.4&#8243; _module_preset=\u00bbdefault\u00bb global_colors_info=\u00bb{}\u00bb][et_pb_image src=\u00bbhttps:\/\/ambarshop.demohiberus.com\/wp-content\/uploads\/2023\/01\/icono-regalo-white.png\u00bb _builder_version=\u00bb4.21.0&#8243; _module_preset=\u00bbdefault\u00bb global_colors_info=\u00bb{}\u00bb][\/et_pb_image][et_pb_text _builder_version=\u00bb4.19.4&#8243; _module_preset=\u00bbdefault\u00bb global_colors_info=\u00bb{}\u00bb]<\/p>\n<h2>\u00bfQuieres regalar esta experiencia?<\/h2>\n<p>Regalar experiencias est\u00e1 bien y si son cerveceras mucho mejor.<br \/>\n[\/et_pb_text][et_pb_button button_url=\u00bb@ET-DC@eyJkeW5hbWljIjp0cnVlLCJjb250ZW50IjoicG9zdF9saW5rX3VybF9wcm9kdWN0Iiwic2V0dGluZ3MiOnsicG9zdF9pZCI6IjEwNjk2In19@\u00bb button_text=\u00bbRegalar experiencia\u00bb _builder_version=\u00bb4.19.4&#8243; _dynamic_attributes=\u00bbbutton_url\u00bb _module_preset=\u00bbdefault\u00bb global_colors_info=\u00bb{}\u00bb][\/et_pb_button][\/et_pb_column][\/et_pb_row][et_pb_row module_class=\u00bbwidth__1080&#8243; _builder_version=\u00bb4.19.4&#8243; _module_preset=\u00bb88750aa7-e803-40ad-a673-2af4d4925e16&#8243; global_colors_info=\u00bb{}\u00bb][et_pb_column type=\u00bb4_4&#8243; _builder_version=\u00bb4.19.4&#8243; _module_preset=\u00bbdefault\u00bb global_colors_info=\u00bb{}\u00bb][et_pb_wc_related_products include_categories=\u00bb58&#8243; _builder_version=\u00bb4.19.4&#8243; _module_preset=\u00bbdefault\u00bb global_colors_info=\u00bb{}\u00bb][\/et_pb_wc_related_products][\/et_pb_column][\/et_pb_row][\/et_pb_section]<\/p>\n","protected":false},"excerpt":{"rendered":"<p><strong>12 plazas totales disponibles por cata.<\/strong> La duraci\u00f3n aproximada es de 1:30 horas. Cervezas Ambar se reserva el derecho a cancelar la visita por motivos de fuerza mayor. No se admiten cancelaciones. El cambio de fecha es gratuito siempre que se haga con al menos 48 horas de antelaci\u00f3n. Debido a que se trata de un recinto fabril del a\u00f1o 1900, la experiencia no est\u00e1 adaptada para personas con movilidad reducida.<\/p>\n","protected":false},"featured_media":10705,"template":"","meta":{"_acf_changed":false,"_et_pb_use_builder":"on","_et_pb_old_content":"","_et_gb_content_width":"","footnotes":""},"product_brand":[],"product_cat":[58],"product_tag":[69],"class_list":{"0":"post-10693","1":"product","2":"type-product","3":"status-publish","4":"has-post-thumbnail","6":"product_cat-experiencias","7":"product_tag-grupos","9":"first","10":"instock","11":"virtual","12":"sold-individually","13":"purchasable","14":"product-type-booking"},"acf":[],"yoast_head":"<!-- This site is optimized with the Yoast SEO plugin v27.3 - https:\/\/yoast.com\/product\/yoast-seo-wordpress\/ -->\n<title>Reserva online la cata de cervezas Ambar | Cervezas Ambar<\/title>\n<meta name=\"description\" content=\"Ahora ya puedes reservar online la cata de cervezas Ambar. Consulta la disponibilidad de fechas y horarios y reserva con antelaci\u00f3n.\" \/>\n<meta name=\"robots\" content=\"index, follow, max-snippet:-1, max-image-preview:large, max-video-preview:-1\" \/>\n<link rel=\"canonical\" href=\"https:\/\/ambar.com\/tienda\/producto\/cata-de-cervezas-ambar\/\" \/>\n<meta property=\"og:locale\" content=\"es_ES\" \/>\n<meta property=\"og:type\" content=\"article\" \/>\n<meta property=\"og:title\" content=\"Reserva online la cata de cervezas Ambar | Cervezas Ambar\" \/>\n<meta property=\"og:description\" content=\"Ahora ya puedes reservar online la cata de cervezas Ambar. Consulta la disponibilidad de fechas y horarios y reserva con antelaci\u00f3n.\" \/>\n<meta property=\"og:url\" content=\"https:\/\/ambar.com\/tienda\/producto\/cata-de-cervezas-ambar\/\" \/>\n<meta property=\"og:site_name\" content=\"Tienda de cervezas online\" \/>\n<meta property=\"article:publisher\" content=\"https:\/\/www.facebook.com\/cervezasambar\" \/>\n<meta property=\"article:modified_time\" content=\"2026-04-16T09:34:54+00:00\" \/>\n<meta property=\"og:image\" content=\"https:\/\/ambar.com\/tienda\/wp-content\/uploads\/2023\/03\/JAV_7132-1.jpg\" \/>\n\t<meta property=\"og:image:width\" content=\"1600\" \/>\n\t<meta property=\"og:image:height\" content=\"1068\" \/>\n\t<meta property=\"og:image:type\" content=\"image\/jpeg\" \/>\n<meta name=\"twitter:card\" content=\"summary_large_image\" \/>\n<meta name=\"twitter:site\" content=\"@cervezasambar\" \/>\n<meta name=\"twitter:label1\" content=\"Tiempo de lectura\" \/>\n\t<meta name=\"twitter:data1\" content=\"2 minutos\" \/>\n<script type=\"application\/ld+json\" class=\"yoast-schema-graph\">{\"@context\":\"https:\\\/\\\/schema.org\",\"@graph\":[{\"@type\":\"WebPage\",\"@id\":\"https:\\\/\\\/ambar.com\\\/tienda\\\/producto\\\/cata-de-cervezas-ambar\\\/\",\"url\":\"https:\\\/\\\/ambar.com\\\/tienda\\\/producto\\\/cata-de-cervezas-ambar\\\/\",\"name\":\"Reserva online la cata de cervezas Ambar | Cervezas Ambar\",\"isPartOf\":{\"@id\":\"https:\\\/\\\/ambar.com\\\/tienda\\\/#website\"},\"primaryImageOfPage\":{\"@id\":\"https:\\\/\\\/ambar.com\\\/tienda\\\/producto\\\/cata-de-cervezas-ambar\\\/#primaryimage\"},\"image\":{\"@id\":\"https:\\\/\\\/ambar.com\\\/tienda\\\/producto\\\/cata-de-cervezas-ambar\\\/#primaryimage\"},\"thumbnailUrl\":\"https:\\\/\\\/ambar.com\\\/tienda\\\/wp-content\\\/uploads\\\/2023\\\/03\\\/JAV_7132-1.jpg\",\"datePublished\":\"2023-03-02T15:27:51+00:00\",\"dateModified\":\"2026-04-16T09:34:54+00:00\",\"description\":\"Ahora ya puedes reservar online la cata de cervezas Ambar. Consulta la disponibilidad de fechas y horarios y reserva con antelaci\u00f3n.\",\"inLanguage\":\"es\",\"potentialAction\":[{\"@type\":\"ReadAction\",\"target\":[\"https:\\\/\\\/ambar.com\\\/tienda\\\/producto\\\/cata-de-cervezas-ambar\\\/\"]}]},{\"@type\":\"ImageObject\",\"inLanguage\":\"es\",\"@id\":\"https:\\\/\\\/ambar.com\\\/tienda\\\/producto\\\/cata-de-cervezas-ambar\\\/#primaryimage\",\"url\":\"https:\\\/\\\/ambar.com\\\/tienda\\\/wp-content\\\/uploads\\\/2023\\\/03\\\/JAV_7132-1.jpg\",\"contentUrl\":\"https:\\\/\\\/ambar.com\\\/tienda\\\/wp-content\\\/uploads\\\/2023\\\/03\\\/JAV_7132-1.jpg\",\"width\":1600,\"height\":1068},{\"@type\":\"WebSite\",\"@id\":\"https:\\\/\\\/ambar.com\\\/tienda\\\/#website\",\"url\":\"https:\\\/\\\/ambar.com\\\/tienda\\\/\",\"name\":\"Tienda de cervezas online\",\"description\":\"Nuestra tienda de cervezas Ambar ofrece diferentes packs cerveceros con la comodidad de ser una tienda de cervezas online. Compra cerveza online con un solo clic.\",\"publisher\":{\"@id\":\"https:\\\/\\\/ambar.com\\\/tienda\\\/#organization\"},\"potentialAction\":[{\"@type\":\"SearchAction\",\"target\":{\"@type\":\"EntryPoint\",\"urlTemplate\":\"https:\\\/\\\/ambar.com\\\/tienda\\\/?s={search_term_string}\"},\"query-input\":{\"@type\":\"PropertyValueSpecification\",\"valueRequired\":true,\"valueName\":\"search_term_string\"}}],\"inLanguage\":\"es\"},{\"@type\":\"Organization\",\"@id\":\"https:\\\/\\\/ambar.com\\\/tienda\\\/#organization\",\"name\":\"Ambar\",\"url\":\"https:\\\/\\\/ambar.com\\\/tienda\\\/\",\"logo\":{\"@type\":\"ImageObject\",\"inLanguage\":\"es\",\"@id\":\"https:\\\/\\\/ambar.com\\\/tienda\\\/#\\\/schema\\\/logo\\\/image\\\/\",\"url\":\"https:\\\/\\\/ambar.com\\\/tienda\\\/wp-content\\\/uploads\\\/2023\\\/01\\\/ambar-logo-red.png\",\"contentUrl\":\"https:\\\/\\\/ambar.com\\\/tienda\\\/wp-content\\\/uploads\\\/2023\\\/01\\\/ambar-logo-red.png\",\"width\":660,\"height\":116,\"caption\":\"Ambar\"},\"image\":{\"@id\":\"https:\\\/\\\/ambar.com\\\/tienda\\\/#\\\/schema\\\/logo\\\/image\\\/\"},\"sameAs\":[\"https:\\\/\\\/www.facebook.com\\\/cervezasambar\",\"https:\\\/\\\/x.com\\\/cervezasambar\",\"https:\\\/\\\/www.instagram.com\\\/cervezasambar\\\/\"]}]}<\/script>\n<!-- \/ Yoast SEO plugin. -->","yoast_head_json":{"title":"Reserva online la cata de cervezas Ambar | Cervezas Ambar","description":"Ahora ya puedes reservar online la cata de cervezas Ambar. Consulta la disponibilidad de fechas y horarios y reserva con antelaci\u00f3n.","robots":{"index":"index","follow":"follow","max-snippet":"max-snippet:-1","max-image-preview":"max-image-preview:large","max-video-preview":"max-video-preview:-1"},"canonical":"https:\/\/ambar.com\/tienda\/producto\/cata-de-cervezas-ambar\/","og_locale":"es_ES","og_type":"article","og_title":"Reserva online la cata de cervezas Ambar | Cervezas Ambar","og_description":"Ahora ya puedes reservar online la cata de cervezas Ambar. Consulta la disponibilidad de fechas y horarios y reserva con antelaci\u00f3n.","og_url":"https:\/\/ambar.com\/tienda\/producto\/cata-de-cervezas-ambar\/","og_site_name":"Tienda de cervezas online","article_publisher":"https:\/\/www.facebook.com\/cervezasambar","article_modified_time":"2026-04-16T09:34:54+00:00","og_image":[{"width":1600,"height":1068,"url":"https:\/\/ambar.com\/tienda\/wp-content\/uploads\/2023\/03\/JAV_7132-1.jpg","type":"image\/jpeg"}],"twitter_card":"summary_large_image","twitter_site":"@cervezasambar","twitter_misc":{"Tiempo de lectura":"2 minutos"},"schema":{"@context":"https:\/\/schema.org","@graph":[{"@type":"WebPage","@id":"https:\/\/ambar.com\/tienda\/producto\/cata-de-cervezas-ambar\/","url":"https:\/\/ambar.com\/tienda\/producto\/cata-de-cervezas-ambar\/","name":"Reserva online la cata de cervezas Ambar | Cervezas Ambar","isPartOf":{"@id":"https:\/\/ambar.com\/tienda\/#website"},"primaryImageOfPage":{"@id":"https:\/\/ambar.com\/tienda\/producto\/cata-de-cervezas-ambar\/#primaryimage"},"image":{"@id":"https:\/\/ambar.com\/tienda\/producto\/cata-de-cervezas-ambar\/#primaryimage"},"thumbnailUrl":"https:\/\/ambar.com\/tienda\/wp-content\/uploads\/2023\/03\/JAV_7132-1.jpg","datePublished":"2023-03-02T15:27:51+00:00","dateModified":"2026-04-16T09:34:54+00:00","description":"Ahora ya puedes reservar online la cata de cervezas Ambar. Consulta la disponibilidad de fechas y horarios y reserva con antelaci\u00f3n.","inLanguage":"es","potentialAction":[{"@type":"ReadAction","target":["https:\/\/ambar.com\/tienda\/producto\/cata-de-cervezas-ambar\/"]}]},{"@type":"ImageObject","inLanguage":"es","@id":"https:\/\/ambar.com\/tienda\/producto\/cata-de-cervezas-ambar\/#primaryimage","url":"https:\/\/ambar.com\/tienda\/wp-content\/uploads\/2023\/03\/JAV_7132-1.jpg","contentUrl":"https:\/\/ambar.com\/tienda\/wp-content\/uploads\/2023\/03\/JAV_7132-1.jpg","width":1600,"height":1068},{"@type":"WebSite","@id":"https:\/\/ambar.com\/tienda\/#website","url":"https:\/\/ambar.com\/tienda\/","name":"Tienda de cervezas online","description":"Nuestra tienda de cervezas Ambar ofrece diferentes packs cerveceros con la comodidad de ser una tienda de cervezas online. Compra cerveza online con un solo clic.","publisher":{"@id":"https:\/\/ambar.com\/tienda\/#organization"},"potentialAction":[{"@type":"SearchAction","target":{"@type":"EntryPoint","urlTemplate":"https:\/\/ambar.com\/tienda\/?s={search_term_string}"},"query-input":{"@type":"PropertyValueSpecification","valueRequired":true,"valueName":"search_term_string"}}],"inLanguage":"es"},{"@type":"Organization","@id":"https:\/\/ambar.com\/tienda\/#organization","name":"Ambar","url":"https:\/\/ambar.com\/tienda\/","logo":{"@type":"ImageObject","inLanguage":"es","@id":"https:\/\/ambar.com\/tienda\/#\/schema\/logo\/image\/","url":"https:\/\/ambar.com\/tienda\/wp-content\/uploads\/2023\/01\/ambar-logo-red.png","contentUrl":"https:\/\/ambar.com\/tienda\/wp-content\/uploads\/2023\/01\/ambar-logo-red.png","width":660,"height":116,"caption":"Ambar"},"image":{"@id":"https:\/\/ambar.com\/tienda\/#\/schema\/logo\/image\/"},"sameAs":["https:\/\/www.facebook.com\/cervezasambar","https:\/\/x.com\/cervezasambar","https:\/\/www.instagram.com\/cervezasambar\/"]}]}},"_links":{"self":[{"href":"https:\/\/ambar.com\/tienda\/wp-json\/wp\/v2\/product\/10693","targetHints":{"allow":["GET"]}}],"collection":[{"href":"https:\/\/ambar.com\/tienda\/wp-json\/wp\/v2\/product"}],"about":[{"href":"https:\/\/ambar.com\/tienda\/wp-json\/wp\/v2\/types\/product"}],"version-history":[{"count":15,"href":"https:\/\/ambar.com\/tienda\/wp-json\/wp\/v2\/product\/10693\/revisions"}],"predecessor-version":[{"id":176052,"href":"https:\/\/ambar.com\/tienda\/wp-json\/wp\/v2\/product\/10693\/revisions\/176052"}],"wp:featuredmedia":[{"embeddable":true,"href":"https:\/\/ambar.com\/tienda\/wp-json\/wp\/v2\/media\/10705"}],"wp:attachment":[{"href":"https:\/\/ambar.com\/tienda\/wp-json\/wp\/v2\/media?parent=10693"}],"wp:term":[{"taxonomy":"product_brand","embeddable":true,"href":"https:\/\/ambar.com\/tienda\/wp-json\/wp\/v2\/product_brand?post=10693"},{"taxonomy":"product_cat","embeddable":true,"href":"https:\/\/ambar.com\/tienda\/wp-json\/wp\/v2\/product_cat?post=10693"},{"taxonomy":"product_tag","embeddable":true,"href":"https:\/\/ambar.com\/tienda\/wp-json\/wp\/v2\/product_tag?post=10693"}],"curies":[{"name":"wp","href":"https:\/\/api.w.org\/{rel}","templated":true}]}}