{"id":10692,"date":"2023-03-02T16:27:50","date_gmt":"2023-03-02T15:27:50","guid":{"rendered":"https:\/\/ambar.com\/tienda\/?post_type=product&#038;p=10692"},"modified":"2026-04-01T09:36:22","modified_gmt":"2026-04-01T07:36:22","slug":"visita-a-la-fabrica","status":"publish","type":"product","link":"https:\/\/ambar.com\/tienda\/producto\/visita-a-la-fabrica\/","title":{"rendered":"Visita a la f\u00e1brica"},"content":{"rendered":"<p>[et_pb_section fb_built=\u00bb1&#8243; module_class=\u00bbsection-product-description\u00bb _builder_version=\u00bb4.19.4&#8243; _module_preset=\u00bbdefault\u00bb custom_padding=\u00bb0px||||false|false\u00bb da_disable_devices=\u00bboff|off|off\u00bb global_colors_info=\u00bb{}\u00bb da_is_popup=\u00bboff\u00bb da_exit_intent=\u00bboff\u00bb da_has_close=\u00bbon\u00bb da_alt_close=\u00bboff\u00bb da_dark_close=\u00bboff\u00bb da_not_modal=\u00bbon\u00bb da_is_singular=\u00bboff\u00bb da_with_loader=\u00bboff\u00bb da_has_shadow=\u00bbon\u00bb][et_pb_row column_structure=\u00bb1_2,1_2&#8243; _builder_version=\u00bb4.19.4&#8243; _module_preset=\u00bb88750aa7-e803-40ad-a673-2af4d4925e16&#8243; background_size=\u00bbinitial\u00bb background_position=\u00bbtop_left\u00bb background_repeat=\u00bbrepeat\u00bb width=\u00bb100%\u00bb max_width=\u00bbnone\u00bb custom_padding=\u00bb0px||||false|false\u00bb global_colors_info=\u00bb{}\u00bb][et_pb_column type=\u00bb1_2&#8243; module_class=\u00bbexperiencia__column-1&#8243; _builder_version=\u00bb4.19.4&#8243; _module_preset=\u00bbdefault\u00bb custom_padding=\u00bb|||\u00bb global_colors_info=\u00bb{}\u00bb custom_padding__hover=\u00bb|||\u00bb][et_pb_wc_images _builder_version=\u00bb4.19.4&#8243; _module_preset=\u00bbdefault\u00bb global_colors_info=\u00bb{}\u00bb][\/et_pb_wc_images][\/et_pb_column][et_pb_column type=\u00bb1_2&#8243; module_class=\u00bbexperiencia__column-2&#8243; _builder_version=\u00bb4.19.4&#8243; _module_preset=\u00bbdefault\u00bb custom_padding=\u00bb|||\u00bb global_colors_info=\u00bb{}\u00bb custom_padding__hover=\u00bb|||\u00bb][et_pb_wc_title module_class=\u00bbheading__block\u00bb _builder_version=\u00bb4.19.4&#8243; _module_preset=\u00bbdefault\u00bb global_colors_info=\u00bb{}\u00bb][\/et_pb_wc_title][et_pb_text module_class=\u00bbmain__block\u00bb _builder_version=\u00bb4.21.0&#8243; _module_preset=\u00bbdefault\u00bb global_colors_info=\u00bb{}\u00bb]<\/p>\n<h2>Recorre nuestra f\u00e1brica y descubre m\u00e1s de 125 a\u00f1os de historia cervecera<\/h2>\n<p>Nos encanta ense\u00f1ar el cari\u00f1o que ponemos en nuestro trabajo, por eso puedes venir a conocer nuestra f\u00e1brica de cervezas centenaria. Ven a visitarnos y descubre un aut\u00e9ntico museo de la cervecer\u00eda espa\u00f1ola.<\/p>\n<p>Probar\u00e1s ingredientes, podr\u00e1s ver de primera mano el proceso de elaboraci\u00f3n, y por supuesto probar\u00e1s nuestras cervezas.\u00a0<\/p>\n<p>[\/et_pb_text][\/et_pb_column][\/et_pb_row][\/et_pb_section][et_pb_section fb_built=\u00bb1&#8243; module_class=\u00bbsection-background-grey\u00bb _builder_version=\u00bb4.19.4&#8243; _module_preset=\u00bbdefault\u00bb da_disable_devices=\u00bboff|off|off\u00bb global_colors_info=\u00bb{}\u00bb da_is_popup=\u00bboff\u00bb da_exit_intent=\u00bboff\u00bb da_has_close=\u00bbon\u00bb da_alt_close=\u00bboff\u00bb da_dark_close=\u00bboff\u00bb da_not_modal=\u00bbon\u00bb da_is_singular=\u00bboff\u00bb da_with_loader=\u00bboff\u00bb da_has_shadow=\u00bbon\u00bb][et_pb_row module_class=\u00bbwidth__1280&#8243; _builder_version=\u00bb4.19.4&#8243; _module_preset=\u00bb88750aa7-e803-40ad-a673-2af4d4925e16&#8243; width=\u00bb90%\u00bb global_colors_info=\u00bb{}\u00bb][et_pb_column type=\u00bb4_4&#8243; _builder_version=\u00bb4.19.4&#8243; _module_preset=\u00bbdefault\u00bb global_colors_info=\u00bb{}\u00bb][et_pb_code _builder_version=\u00bb4.19.4&#8243; _module_preset=\u00bbdefault\u00bb global_colors_info=\u00bb{}\u00bb]\n<noscript>Tu navegador debe ser compatible con JavaScript para hacer una reserva.<\/noscript>\n\n<form data-product_data=[[\"Adultos\",\"10\",\"visita-fabrica\"],[\"De12a17a\\u00f1os\",0,\"visita-fabrica\"]] class=\"cart wc-bookings-booking-form\" method=\"post\"\n    enctype='multipart\/form-data' data-nonce=\"923797f7f0\">\n\n    <h2>Haz una reserva<\/h2>\n\n    <div id=\"wc-bookings-booking-form\"\n        class=\"wc-bookings-booking-form\"\n        style=\"display:none\">\n\n        \n        <div class=\"form-field form-field-wide form-field-number wc_bookings_field_persons_104218\">\n    <span class=\"form-field-title\">Tipo de tickets:<\/span>\n    <div class=\"quantity-wrapper\">\n        <button aria-label=\"Disminuir cantidad en una unidad\"><span aria-hidden=\"true\" class=\"button-quantity minus\">-<\/span><\/button>\n        <span class=\"quantity\">\n            <input\n                type=\"number\"\n                value=\"1\"\n                step=\"1\"\n                min=\"1\"\n                max=\"22\"\n                name=\"wc_bookings_field_persons_104218\"\n                id=\"wc_bookings_field_persons_104218\"\/>\n        <\/span>\n        <button type=\"button\" aria-label=\"Aumentar cantidad en una unidad\"><span aria-hidden=\"true\" class=\"button-quantity plus\" >+<\/span><\/button>\n    <\/div>\n\n    <label for=\"wc_bookings_field_persons_104218\">\n        Adultos        <span> (10\u20ac por persona)<\/span>\n        <small>M\u00ednimo: 1 \/ M\u00e1ximo: 22<\/small>\n    <\/label>\n\n<\/div>\n<div class=\"form-field form-field-wide form-field-number wc_bookings_field_persons_104219\">\n    <span class=\"form-field-title\">Tipo de tickets:<\/span>\n    <div class=\"quantity-wrapper\">\n        <button aria-label=\"Disminuir cantidad en una unidad\"><span aria-hidden=\"true\" class=\"button-quantity minus\">-<\/span><\/button>\n        <span class=\"quantity\">\n            <input\n                type=\"number\"\n                value=\"0\"\n                step=\"1\"\n                min=\"0\"\n                max=\"22\"\n                name=\"wc_bookings_field_persons_104219\"\n                id=\"wc_bookings_field_persons_104219\"\/>\n        <\/span>\n        <button type=\"button\" aria-label=\"Aumentar cantidad en una unidad\"><span aria-hidden=\"true\" class=\"button-quantity plus\" >+<\/span><\/button>\n    <\/div>\n\n    <label for=\"wc_bookings_field_persons_104219\">\n        De 12 a 17 a\u00f1os        <span> (Gratis)<\/span>\n        <small>M\u00ednimo: 0 \/ M\u00e1ximo: 22<\/small>\n    <\/label>\n\n<\/div>\n<fieldset class=\"wc-bookings-date-picker wc_bookings_field_start_date\">\n\t<legend>\n\t\t<span class=\"label\">Selecciona un d\u00eda:<\/span>\n\t<\/legend>\n\t<div class=\"picker\" data-display=\"always_visible\" data-availability=\"[]\" data-default-availability=\"false\" data-fully-booked-days=\"[]\" data-unavailable-days=\"[]\" data-partially-booked-days=\"[]\" data-restricted-days=\"[]\" data-min_date=\"0\" data-max_date=\"+3m\" data-default_date=\"2026-05-01\"><\/div>\n\t<div class=\"wc-bookings-date-picker-date-fields\">\n\t\t\t\t<label>\n\t\t\t<input type=\"text\" name=\"wc_bookings_field_start_date_day\" placeholder=\"dd\" size=\"2\" class=\"required_for_calculation booking_date_day\" \/>\n\t\t\t<span>D\u00eda<\/span>\n\t\t<\/label> \/ <label>\n\t\t\t<input type=\"text\" name=\"wc_bookings_field_start_date_month\" placeholder=\"mm\" size=\"2\" class=\"required_for_calculation booking_date_month\" \/>\n\t\t\t<span>Mes<\/span>\n\t\t<\/label>\n\t\t\t\t\/ <label>\n\t\t\t<input type=\"text\" value=\"2026\" name=\"wc_bookings_field_start_date_year\" placeholder=\"YYYY\" size=\"4\" class=\"required_for_calculation booking_date_year\" \/>\n\t\t\t<span>A\u00f1o<\/span>\n\t\t<\/label>\n\t<\/div>\n<\/fieldset>\n\n<div class=\"datepicker-description\">\n            <ul>\n            <li class=\"bookable\">Reservable<\/li>\n            <li class=\"slots-available\">Disponibilidad parcial<\/li>\n        <\/ul>\n    \t\t\t\t\t\t\t\t<p class=\"product-duration\">2 horas (Aprox)<\/p>\n\t\t\t\n\t\t\t            <div class=\"product__description\">\n                <p>Visita para personas <strong>mayores de 12 a\u00f1os<\/strong> (siempre acompa\u00f1ados de un adulto). 22 plazas totales disponibles por visita. La duraci\u00f3n aproximada es de 2 horas. Cervezas Ambar se reserva el derecho a cancelar la visita por motivos de fuerza mayor. No se admiten cancelaciones el mismo d\u00eda. El cambio de fecha es gratuito siempre que se haga con al menos 48 horas de antelaci\u00f3n. La visita transcurre por las instalaciones de un centro productivo que data del a\u00f1o 1900, no est\u00e1n adaptadas para personas con movilidad reducida. No se admiten visitas de car\u00e1cter escolar.<\/p>\n            <\/div>\n\t\t\t<\/div>\n\n<div class=\"form-field form-field-wide\">\n\t<label for=\"wc_bookings_field_start_date\">Horario:<\/label>\n\t<ul class=\"block-picker\">\n\t\t<li>\n\t\t<\/li>\n\t<\/ul>\n    <div class=\"time-picker-description\">\n        <p>\n            Selecciona una fecha            <span>Elige arriba una fecha para ver los horarios disponibles.<\/span>\n        <\/p>\n    <\/div>\n\t<input type=\"hidden\" class=\"required_for_calculation\" name=\"wc_bookings_field_start_date_time\" id=\"wc_bookings_field_start_date\" \/>\n<\/div>\n\n\n        \n        <div class=\"wc-bookings-booking-form-button-wrapper\">\n            <input type=\"hidden\" name=\"add-to-cart\"\n                value=\"10692\"\n                class=\"wc-booking-product-id\" \/>\n            <button type=\"submit\"\n                class=\"wc-bookings-booking-form-button single_add_to_cart_button button alt disabled\"\n                style=\"display:none\">\n                Reservar ahora                <span class=\"wc-bookings-booking-cost\" style=\"display:none\"><\/span>\n            <\/button>\n\n\n            <ul>\n                <li><a href=\"\/tienda\/terminos-y-condiciones\/\" target=\"_blank\">Terminos y condiciones<\/a><\/li>\n                <li><a href=\"\/contacto?subject=experiencias\" target=\"_blank\">\u00bfTienes alguna pregunta?<\/a><\/li>\n                <li><a href=\"\/tienda\/gestion-de-reservas\/\" target=\"_blank\">\u00bfQuieres cambiar la fecha de tu reserva?<\/a><\/li>\n            <\/ul>\n        <\/div>\n    <\/div>\n\n    <input type=\"hidden\" name=\"gtm4wp_product_data\" value=\"{&quot;internal_id&quot;:10692,&quot;item_id&quot;:10692,&quot;item_name&quot;:&quot;Visita a la f\\u00e1brica&quot;,&quot;sku&quot;:&quot;visita-fabrica&quot;,&quot;price&quot;:10,&quot;stocklevel&quot;:null,&quot;stockstatus&quot;:&quot;instock&quot;,&quot;google_business_vertical&quot;:&quot;retail&quot;,&quot;item_category&quot;:&quot;Experiencias Cerveceras&quot;,&quot;id&quot;:10692,&quot;item_brand&quot;:&quot;Experiencias Cerveceras&quot;}\" \/>\n    <\/form>\n\n    \n    \n    <script>\n        jQuery(document).ready(function() {\n            if (typeof HIB !== \"undefined\") {\n                if (typeof HIB.sweetAlert !== \"undefined\") {\n                                            HIB.sweetAlert.listeners(104218);\n                                    }\n            }\n        });\n        jQuery(document).ready(function() {\n            if (typeof HIB !== \"undefined\") {\n                if (typeof HIB.sweetAlert !== \"undefined\") {\n                                            HIB.sweetAlert.listeners(104218);\n                                    }\n            }\n        });\n    <\/script>\n[\/et_pb_code][\/et_pb_column][\/et_pb_row][et_pb_row module_class=\u00bbwidth__1080 woocommerce-booking-experience-gift\u00bb _builder_version=\u00bb4.19.4&#8243; _module_preset=\u00bb88750aa7-e803-40ad-a673-2af4d4925e16&#8243; global_colors_info=\u00bb{}\u00bb][et_pb_column type=\u00bb4_4&#8243; _builder_version=\u00bb4.19.4&#8243; _module_preset=\u00bbdefault\u00bb global_colors_info=\u00bb{}\u00bb][et_pb_image src=\u00bbhttps:\/\/ambarshop.demohiberus.com\/wp-content\/uploads\/2023\/01\/icono-regalo-white.png\u00bb title_text=\u00bbicono-regalo-white\u00bb _builder_version=\u00bb4.19.4&#8243; _module_preset=\u00bbdefault\u00bb global_colors_info=\u00bb{}\u00bb][\/et_pb_image][et_pb_text _builder_version=\u00bb4.19.4&#8243; _module_preset=\u00bbdefault\u00bb global_colors_info=\u00bb{}\u00bb]<\/p>\n<h2>\u00bfQuieres regalar esta experiencia?<\/h2>\n<p>Regalar experiencias est\u00e1 bien y si son cerveceras mucho mejor.<br \/>\n[\/et_pb_text][et_pb_button button_url=\u00bb@ET-DC@eyJkeW5hbWljIjp0cnVlLCJjb250ZW50IjoicG9zdF9saW5rX3VybF9wcm9kdWN0Iiwic2V0dGluZ3MiOnsicG9zdF9pZCI6IjEwNjkxIn19@\u00bb button_text=\u00bbRegalar experiencia\u00bb _builder_version=\u00bb4.19.4&#8243; _dynamic_attributes=\u00bbbutton_url\u00bb _module_preset=\u00bbdefault\u00bb global_colors_info=\u00bb{}\u00bb][\/et_pb_button][\/et_pb_column][\/et_pb_row][et_pb_row module_class=\u00bbwidth__1080&#8243; _builder_version=\u00bb4.19.4&#8243; _module_preset=\u00bb88750aa7-e803-40ad-a673-2af4d4925e16&#8243; global_colors_info=\u00bb{}\u00bb][et_pb_column type=\u00bb4_4&#8243; _builder_version=\u00bb4.19.4&#8243; _module_preset=\u00bbdefault\u00bb global_colors_info=\u00bb{}\u00bb][et_pb_wc_related_products include_categories=\u00bb70&#8243; _builder_version=\u00bb4.21.0&#8243; _module_preset=\u00bbdefault\u00bb global_colors_info=\u00bb{}\u00bb][\/et_pb_wc_related_products][\/et_pb_column][\/et_pb_row][\/et_pb_section]<\/p>\n","protected":false},"excerpt":{"rendered":"<p>Visita para personas <strong>mayores de 12 a\u00f1os<\/strong> (siempre acompa\u00f1ados de un adulto). 22 plazas totales disponibles por visita. La duraci\u00f3n aproximada es de 2 horas. Cervezas Ambar se reserva el derecho a cancelar la visita por motivos de fuerza mayor. No se admiten cancelaciones el mismo d\u00eda. El cambio de fecha es gratuito siempre que se haga con al menos 48 horas de antelaci\u00f3n. La visita transcurre por las instalaciones de un centro productivo que data del a\u00f1o 1900, no est\u00e1n adaptadas para personas con movilidad reducida. No se admiten visitas de car\u00e1cter escolar.<\/p>\n","protected":false},"featured_media":10703,"template":"","meta":{"_acf_changed":false,"_et_pb_use_builder":"on","_et_pb_old_content":"","_et_gb_content_width":"","footnotes":""},"product_brand":[],"product_cat":[58],"product_tag":[69],"class_list":{"0":"post-10692","1":"product","2":"type-product","3":"status-publish","4":"has-post-thumbnail","6":"product_cat-experiencias","7":"product_tag-grupos","9":"first","10":"instock","11":"virtual","12":"sold-individually","13":"purchasable","14":"product-type-booking"},"acf":[],"yoast_head":"<!-- This site is optimized with the Yoast SEO plugin v27.3 - https:\/\/yoast.com\/product\/yoast-seo-wordpress\/ -->\n<title>Reserva online la visita a la f\u00e1brica de Cervezas Ambar | Cervezas Ambar<\/title>\n<meta name=\"description\" content=\"Ahora ya puedes reservar online la visita a la f\u00e1brica de cervezas La Zaragozana. Consulta la disponibilidad de fechas y horarios y reserva con antelaci\u00f3n.\" \/>\n<meta name=\"robots\" content=\"index, follow, max-snippet:-1, max-image-preview:large, max-video-preview:-1\" \/>\n<link rel=\"canonical\" href=\"https:\/\/ambar.com\/tienda\/producto\/visita-a-la-fabrica\/\" \/>\n<meta property=\"og:locale\" content=\"es_ES\" \/>\n<meta property=\"og:type\" content=\"article\" \/>\n<meta property=\"og:title\" content=\"Reserva online la visita a la f\u00e1brica de Cervezas Ambar | Cervezas Ambar\" \/>\n<meta property=\"og:description\" content=\"Ahora ya puedes reservar online la visita a la f\u00e1brica de cervezas La Zaragozana. Consulta la disponibilidad de fechas y horarios y reserva con antelaci\u00f3n.\" \/>\n<meta property=\"og:url\" content=\"https:\/\/ambar.com\/tienda\/producto\/visita-a-la-fabrica\/\" \/>\n<meta property=\"og:site_name\" content=\"Tienda de cervezas online\" \/>\n<meta property=\"article:publisher\" content=\"https:\/\/www.facebook.com\/cervezasambar\" \/>\n<meta property=\"article:modified_time\" content=\"2026-04-01T07:36:22+00:00\" \/>\n<meta property=\"og:image\" content=\"https:\/\/ambar.com\/tienda\/wp-content\/uploads\/2023\/03\/CAR4957-HDR-1200x801-1.jpg\" \/>\n\t<meta property=\"og:image:width\" content=\"1200\" \/>\n\t<meta property=\"og:image:height\" content=\"801\" \/>\n\t<meta property=\"og:image:type\" content=\"image\/jpeg\" \/>\n<meta name=\"twitter:card\" content=\"summary_large_image\" \/>\n<meta name=\"twitter:site\" content=\"@cervezasambar\" \/>\n<meta name=\"twitter:label1\" content=\"Tiempo de lectura\" \/>\n\t<meta name=\"twitter:data1\" content=\"2 minutos\" \/>\n<script type=\"application\/ld+json\" class=\"yoast-schema-graph\">{\"@context\":\"https:\\\/\\\/schema.org\",\"@graph\":[{\"@type\":\"WebPage\",\"@id\":\"https:\\\/\\\/ambar.com\\\/tienda\\\/producto\\\/visita-a-la-fabrica\\\/\",\"url\":\"https:\\\/\\\/ambar.com\\\/tienda\\\/producto\\\/visita-a-la-fabrica\\\/\",\"name\":\"Reserva online la visita a la f\u00e1brica de Cervezas Ambar | Cervezas Ambar\",\"isPartOf\":{\"@id\":\"https:\\\/\\\/ambar.com\\\/tienda\\\/#website\"},\"primaryImageOfPage\":{\"@id\":\"https:\\\/\\\/ambar.com\\\/tienda\\\/producto\\\/visita-a-la-fabrica\\\/#primaryimage\"},\"image\":{\"@id\":\"https:\\\/\\\/ambar.com\\\/tienda\\\/producto\\\/visita-a-la-fabrica\\\/#primaryimage\"},\"thumbnailUrl\":\"https:\\\/\\\/ambar.com\\\/tienda\\\/wp-content\\\/uploads\\\/2023\\\/03\\\/CAR4957-HDR-1200x801-1.jpg\",\"datePublished\":\"2023-03-02T15:27:50+00:00\",\"dateModified\":\"2026-04-01T07:36:22+00:00\",\"description\":\"Ahora ya puedes reservar online la visita a la f\u00e1brica de cervezas La Zaragozana. Consulta la disponibilidad de fechas y horarios y reserva con antelaci\u00f3n.\",\"inLanguage\":\"es\",\"potentialAction\":[{\"@type\":\"ReadAction\",\"target\":[\"https:\\\/\\\/ambar.com\\\/tienda\\\/producto\\\/visita-a-la-fabrica\\\/\"]}]},{\"@type\":\"ImageObject\",\"inLanguage\":\"es\",\"@id\":\"https:\\\/\\\/ambar.com\\\/tienda\\\/producto\\\/visita-a-la-fabrica\\\/#primaryimage\",\"url\":\"https:\\\/\\\/ambar.com\\\/tienda\\\/wp-content\\\/uploads\\\/2023\\\/03\\\/CAR4957-HDR-1200x801-1.jpg\",\"contentUrl\":\"https:\\\/\\\/ambar.com\\\/tienda\\\/wp-content\\\/uploads\\\/2023\\\/03\\\/CAR4957-HDR-1200x801-1.jpg\",\"width\":1200,\"height\":801},{\"@type\":\"WebSite\",\"@id\":\"https:\\\/\\\/ambar.com\\\/tienda\\\/#website\",\"url\":\"https:\\\/\\\/ambar.com\\\/tienda\\\/\",\"name\":\"Tienda de cervezas online\",\"description\":\"Nuestra tienda de cervezas Ambar ofrece diferentes packs cerveceros con la comodidad de ser una tienda de cervezas online. Compra cerveza online con un solo clic.\",\"publisher\":{\"@id\":\"https:\\\/\\\/ambar.com\\\/tienda\\\/#organization\"},\"potentialAction\":[{\"@type\":\"SearchAction\",\"target\":{\"@type\":\"EntryPoint\",\"urlTemplate\":\"https:\\\/\\\/ambar.com\\\/tienda\\\/?s={search_term_string}\"},\"query-input\":{\"@type\":\"PropertyValueSpecification\",\"valueRequired\":true,\"valueName\":\"search_term_string\"}}],\"inLanguage\":\"es\"},{\"@type\":\"Organization\",\"@id\":\"https:\\\/\\\/ambar.com\\\/tienda\\\/#organization\",\"name\":\"Ambar\",\"url\":\"https:\\\/\\\/ambar.com\\\/tienda\\\/\",\"logo\":{\"@type\":\"ImageObject\",\"inLanguage\":\"es\",\"@id\":\"https:\\\/\\\/ambar.com\\\/tienda\\\/#\\\/schema\\\/logo\\\/image\\\/\",\"url\":\"https:\\\/\\\/ambar.com\\\/tienda\\\/wp-content\\\/uploads\\\/2023\\\/01\\\/ambar-logo-red.png\",\"contentUrl\":\"https:\\\/\\\/ambar.com\\\/tienda\\\/wp-content\\\/uploads\\\/2023\\\/01\\\/ambar-logo-red.png\",\"width\":660,\"height\":116,\"caption\":\"Ambar\"},\"image\":{\"@id\":\"https:\\\/\\\/ambar.com\\\/tienda\\\/#\\\/schema\\\/logo\\\/image\\\/\"},\"sameAs\":[\"https:\\\/\\\/www.facebook.com\\\/cervezasambar\",\"https:\\\/\\\/x.com\\\/cervezasambar\",\"https:\\\/\\\/www.instagram.com\\\/cervezasambar\\\/\"]}]}<\/script>\n<!-- \/ Yoast SEO plugin. -->","yoast_head_json":{"title":"Reserva online la visita a la f\u00e1brica de Cervezas Ambar | Cervezas Ambar","description":"Ahora ya puedes reservar online la visita a la f\u00e1brica de cervezas La Zaragozana. Consulta la disponibilidad de fechas y horarios y reserva con antelaci\u00f3n.","robots":{"index":"index","follow":"follow","max-snippet":"max-snippet:-1","max-image-preview":"max-image-preview:large","max-video-preview":"max-video-preview:-1"},"canonical":"https:\/\/ambar.com\/tienda\/producto\/visita-a-la-fabrica\/","og_locale":"es_ES","og_type":"article","og_title":"Reserva online la visita a la f\u00e1brica de Cervezas Ambar | Cervezas Ambar","og_description":"Ahora ya puedes reservar online la visita a la f\u00e1brica de cervezas La Zaragozana. Consulta la disponibilidad de fechas y horarios y reserva con antelaci\u00f3n.","og_url":"https:\/\/ambar.com\/tienda\/producto\/visita-a-la-fabrica\/","og_site_name":"Tienda de cervezas online","article_publisher":"https:\/\/www.facebook.com\/cervezasambar","article_modified_time":"2026-04-01T07:36:22+00:00","og_image":[{"width":1200,"height":801,"url":"https:\/\/ambar.com\/tienda\/wp-content\/uploads\/2023\/03\/CAR4957-HDR-1200x801-1.jpg","type":"image\/jpeg"}],"twitter_card":"summary_large_image","twitter_site":"@cervezasambar","twitter_misc":{"Tiempo de lectura":"2 minutos"},"schema":{"@context":"https:\/\/schema.org","@graph":[{"@type":"WebPage","@id":"https:\/\/ambar.com\/tienda\/producto\/visita-a-la-fabrica\/","url":"https:\/\/ambar.com\/tienda\/producto\/visita-a-la-fabrica\/","name":"Reserva online la visita a la f\u00e1brica de Cervezas Ambar | Cervezas Ambar","isPartOf":{"@id":"https:\/\/ambar.com\/tienda\/#website"},"primaryImageOfPage":{"@id":"https:\/\/ambar.com\/tienda\/producto\/visita-a-la-fabrica\/#primaryimage"},"image":{"@id":"https:\/\/ambar.com\/tienda\/producto\/visita-a-la-fabrica\/#primaryimage"},"thumbnailUrl":"https:\/\/ambar.com\/tienda\/wp-content\/uploads\/2023\/03\/CAR4957-HDR-1200x801-1.jpg","datePublished":"2023-03-02T15:27:50+00:00","dateModified":"2026-04-01T07:36:22+00:00","description":"Ahora ya puedes reservar online la visita a la f\u00e1brica de cervezas La Zaragozana. Consulta la disponibilidad de fechas y horarios y reserva con antelaci\u00f3n.","inLanguage":"es","potentialAction":[{"@type":"ReadAction","target":["https:\/\/ambar.com\/tienda\/producto\/visita-a-la-fabrica\/"]}]},{"@type":"ImageObject","inLanguage":"es","@id":"https:\/\/ambar.com\/tienda\/producto\/visita-a-la-fabrica\/#primaryimage","url":"https:\/\/ambar.com\/tienda\/wp-content\/uploads\/2023\/03\/CAR4957-HDR-1200x801-1.jpg","contentUrl":"https:\/\/ambar.com\/tienda\/wp-content\/uploads\/2023\/03\/CAR4957-HDR-1200x801-1.jpg","width":1200,"height":801},{"@type":"WebSite","@id":"https:\/\/ambar.com\/tienda\/#website","url":"https:\/\/ambar.com\/tienda\/","name":"Tienda de cervezas online","description":"Nuestra tienda de cervezas Ambar ofrece diferentes packs cerveceros con la comodidad de ser una tienda de cervezas online. Compra cerveza online con un solo clic.","publisher":{"@id":"https:\/\/ambar.com\/tienda\/#organization"},"potentialAction":[{"@type":"SearchAction","target":{"@type":"EntryPoint","urlTemplate":"https:\/\/ambar.com\/tienda\/?s={search_term_string}"},"query-input":{"@type":"PropertyValueSpecification","valueRequired":true,"valueName":"search_term_string"}}],"inLanguage":"es"},{"@type":"Organization","@id":"https:\/\/ambar.com\/tienda\/#organization","name":"Ambar","url":"https:\/\/ambar.com\/tienda\/","logo":{"@type":"ImageObject","inLanguage":"es","@id":"https:\/\/ambar.com\/tienda\/#\/schema\/logo\/image\/","url":"https:\/\/ambar.com\/tienda\/wp-content\/uploads\/2023\/01\/ambar-logo-red.png","contentUrl":"https:\/\/ambar.com\/tienda\/wp-content\/uploads\/2023\/01\/ambar-logo-red.png","width":660,"height":116,"caption":"Ambar"},"image":{"@id":"https:\/\/ambar.com\/tienda\/#\/schema\/logo\/image\/"},"sameAs":["https:\/\/www.facebook.com\/cervezasambar","https:\/\/x.com\/cervezasambar","https:\/\/www.instagram.com\/cervezasambar\/"]}]}},"_links":{"self":[{"href":"https:\/\/ambar.com\/tienda\/wp-json\/wp\/v2\/product\/10692","targetHints":{"allow":["GET"]}}],"collection":[{"href":"https:\/\/ambar.com\/tienda\/wp-json\/wp\/v2\/product"}],"about":[{"href":"https:\/\/ambar.com\/tienda\/wp-json\/wp\/v2\/types\/product"}],"version-history":[{"count":12,"href":"https:\/\/ambar.com\/tienda\/wp-json\/wp\/v2\/product\/10692\/revisions"}],"predecessor-version":[{"id":172193,"href":"https:\/\/ambar.com\/tienda\/wp-json\/wp\/v2\/product\/10692\/revisions\/172193"}],"wp:featuredmedia":[{"embeddable":true,"href":"https:\/\/ambar.com\/tienda\/wp-json\/wp\/v2\/media\/10703"}],"wp:attachment":[{"href":"https:\/\/ambar.com\/tienda\/wp-json\/wp\/v2\/media?parent=10692"}],"wp:term":[{"taxonomy":"product_brand","embeddable":true,"href":"https:\/\/ambar.com\/tienda\/wp-json\/wp\/v2\/product_brand?post=10692"},{"taxonomy":"product_cat","embeddable":true,"href":"https:\/\/ambar.com\/tienda\/wp-json\/wp\/v2\/product_cat?post=10692"},{"taxonomy":"product_tag","embeddable":true,"href":"https:\/\/ambar.com\/tienda\/wp-json\/wp\/v2\/product_tag?post=10692"}],"curies":[{"name":"wp","href":"https:\/\/api.w.org\/{rel}","templated":true}]}}