{"id":93,"date":"2019-03-18T10:59:35","date_gmt":"2019-03-18T09:59:35","guid":{"rendered":"http:\/\/local.ambar.com\/ambiciosas\/?page_id=56"},"modified":"2026-04-15T10:08:25","modified_gmt":"2026-04-15T08:08:25","slug":"preguntas-frecuentes","status":"publish","type":"page","link":"https:\/\/ambar.com\/tienda\/preguntas-frecuentes\/","title":{"rendered":"Preguntas frecuentes"},"content":{"rendered":"<p>[et_pb_section fb_built=\u00bb1&#8243; module_class=\u00bbfaqs\u00bb _builder_version=\u00bb4.19.4&#8243; da_disable_devices=\u00bboff|off|off\u00bb global_colors_info=\u00bb{}\u00bb da_is_popup=\u00bboff\u00bb da_exit_intent=\u00bboff\u00bb da_has_close=\u00bbon\u00bb da_alt_close=\u00bboff\u00bb da_dark_close=\u00bboff\u00bb da_not_modal=\u00bbon\u00bb da_is_singular=\u00bboff\u00bb da_with_loader=\u00bboff\u00bb da_has_shadow=\u00bbon\u00bb][et_pb_row module_class=\u00bbwidth__1280&#8243; _builder_version=\u00bb4.19.4&#8243; _module_preset=\u00bbdefault\u00bb global_colors_info=\u00bb{}\u00bb][et_pb_column type=\u00bb4_4&#8243; _builder_version=\u00bb4.19.4&#8243; _module_preset=\u00bbdefault\u00bb global_colors_info=\u00bb{}\u00bb][et_pb_text module_class=\u00bbpage-title\u00bb _builder_version=\u00bb4.19.4&#8243; _module_preset=\u00bbdefault\u00bb global_colors_info=\u00bb{}\u00bb]<\/p>\n<h1>FAQS &#8211; Preguntas frecuentes<\/h1>\n<p>[\/et_pb_text][\/et_pb_column][\/et_pb_row][et_pb_row module_class=\u00bbfaqs-row width__1280&#8243; _builder_version=\u00bb4.21.0&#8243; background_size=\u00bbinitial\u00bb background_position=\u00bbtop_left\u00bb background_repeat=\u00bbrepeat\u00bb custom_css_main_element=\u00bbborder-bottom: 0;\u00bb global_colors_info=\u00bb{}\u00bb][et_pb_column type=\u00bb4_4&#8243; _builder_version=\u00bb4.16&#8243; custom_padding=\u00bb|||\u00bb global_colors_info=\u00bb{}\u00bb custom_padding__hover=\u00bb|||\u00bb][et_pb_accordion closed_toggle_background_color=\u00bb#ffffff\u00bb icon_color=\u00bb#b11730&#8243; module_id=\u00bbfaqs\u00bb _builder_version=\u00bb4.21.0&#8243; toggle_text_color=\u00bb#333333&#8243; toggle_font=\u00bb|on|||\u00bb body_text_color=\u00bb#333333&#8243; hover_transition_duration=\u00bb0ms\u00bb hover_enabled=\u00bb0&#8243; z_index_tablet=\u00bb500&#8243; border_color_all=\u00bbrgba(255,255,255,0)\u00bb box_shadow_style=\u00bbpreset1&#8243; box_shadow_vertical=\u00bb1px\u00bb box_shadow_blur=\u00bb10px\u00bb box_shadow_color=\u00bbrgba(183,183,183,0.3)\u00bb use_border_color=\u00bboff\u00bb global_colors_info=\u00bb{}\u00bb module_class=\u00bbaccordion-group\u00bb sticky_enabled=\u00bb0&#8243;][et_pb_accordion_item title=\u00bbEn blanco\u00bb open=\u00bbon\u00bb _builder_version=\u00bb4.19.4&#8243; _module_preset=\u00bbdefault\u00bb custom_css_main_element=\u00bbdisplay:none;\u00bb global_colors_info=\u00bb{}\u00bb][\/et_pb_accordion_item][et_pb_accordion_item title=\u00bb\u00bfC\u00f3mo puedo realizar un pedido?\u00bb _builder_version=\u00bb4.21.0&#8243; global_colors_info=\u00bb{}\u00bb toggle_level=\u00bbh2&#8243; open=\u00bboff\u00bb]<\/p>\n<p>Selecciona el producto y la cantidad que deseas comprar y seguidamente haz clic en el carrito de la compra, que est\u00e1 situado en la parte superior a la derecha, y, por \u00faltimo, haz clic en finalizar compra.<\/p>\n<p>Si es la primera vez que nos visitas, puedes comprar como invitado o registr\u00e1ndote. Reg\u00edstrate si quieres que se guarden todas tus compras y puedan llegarte ofertas y noticias exclusivas. En cualquiera de los dos casos, completa todos los datos que se solicitan y, por \u00faltimo, elige alguna de las opciones para efectuar el pago.<\/p>\n<p>Si ya has realizado un pedido con anterioridad, puedes iniciar sesi\u00f3n y realizar el pedido directamente.<\/p>\n<p>[\/et_pb_accordion_item][et_pb_accordion_item title=\u00bb\u00bfCu\u00e1ndo recibir\u00e9 mi pedido?\u00bb _builder_version=\u00bb4.21.0&#8243; global_colors_info=\u00bb{}\u00bb toggle_level=\u00bbh2&#8243; open=\u00bboff\u00bb]<\/p>\n<p>Los pedidos se entregan en un plazo de 72 horas.\u00a0 De lunes a viernes en jornada laboral, no contando festivos para preparaci\u00f3n y env\u00edos. Para los pedidos de cercan\u00eda si se realizan antes de las 12.00h pueden llegar en un plazo no superior a 48h. Para poblaciones lejanas como pueblos o pedidos por encima de 40 kg, los plazos de entrega de mensajer\u00eda ser\u00e1n 72-96 h.\u00a0<\/p>\n<p>[\/et_pb_accordion_item][et_pb_accordion_item title=\u00bb\u00bfCu\u00e1les son los medios de pago aceptados?\u00bb _builder_version=\u00bb4.21.0&#8243; global_colors_info=\u00bb{}\u00bb toggle_level=\u00bbh2&#8243; open=\u00bboff\u00bb]<\/p>\n<p>Muy sencillo, podr\u00e1s pagar con cualquier tarjeta de cr\u00e9dito.<\/p>\n<p>[\/et_pb_accordion_item][et_pb_accordion_item title=\u00bb\u00bfCu\u00e1nto son los gastos de env\u00edo?\u00bb _builder_version=\u00bb4.21.0&#8243; global_colors_info=\u00bb{}\u00bb toggle_level=\u00bbh2&#8243; open=\u00bboff\u00bb]<\/p>\n<ul>\n<li><span data-contrast=\"auto\">Para compras <strong>superiores a 50 \u20ac el env\u00edo es gratuito.<\/strong><\/span><\/li>\n<li><span data-contrast=\"auto\">Para compras<strong> inferiores a 50 \u20ac, el env\u00edo ser\u00e1n 5 \u20ac.<\/strong><\/span><\/li>\n<\/ul>\n<p><span data-contrast=\"auto\">A excepci\u00f3n de los packs especiales que llevan incluidos los gastos de env\u00edo, tal como se detalla en sus respectivos descriptivos.<\/span><\/p>\n<p>[\/et_pb_accordion_item][et_pb_accordion_item title=\u00bb\u00bfC\u00f3mo puedo seguir mi pedido?\u00bb _builder_version=\u00bb4.21.0&#8243; global_colors_info=\u00bb{}\u00bb toggle_level=\u00bbh2&#8243; open=\u00bboff\u00bb]<\/p>\n<p>Recibir\u00e1s un SMS cuando tu pedido salga de nuestro almac\u00e9n, recibi\u00e9ndolo en m\u00e1ximo 72 h.<\/p>\n<p>[\/et_pb_accordion_item][et_pb_accordion_item title=\u00bb\u00bfC\u00f3mo puedo contactar con atenci\u00f3n al cliente?\u00bb _builder_version=\u00bb4.21.0&#8243; global_colors_info=\u00bb{}\u00bb toggle_level=\u00bbh2&#8243; open=\u00bboff\u00bb]<\/p>\n<p>Si tienes cualquier otra duda, puedes contactar con nosotros a trav\u00e9s de <a href=\"mailto:cervezasambar@ambar.com\">tienda@ambar.com<\/a><\/p>\n<p>[\/et_pb_accordion_item][et_pb_accordion_item title=\u00bb\u00bfSe realizan pedidos fuera de la Pen\u00ednsula?\u00bb _builder_version=\u00bb4.21.0&#8243; global_colors_info=\u00bb{}\u00bb toggle_level=\u00bbh2&#8243; open=\u00bboff\u00bb]<\/p>\n<p class=\"mb-0\"><span class=\"TextRun SCXW242936083 BCX0\" lang=\"ES-ES\" xml:lang=\"ES-ES\" data-contrast=\"auto\"><span class=\"NormalTextRun SCXW242936083 BCX0\">Actualmente solo realizamos pedidos dentro de la pen\u00ednsula. Estamos trabajando para poder llegar a Ceuta, Melilla, Islas Canarias e Islas Baleares, lo antes posible.<\/span><\/span><\/p>\n<p>[\/et_pb_accordion_item][\/et_pb_accordion][\/et_pb_column][\/et_pb_row][\/et_pb_section]<\/p>\n","protected":false},"excerpt":{"rendered":"<p>[et_pb_section fb_built=\u00bb1&#8243; module_class=\u00bbfaqs\u00bb _builder_version=\u00bb4.19.4&#8243; da_disable_devices=\u00bboff|off|off\u00bb global_colors_info=\u00bb{}\u00bb da_is_popup=\u00bboff\u00bb da_exit_intent=\u00bboff\u00bb da_has_close=\u00bbon\u00bb da_alt_close=\u00bboff\u00bb da_dark_close=\u00bboff\u00bb da_not_modal=\u00bbon\u00bb da_is_singular=\u00bboff\u00bb da_with_loader=\u00bboff\u00bb da_has_shadow=\u00bbon\u00bb][et_pb_row module_class=\u00bbwidth__1280&#8243; _builder_version=\u00bb4.19.4&#8243; _module_preset=\u00bbdefault\u00bb global_colors_info=\u00bb{}\u00bb][et_pb_column type=\u00bb4_4&#8243; _builder_version=\u00bb4.19.4&#8243; _module_preset=\u00bbdefault\u00bb global_colors_info=\u00bb{}\u00bb][et_pb_text module_class=\u00bbpage-title\u00bb _builder_version=\u00bb4.19.4&#8243; _module_preset=\u00bbdefault\u00bb global_colors_info=\u00bb{}\u00bb] FAQS &#8211; Preguntas frecuentes [\/et_pb_text][\/et_pb_column][\/et_pb_row][et_pb_row module_class=\u00bbfaqs-row width__1280&#8243; _builder_version=\u00bb4.21.0&#8243; background_size=\u00bbinitial\u00bb background_position=\u00bbtop_left\u00bb background_repeat=\u00bbrepeat\u00bb custom_css_main_element=\u00bbborder-bottom: 0;\u00bb global_colors_info=\u00bb{}\u00bb][et_pb_column type=\u00bb4_4&#8243; _builder_version=\u00bb4.16&#8243; custom_padding=\u00bb|||\u00bb global_colors_info=\u00bb{}\u00bb custom_padding__hover=\u00bb|||\u00bb][et_pb_accordion closed_toggle_background_color=\u00bb#ffffff\u00bb icon_color=\u00bb#b11730&#8243; module_id=\u00bbfaqs\u00bb _builder_version=\u00bb4.21.0&#8243; toggle_text_color=\u00bb#333333&#8243; toggle_font=\u00bb|on|||\u00bb body_text_color=\u00bb#333333&#8243; hover_transition_duration=\u00bb0ms\u00bb hover_enabled=\u00bb0&#8243; [&hellip;]<\/p>\n","protected":false},"author":1,"featured_media":0,"parent":0,"menu_order":0,"comment_status":"closed","ping_status":"closed","template":"","meta":{"_acf_changed":false,"_et_pb_use_builder":"on","_et_pb_old_content":"","_et_gb_content_width":"","footnotes":""},"class_list":["post-93","page","type-page","status-publish","hentry"],"acf":[],"yoast_head":"<!-- This site is optimized with the Yoast SEO plugin v27.3 - https:\/\/yoast.com\/product\/yoast-seo-wordpress\/ -->\n<title>Preguntas frecuentes | Tienda de cervezas online Ambar<\/title>\n<meta name=\"description\" content=\"Preguntas frecuentes sobre nuestra tienda Ambar. Resuelve tus dudas sobre los packs de Ambar, el pedido, el pago o sobre comprar cervezas online.\" \/>\n<meta name=\"robots\" content=\"index, follow, max-snippet:-1, max-image-preview:large, max-video-preview:-1\" \/>\n<link rel=\"canonical\" href=\"https:\/\/ambar.com\/tienda\/preguntas-frecuentes\/\" \/>\n<meta property=\"og:locale\" content=\"es_ES\" \/>\n<meta property=\"og:type\" content=\"article\" \/>\n<meta property=\"og:title\" content=\"Preguntas frecuentes | Tienda de cervezas online Ambar\" \/>\n<meta property=\"og:description\" content=\"Preguntas frecuentes sobre nuestra tienda Ambar. Resuelve tus dudas sobre los packs de Ambar, el pedido, el pago o sobre comprar cervezas online.\" \/>\n<meta property=\"og:url\" content=\"https:\/\/ambar.com\/tienda\/preguntas-frecuentes\/\" \/>\n<meta property=\"og:site_name\" content=\"Tienda de cervezas online\" \/>\n<meta property=\"article:publisher\" content=\"https:\/\/www.facebook.com\/cervezasambar\" \/>\n<meta property=\"article:modified_time\" content=\"2026-04-15T08:08:25+00:00\" \/>\n<meta name=\"twitter:card\" content=\"summary_large_image\" \/>\n<meta name=\"twitter:site\" content=\"@cervezasambar\" \/>\n<meta name=\"twitter:label1\" content=\"Tiempo de lectura\" \/>\n\t<meta name=\"twitter:data1\" content=\"2 minutos\" \/>\n<script type=\"application\/ld+json\" class=\"yoast-schema-graph\">{\"@context\":\"https:\\\/\\\/schema.org\",\"@graph\":[{\"@type\":\"WebPage\",\"@id\":\"https:\\\/\\\/ambar.com\\\/tienda\\\/preguntas-frecuentes\\\/\",\"url\":\"https:\\\/\\\/ambar.com\\\/tienda\\\/preguntas-frecuentes\\\/\",\"name\":\"Preguntas frecuentes | Tienda de cervezas online Ambar\",\"isPartOf\":{\"@id\":\"https:\\\/\\\/ambar.com\\\/tienda\\\/#website\"},\"datePublished\":\"2019-03-18T09:59:35+00:00\",\"dateModified\":\"2026-04-15T08:08:25+00:00\",\"description\":\"Preguntas frecuentes sobre nuestra tienda Ambar. Resuelve tus dudas sobre los packs de Ambar, el pedido, el pago o sobre comprar cervezas online.\",\"inLanguage\":\"es\",\"potentialAction\":[{\"@type\":\"ReadAction\",\"target\":[\"https:\\\/\\\/ambar.com\\\/tienda\\\/preguntas-frecuentes\\\/\"]}]},{\"@type\":\"WebSite\",\"@id\":\"https:\\\/\\\/ambar.com\\\/tienda\\\/#website\",\"url\":\"https:\\\/\\\/ambar.com\\\/tienda\\\/\",\"name\":\"Tienda de cervezas online\",\"description\":\"Nuestra tienda de cervezas Ambar ofrece diferentes packs cerveceros con la comodidad de ser una tienda de cervezas online. Compra cerveza online con un solo clic.\",\"publisher\":{\"@id\":\"https:\\\/\\\/ambar.com\\\/tienda\\\/#organization\"},\"potentialAction\":[{\"@type\":\"SearchAction\",\"target\":{\"@type\":\"EntryPoint\",\"urlTemplate\":\"https:\\\/\\\/ambar.com\\\/tienda\\\/?s={search_term_string}\"},\"query-input\":{\"@type\":\"PropertyValueSpecification\",\"valueRequired\":true,\"valueName\":\"search_term_string\"}}],\"inLanguage\":\"es\"},{\"@type\":\"Organization\",\"@id\":\"https:\\\/\\\/ambar.com\\\/tienda\\\/#organization\",\"name\":\"Ambar\",\"url\":\"https:\\\/\\\/ambar.com\\\/tienda\\\/\",\"logo\":{\"@type\":\"ImageObject\",\"inLanguage\":\"es\",\"@id\":\"https:\\\/\\\/ambar.com\\\/tienda\\\/#\\\/schema\\\/logo\\\/image\\\/\",\"url\":\"https:\\\/\\\/ambar.com\\\/tienda\\\/wp-content\\\/uploads\\\/2023\\\/01\\\/ambar-logo-red.png\",\"contentUrl\":\"https:\\\/\\\/ambar.com\\\/tienda\\\/wp-content\\\/uploads\\\/2023\\\/01\\\/ambar-logo-red.png\",\"width\":660,\"height\":116,\"caption\":\"Ambar\"},\"image\":{\"@id\":\"https:\\\/\\\/ambar.com\\\/tienda\\\/#\\\/schema\\\/logo\\\/image\\\/\"},\"sameAs\":[\"https:\\\/\\\/www.facebook.com\\\/cervezasambar\",\"https:\\\/\\\/x.com\\\/cervezasambar\",\"https:\\\/\\\/www.instagram.com\\\/cervezasambar\\\/\"]}]}<\/script>\n<!-- \/ Yoast SEO plugin. -->","yoast_head_json":{"title":"Preguntas frecuentes | Tienda de cervezas online Ambar","description":"Preguntas frecuentes sobre nuestra tienda Ambar. Resuelve tus dudas sobre los packs de Ambar, el pedido, el pago o sobre comprar cervezas online.","robots":{"index":"index","follow":"follow","max-snippet":"max-snippet:-1","max-image-preview":"max-image-preview:large","max-video-preview":"max-video-preview:-1"},"canonical":"https:\/\/ambar.com\/tienda\/preguntas-frecuentes\/","og_locale":"es_ES","og_type":"article","og_title":"Preguntas frecuentes | Tienda de cervezas online Ambar","og_description":"Preguntas frecuentes sobre nuestra tienda Ambar. Resuelve tus dudas sobre los packs de Ambar, el pedido, el pago o sobre comprar cervezas online.","og_url":"https:\/\/ambar.com\/tienda\/preguntas-frecuentes\/","og_site_name":"Tienda de cervezas online","article_publisher":"https:\/\/www.facebook.com\/cervezasambar","article_modified_time":"2026-04-15T08:08:25+00:00","twitter_card":"summary_large_image","twitter_site":"@cervezasambar","twitter_misc":{"Tiempo de lectura":"2 minutos"},"schema":{"@context":"https:\/\/schema.org","@graph":[{"@type":"WebPage","@id":"https:\/\/ambar.com\/tienda\/preguntas-frecuentes\/","url":"https:\/\/ambar.com\/tienda\/preguntas-frecuentes\/","name":"Preguntas frecuentes | Tienda de cervezas online Ambar","isPartOf":{"@id":"https:\/\/ambar.com\/tienda\/#website"},"datePublished":"2019-03-18T09:59:35+00:00","dateModified":"2026-04-15T08:08:25+00:00","description":"Preguntas frecuentes sobre nuestra tienda Ambar. Resuelve tus dudas sobre los packs de Ambar, el pedido, el pago o sobre comprar cervezas online.","inLanguage":"es","potentialAction":[{"@type":"ReadAction","target":["https:\/\/ambar.com\/tienda\/preguntas-frecuentes\/"]}]},{"@type":"WebSite","@id":"https:\/\/ambar.com\/tienda\/#website","url":"https:\/\/ambar.com\/tienda\/","name":"Tienda de cervezas online","description":"Nuestra tienda de cervezas Ambar ofrece diferentes packs cerveceros con la comodidad de ser una tienda de cervezas online. Compra cerveza online con un solo clic.","publisher":{"@id":"https:\/\/ambar.com\/tienda\/#organization"},"potentialAction":[{"@type":"SearchAction","target":{"@type":"EntryPoint","urlTemplate":"https:\/\/ambar.com\/tienda\/?s={search_term_string}"},"query-input":{"@type":"PropertyValueSpecification","valueRequired":true,"valueName":"search_term_string"}}],"inLanguage":"es"},{"@type":"Organization","@id":"https:\/\/ambar.com\/tienda\/#organization","name":"Ambar","url":"https:\/\/ambar.com\/tienda\/","logo":{"@type":"ImageObject","inLanguage":"es","@id":"https:\/\/ambar.com\/tienda\/#\/schema\/logo\/image\/","url":"https:\/\/ambar.com\/tienda\/wp-content\/uploads\/2023\/01\/ambar-logo-red.png","contentUrl":"https:\/\/ambar.com\/tienda\/wp-content\/uploads\/2023\/01\/ambar-logo-red.png","width":660,"height":116,"caption":"Ambar"},"image":{"@id":"https:\/\/ambar.com\/tienda\/#\/schema\/logo\/image\/"},"sameAs":["https:\/\/www.facebook.com\/cervezasambar","https:\/\/x.com\/cervezasambar","https:\/\/www.instagram.com\/cervezasambar\/"]}]}},"_links":{"self":[{"href":"https:\/\/ambar.com\/tienda\/wp-json\/wp\/v2\/pages\/93","targetHints":{"allow":["GET"]}}],"collection":[{"href":"https:\/\/ambar.com\/tienda\/wp-json\/wp\/v2\/pages"}],"about":[{"href":"https:\/\/ambar.com\/tienda\/wp-json\/wp\/v2\/types\/page"}],"author":[{"embeddable":true,"href":"https:\/\/ambar.com\/tienda\/wp-json\/wp\/v2\/users\/1"}],"replies":[{"embeddable":true,"href":"https:\/\/ambar.com\/tienda\/wp-json\/wp\/v2\/comments?post=93"}],"version-history":[{"count":4,"href":"https:\/\/ambar.com\/tienda\/wp-json\/wp\/v2\/pages\/93\/revisions"}],"predecessor-version":[{"id":176004,"href":"https:\/\/ambar.com\/tienda\/wp-json\/wp\/v2\/pages\/93\/revisions\/176004"}],"wp:attachment":[{"href":"https:\/\/ambar.com\/tienda\/wp-json\/wp\/v2\/media?parent=93"}],"curies":[{"name":"wp","href":"https:\/\/api.w.org\/{rel}","templated":true}]}}