{"id":182,"date":"2019-03-28T11:10:26","date_gmt":"2019-03-28T10:10:26","guid":{"rendered":"https:\/\/ambar.com\/ambiciosas\/?page_id=182"},"modified":"2025-10-14T13:02:06","modified_gmt":"2025-10-14T11:02:06","slug":"terminos-y-condiciones","status":"publish","type":"page","link":"https:\/\/ambar.com\/tienda\/terminos-y-condiciones\/","title":{"rendered":"T\u00e9rminos y condiciones de venta"},"content":{"rendered":"<p>Las presentes condiciones generales de contrataci\u00f3n se aplican a la compra de los productos que se ofrecen a trav\u00e9s de este sitio web. Para m\u00e1s informaci\u00f3n sobre nosotros consulte el <strong><a href=\"https:\/\/ambar.com\/aviso-legal\/\">Aviso Legal<\/a><\/strong> alojado en el pie de cada p\u00e1gina de este sitio web.<\/p>\n<p>Le rogamos que lea atentamente las presentes Condiciones Generales de Contrataci\u00f3n y nuestra <strong><a href=\"http:\/\/www.agoragrupo.com\/politica-de-privacidad\/\">Pol\u00edtica de Privacidad<\/a><\/strong> antes de tramitar la compra.<\/p>\n<h5><strong>Identidad y titularidad de la web<\/strong><\/h5>\n<p>El titular de esta web es AGORA, SA, (en adelante \u201cGrupo \u00c1gora\u201d), sociedad mercantil inscrita en el Registro Mercantil de Zaragoza al Tomo 2179, Folio 50, Hoja Z-25968 provista de CIF n\u00ba A28070795 y con domicilio social situado en Calle Ram\u00f3n Berenguer IV,1, 50007 Zaragoza (Espa\u00f1a). Si desea ponerse en contacto con nosotros puede hacerlo a trav\u00e9s de nuestro:<\/p>\n<ul>\n<li><strong>Tel\u00e9fono<\/strong>: (+34) 976 27 28 46<\/li>\n<li><strong><a href=\"https:\/\/ambar.com\/contacto\/\">Formulario de contacto<\/a> <\/strong><\/li>\n<li><strong>Comunicaci\u00f3n postal<\/strong> a la direcci\u00f3n antes mencionada.<\/li>\n<\/ul>\n<p>Si su consulta est\u00e1 relacionada con el uso que hacemos de sus datos personales o si lo que desea es darse de baja en alguno de nuestros servicios le invitamos a visitar nuestra <a href=\"http:\/\/www.agoragrupo.com\/politica-de-privacidad\/\"><strong>Pol\u00edtica de Privacidad.<\/strong><\/a><\/p>\n<p><strong>Esto es un contrato.<\/strong><\/p>\n<p>La compra de productos a trav\u00e9s de este sitio web, se constituir\u00e1 un contrato de compraventa. Dicho contrato se regir\u00e1 por las <a href=\"https:\/\/ambar.com\/aviso-legal\/\"><strong>Condiciones de Uso<\/strong><\/a> de esta web, y de forma espec\u00edfica, por las Condiciones Generales de Contrataci\u00f3n que se detallan a continuaci\u00f3n.<\/p>\n<p>Si decide no aceptar las presentes condiciones Generales de Contrataci\u00f3n deber\u00e1 abstenerse de realizar la compra de productos a trav\u00e9s de esta web.<\/p>\n<p><strong>Condiciones de uso de la web. <\/strong><\/p>\n<p>El acceso, utilizaci\u00f3n, navegaci\u00f3n y participaci\u00f3n en los servicios y actividades de esta web le atribuye, desde el comienzo, la condici\u00f3n de Usuario. Si contin\u00faa navegando se entender\u00e1 que acepta expresa, voluntariamente y sin reservas las Condiciones de Uso de esta web. Si decide no aceptar las presentes condiciones deber\u00e1 abstenerse de acceder y\/o utilizar los contenidos y servicios que ofrecemos en esta web.<\/p>\n<p>La aceptaci\u00f3n de las Condiciones de Uso implica que Ud. como Usuario:<\/p>\n<ul>\n<li>declara ser mayor de 18 a\u00f1os.<\/li>\n<li>declara haber le\u00eddo, entender y comprender en su integridad el contenido de las presentes Condiciones.<\/li>\n<li>declara que toda la informaci\u00f3n que nos facilita haciendo uso de nuestros servicios es verdadera y exacta, sin limitaciones, reservas o falsedades.<\/li>\n<li>que para poder utilizar algunos servicios ofrecidos a trav\u00e9s de esta web, acepta expl\u00edcitamente las <a href=\"https:\/\/ambar.com\/aviso-legal\/\"><strong>Condiciones de uso<\/strong><\/a>, la <strong><a href=\"http:\/\/www.agoragrupo.com\/politica-de-privacidad\/\">Pol\u00edtica de Privacidad<\/a><\/strong> y de <a href=\"https:\/\/ambar.com\/politica-de-cookies\/\"><strong>Cookies<\/strong><\/a> en relaci\u00f3n a la finalidad del tratamiento de los datos informado previamente a enviaros su informaci\u00f3n personal.<\/li>\n<\/ul>\n<p>El uso y acceso a este sitio web es gratuito, sin perjuicio del coste de conexi\u00f3n y datos a trav\u00e9s de la correspondiente red de telecomunicaciones que le proporcione el acceso como Usuario.<\/p>\n<p>Como Usuario otorga a Grupo \u00c1gora el derecho de autorizar a terceros a ejercer los derechos otorgados a Grupo \u00c1gora bajo estas Condiciones de Uso.<\/p>\n<p><strong>Condiciones de la Compra.<\/strong><\/p>\n<p>La compra de cualquiera de los productos representa la aceptaci\u00f3n de las siguientes condiciones:<\/p>\n<ul>\n<li>No se permitir\u00e1 la compra de cerveza a menores de 18 a\u00f1os.<\/li>\n<li>El usuario deber\u00e1 registrarse en la p\u00e1gina web para poder formalizar el pedido, debiendo indicar el nombre y apellidos, direcci\u00f3n de correo electr\u00f3nico v\u00e1lida, n\u00famero de tel\u00e9fono y direcci\u00f3n postal a efectos de env\u00edo de productos.<\/li>\n<\/ul>\n<p><strong>Proceso de Compra. <\/strong><\/p>\n<p>El Usuario deber\u00e1, durante el proceso de compra, aceptar plenamente y sin reservas las Condiciones Generales de Contrataci\u00f3n. Para realizar una compra, el Usuario deber\u00e1 seguir el siguiente proceso:<\/p>\n<ul>\n<li>El Usuario deber\u00e1 seleccionar el producto que desee comprar, indicando el n\u00famero de unidades que desea adquirir.<\/li>\n<li>Debido a que el acceso a esta p\u00e1gina web est\u00e1 reservado a mayores de edad, ser\u00e1n estos los que deber\u00e1n realizar las compras, no admiti\u00e9ndose como v\u00e1lidas las compras realizadas por menores de edad.<\/li>\n<li>Una vez seleccionado el producto que se desea adquirir, el Usuario deber\u00e1 facilitar los datos de facturaci\u00f3n y proceder al pago.<\/li>\n<li>Una vez realizado el pago, Grupo \u00c1gora enviar\u00e1 un correo electr\u00f3nico al Usuario en el que se detallar\u00e1n los datos de la compra. Con este correo electr\u00f3nico la compra queda confirmada.<\/li>\n<\/ul>\n<p><strong>Precios y Medios de pago. \u00a0<\/strong><\/p>\n<p>Los precios de los productos se muestran en euros, con impuestos incluidos. El pago deber\u00e1 realizarse mediante tarjeta de cr\u00e9dito\/d\u00e9bito el cual se realiza a trav\u00e9s de la pasarela de pago bancaria de Redsys. Todos los datos bancarios son tratados directamente por la entidad financiera correspondiente, ofreci\u00e9ndole de este modo la mayor seguridad y confidencialidad en la transacci\u00f3n.<\/p>\n<p><strong>Pol\u00edtica de cambios y devoluciones.<\/strong><\/p>\n<p>El Usuario podr\u00e1 solicitar la devoluci\u00f3n de los productos adquiridos en los siguientes supuestos:<\/p>\n<ul>\n<li>Si los productos recibidos no se corresponden con los adquiridos.<\/li>\n<li>Si la cantidad de productos recibidos no se corresponde con los adquiridos.<\/li>\n<li>Si la caja que contiene el producto est\u00e1 da\u00f1ada de tal forma que afecte al contenido de la misma o los productos recibidos son defectuosos.<\/li>\n<\/ul>\n<p>En caso de que se d\u00e9 alguno de los supuestos anteriores y el Usuario quisiera proceder a la devoluci\u00f3n del producto recibido, deber\u00e1 notificarlo en un plazo m\u00e1ximo de 14 d\u00edas naturales contados desde la recepci\u00f3n de \u00e9ste, contactando a trav\u00e9s de:<\/p>\n<ul>\n<li>Correo electr\u00f3nico: <u>tienda@ambar.com<\/u><\/li>\n<li>Tel\u00e9fono: (+34) 976 272 846<\/li>\n<li>Formulario de contacto\u00a0por\u00a0Formulario de contacto seleccionando como motivo de consulta \u00abIncidencias pedidos Cervezas<\/li>\n<\/ul>\n<p>Para que la devoluci\u00f3n sea aceptada por parte de Grupo \u00c1gora, se deber\u00e1 cumplir con los siguientes requisitos:<\/p>\n<ul>\n<li>El producto debe estar en el mismo estado en que se entreg\u00f3 y deber\u00e1 conservar su embalaje y etiquetado original.<\/li>\n<li>El env\u00edo debe hacerse usando la misma caja en que ha sido recibido para proteger el producto. Para el supuesto que no pueda hacerse con la caja con la que se entreg\u00f3, el Usuario deber\u00e1 devolverlo en una caja protectora con el fin de que el producto llegue a Grupo \u00c1gora con las m\u00e1ximas garant\u00edas posibles.<\/li>\n<li>Debe incluirse una copia del albar\u00e1n de entrega dentro del paquete, donde adem\u00e1s se marquen los productos devueltos y el motivo de la devoluci\u00f3n.<\/li>\n<li>En el caso de compra de cerveza, por razones de protecci\u00f3n de la salud y de higiene, usted perder\u00e1 su derecho de desistimiento si abre la botella, lata o cualquier otro recipiente en el que se venda la misma. Esto implica que, si abre los envases, no podr\u00e1 devolver el producto.<\/li>\n<\/ul>\n<p>En el caso de devoluciones de productos defectuosos, Grupo \u00c1gora se har\u00e1 cargo de los gastos de env\u00edo. No obstante, en el resto de los casos, los gastos de env\u00edo ser\u00e1n a cargo del Usuario.<\/p>\n<p>En caso de que el Usuario prefiriese el abono del cargo en lugar del reenv\u00edo de los productos, deber\u00e1 indicarlo en el correo electr\u00f3nico anteriormente indicado. La orden de devoluci\u00f3n ser\u00e1 gestionada por Grupo \u00c1gora mediante el uso del mismo sistema que utiliz\u00f3 el Usuario para realizar el pago en un plazo de quince d\u00edas desde la recepci\u00f3n de la mercanc\u00eda por parte de Grupo \u00c1gora.<\/p>\n<p><strong>Quejas y Sugerencias.<\/strong><\/p>\n<p>Para cualquier duda o incidencia en relaci\u00f3n con el proceso de compra no dude en ponerse en contacto con nosotros a trav\u00e9s de nuestro <a href=\"https:\/\/ambar.com\/contacto\/\"><strong>formulario de contacto<\/strong><strong>.<\/strong><\/a>\u00a0Asimismo, puede contactar con nosotros en el tel\u00e9fono y direcciones indicadas en el encabezamiento.<\/p>\n<p>El Usuario podr\u00e1 presentar sus quejas y sugerencias de la adquisici\u00f3n y recepci\u00f3n del producto mediante:<\/p>\n<ul>\n<li>Correo postal en la direcci\u00f3n postal indicada en el encabezamiento.<\/li>\n<li>A trav\u00e9s de correo electr\u00f3nico a <u>tienda@ambar.com<\/u><\/li>\n<li>A trav\u00e9s del formulario de contacto seleccionando como motivo de consulta \u00abIncidencias pedidos Cervezas\u00bb<\/li>\n<\/ul>\n<p>Una vez el Usuario exprese a Grupo \u00c1gora su deseo de presentar una queja o sugerencia a trav\u00e9s de uno de los medios indicados, Grupo \u00c1gora le asistir\u00e1 para indicarle c\u00f3mo debe formalizar dicha queja o sugerencia. Todas las quejas y sugerencias se contestar\u00e1n en el plazo m\u00e1ximo de un mes.<\/p>\n<h5><strong>Obligaciones del Usuario <\/strong><\/h5>\n<p><strong>Su compromiso, la veracidad de los datos que nos indique<\/strong><strong>. <\/strong><\/p>\n<p>El Usuario que formalice la compra declara que los datos personales que facilita a Grupo \u00c1gora en cualquier tramo del uso de esta web son veraces.<\/p>\n<p>Debe saber que Ud. es el \u00fanico responsable de cualquier da\u00f1o o perjuicio, directo o indirecto, que pudiera ocasionarse a Grupo \u00c1gora como responsable de este sitio web o a un tercero si cumplimenta cualquier formulario con datos falsos o de terceras personas sin contar con su consentimiento previo causando enga\u00f1o, da\u00f1o o perjuicio.<\/p>\n<p>Para que podamos mantener sus datos exactos y actualizados, rogamos al Usuario que nos comunique cualquier variaci\u00f3n que pueda darse en los datos facilitados.<\/p>\n<p>Para conocer c\u00f3mo se realiza el tratamiento de datos personales, puede consultar nuestra<\/p>\n<p><strong>Legislaci\u00f3n aplicable y jurisdicci\u00f3n. <\/strong><\/p>\n<p>Grupo \u00c1gora tiene su sede en Espa\u00f1a, por lo que estas Condiciones legales se han redactado en virtud de la legislaci\u00f3n espa\u00f1ola y normativa aplicable de la Uni\u00f3n Europea. En caso de conflicto, reclamaciones o quejas derivadas o relacionadas con el uso de esta web quedar\u00e1n sujetas a la citada legislaci\u00f3n, sin perjuicio de los principios que regulan los conflictos de leyes aplicables a cada caso.<\/p>\n<p>Las reclamaciones o quejas contra Grupo \u00c1gora que provengan o est\u00e9n relacionadas con la compraventa de entradas o productos a trav\u00e9s de esta web ser\u00e1n resueltas por el tribunal de la jurisdicci\u00f3n competente situado en el domicilio del Comprador.<\/p>\n<p>Si accede a este sitio desde una ubicaci\u00f3n fuera de Espa\u00f1a, ser\u00e1 Ud. el responsable de cumplir con todas las leyes locales e internacionales que le resulten de aplicaci\u00f3n.<\/p>\n<p><strong>\u00daltima actualizaci\u00f3n. <\/strong><\/p>\n<p>Condiciones Generales de Contrataci\u00f3n actualizadas por \u00faltima vez con fecha <strong>13\/09\/2024.<\/strong><\/p>\n","protected":false},"excerpt":{"rendered":"<p>Las presentes condiciones generales de contrataci\u00f3n se aplican a la compra de los productos que se ofrecen a trav\u00e9s de este sitio web. Para m\u00e1s informaci\u00f3n sobre nosotros consulte el Aviso Legal alojado en el pie de cada p\u00e1gina de este sitio web. Le rogamos que lea atentamente las presentes Condiciones Generales de Contrataci\u00f3n y [&hellip;]<\/p>\n","protected":false},"author":1,"featured_media":0,"parent":0,"menu_order":0,"comment_status":"closed","ping_status":"closed","template":"landings\/politicas.php","meta":{"_acf_changed":false,"_et_pb_use_builder":"off","_et_pb_old_content":"","_et_gb_content_width":"","footnotes":""},"class_list":["post-182","page","type-page","status-publish","hentry"],"acf":[],"yoast_head":"<!-- This site is optimized with the Yoast SEO plugin v27.3 - https:\/\/yoast.com\/product\/yoast-seo-wordpress\/ -->\n<title>T\u00e9rminos y condiciones de venta | Tienda de cervezas online<\/title>\n<meta name=\"description\" content=\"Las presentes condiciones generales de contrataci\u00f3n se aplican a la compra de los productos que se ofrecen a trav\u00e9s del sitio web https:\/\/ambar.com\/\" \/>\n<meta name=\"robots\" content=\"index, nofollow, max-snippet:-1, max-image-preview:large, max-video-preview:-1\" \/>\n<link rel=\"canonical\" href=\"https:\/\/ambar.com\/tienda\/terminos-y-condiciones\/\" \/>\n<meta property=\"og:locale\" content=\"es_ES\" \/>\n<meta property=\"og:type\" content=\"article\" \/>\n<meta property=\"og:title\" content=\"T\u00e9rminos y condiciones de venta | Tienda de cervezas online\" \/>\n<meta property=\"og:description\" content=\"Las presentes condiciones generales de contrataci\u00f3n se aplican a la compra de los productos que se ofrecen a trav\u00e9s del sitio web https:\/\/ambar.com\/\" \/>\n<meta property=\"og:url\" content=\"https:\/\/ambar.com\/tienda\/terminos-y-condiciones\/\" \/>\n<meta property=\"og:site_name\" content=\"Tienda de cervezas online\" \/>\n<meta property=\"article:publisher\" content=\"https:\/\/www.facebook.com\/cervezasambar\" \/>\n<meta property=\"article:modified_time\" content=\"2025-10-14T11:02:06+00:00\" \/>\n<meta name=\"twitter:card\" content=\"summary_large_image\" \/>\n<meta name=\"twitter:site\" content=\"@cervezasambar\" \/>\n<meta name=\"twitter:label1\" content=\"Tiempo de lectura\" \/>\n\t<meta name=\"twitter:data1\" content=\"8 minutos\" \/>\n<script type=\"application\/ld+json\" class=\"yoast-schema-graph\">{\"@context\":\"https:\\\/\\\/schema.org\",\"@graph\":[{\"@type\":\"WebPage\",\"@id\":\"https:\\\/\\\/ambar.com\\\/tienda\\\/terminos-y-condiciones\\\/\",\"url\":\"https:\\\/\\\/ambar.com\\\/tienda\\\/terminos-y-condiciones\\\/\",\"name\":\"T\u00e9rminos y condiciones de venta | Tienda de cervezas online\",\"isPartOf\":{\"@id\":\"https:\\\/\\\/ambar.com\\\/tienda\\\/#website\"},\"datePublished\":\"2019-03-28T10:10:26+00:00\",\"dateModified\":\"2025-10-14T11:02:06+00:00\",\"description\":\"Las presentes condiciones generales de contrataci\u00f3n se aplican a la compra de los productos que se ofrecen a trav\u00e9s del sitio web https:\\\/\\\/ambar.com\\\/\",\"inLanguage\":\"es\",\"potentialAction\":[{\"@type\":\"ReadAction\",\"target\":[\"https:\\\/\\\/ambar.com\\\/tienda\\\/terminos-y-condiciones\\\/\"]}]},{\"@type\":\"WebSite\",\"@id\":\"https:\\\/\\\/ambar.com\\\/tienda\\\/#website\",\"url\":\"https:\\\/\\\/ambar.com\\\/tienda\\\/\",\"name\":\"Tienda de cervezas online\",\"description\":\"Nuestra tienda de cervezas Ambar ofrece diferentes packs cerveceros con la comodidad de ser una tienda de cervezas online. Compra cerveza online con un solo clic.\",\"publisher\":{\"@id\":\"https:\\\/\\\/ambar.com\\\/tienda\\\/#organization\"},\"potentialAction\":[{\"@type\":\"SearchAction\",\"target\":{\"@type\":\"EntryPoint\",\"urlTemplate\":\"https:\\\/\\\/ambar.com\\\/tienda\\\/?s={search_term_string}\"},\"query-input\":{\"@type\":\"PropertyValueSpecification\",\"valueRequired\":true,\"valueName\":\"search_term_string\"}}],\"inLanguage\":\"es\"},{\"@type\":\"Organization\",\"@id\":\"https:\\\/\\\/ambar.com\\\/tienda\\\/#organization\",\"name\":\"Ambar\",\"url\":\"https:\\\/\\\/ambar.com\\\/tienda\\\/\",\"logo\":{\"@type\":\"ImageObject\",\"inLanguage\":\"es\",\"@id\":\"https:\\\/\\\/ambar.com\\\/tienda\\\/#\\\/schema\\\/logo\\\/image\\\/\",\"url\":\"https:\\\/\\\/ambar.com\\\/tienda\\\/wp-content\\\/uploads\\\/2023\\\/01\\\/ambar-logo-red.png\",\"contentUrl\":\"https:\\\/\\\/ambar.com\\\/tienda\\\/wp-content\\\/uploads\\\/2023\\\/01\\\/ambar-logo-red.png\",\"width\":660,\"height\":116,\"caption\":\"Ambar\"},\"image\":{\"@id\":\"https:\\\/\\\/ambar.com\\\/tienda\\\/#\\\/schema\\\/logo\\\/image\\\/\"},\"sameAs\":[\"https:\\\/\\\/www.facebook.com\\\/cervezasambar\",\"https:\\\/\\\/x.com\\\/cervezasambar\",\"https:\\\/\\\/www.instagram.com\\\/cervezasambar\\\/\"]}]}<\/script>\n<!-- \/ Yoast SEO plugin. -->","yoast_head_json":{"title":"T\u00e9rminos y condiciones de venta | Tienda de cervezas online","description":"Las presentes condiciones generales de contrataci\u00f3n se aplican a la compra de los productos que se ofrecen a trav\u00e9s del sitio web https:\/\/ambar.com\/","robots":{"index":"index","follow":"nofollow","max-snippet":"max-snippet:-1","max-image-preview":"max-image-preview:large","max-video-preview":"max-video-preview:-1"},"canonical":"https:\/\/ambar.com\/tienda\/terminos-y-condiciones\/","og_locale":"es_ES","og_type":"article","og_title":"T\u00e9rminos y condiciones de venta | Tienda de cervezas online","og_description":"Las presentes condiciones generales de contrataci\u00f3n se aplican a la compra de los productos que se ofrecen a trav\u00e9s del sitio web https:\/\/ambar.com\/","og_url":"https:\/\/ambar.com\/tienda\/terminos-y-condiciones\/","og_site_name":"Tienda de cervezas online","article_publisher":"https:\/\/www.facebook.com\/cervezasambar","article_modified_time":"2025-10-14T11:02:06+00:00","twitter_card":"summary_large_image","twitter_site":"@cervezasambar","twitter_misc":{"Tiempo de lectura":"8 minutos"},"schema":{"@context":"https:\/\/schema.org","@graph":[{"@type":"WebPage","@id":"https:\/\/ambar.com\/tienda\/terminos-y-condiciones\/","url":"https:\/\/ambar.com\/tienda\/terminos-y-condiciones\/","name":"T\u00e9rminos y condiciones de venta | Tienda de cervezas online","isPartOf":{"@id":"https:\/\/ambar.com\/tienda\/#website"},"datePublished":"2019-03-28T10:10:26+00:00","dateModified":"2025-10-14T11:02:06+00:00","description":"Las presentes condiciones generales de contrataci\u00f3n se aplican a la compra de los productos que se ofrecen a trav\u00e9s del sitio web https:\/\/ambar.com\/","inLanguage":"es","potentialAction":[{"@type":"ReadAction","target":["https:\/\/ambar.com\/tienda\/terminos-y-condiciones\/"]}]},{"@type":"WebSite","@id":"https:\/\/ambar.com\/tienda\/#website","url":"https:\/\/ambar.com\/tienda\/","name":"Tienda de cervezas online","description":"Nuestra tienda de cervezas Ambar ofrece diferentes packs cerveceros con la comodidad de ser una tienda de cervezas online. Compra cerveza online con un solo clic.","publisher":{"@id":"https:\/\/ambar.com\/tienda\/#organization"},"potentialAction":[{"@type":"SearchAction","target":{"@type":"EntryPoint","urlTemplate":"https:\/\/ambar.com\/tienda\/?s={search_term_string}"},"query-input":{"@type":"PropertyValueSpecification","valueRequired":true,"valueName":"search_term_string"}}],"inLanguage":"es"},{"@type":"Organization","@id":"https:\/\/ambar.com\/tienda\/#organization","name":"Ambar","url":"https:\/\/ambar.com\/tienda\/","logo":{"@type":"ImageObject","inLanguage":"es","@id":"https:\/\/ambar.com\/tienda\/#\/schema\/logo\/image\/","url":"https:\/\/ambar.com\/tienda\/wp-content\/uploads\/2023\/01\/ambar-logo-red.png","contentUrl":"https:\/\/ambar.com\/tienda\/wp-content\/uploads\/2023\/01\/ambar-logo-red.png","width":660,"height":116,"caption":"Ambar"},"image":{"@id":"https:\/\/ambar.com\/tienda\/#\/schema\/logo\/image\/"},"sameAs":["https:\/\/www.facebook.com\/cervezasambar","https:\/\/x.com\/cervezasambar","https:\/\/www.instagram.com\/cervezasambar\/"]}]}},"_links":{"self":[{"href":"https:\/\/ambar.com\/tienda\/wp-json\/wp\/v2\/pages\/182","targetHints":{"allow":["GET"]}}],"collection":[{"href":"https:\/\/ambar.com\/tienda\/wp-json\/wp\/v2\/pages"}],"about":[{"href":"https:\/\/ambar.com\/tienda\/wp-json\/wp\/v2\/types\/page"}],"author":[{"embeddable":true,"href":"https:\/\/ambar.com\/tienda\/wp-json\/wp\/v2\/users\/1"}],"replies":[{"embeddable":true,"href":"https:\/\/ambar.com\/tienda\/wp-json\/wp\/v2\/comments?post=182"}],"version-history":[{"count":7,"href":"https:\/\/ambar.com\/tienda\/wp-json\/wp\/v2\/pages\/182\/revisions"}],"predecessor-version":[{"id":166339,"href":"https:\/\/ambar.com\/tienda\/wp-json\/wp\/v2\/pages\/182\/revisions\/166339"}],"wp:attachment":[{"href":"https:\/\/ambar.com\/tienda\/wp-json\/wp\/v2\/media?parent=182"}],"curies":[{"name":"wp","href":"https:\/\/api.w.org\/{rel}","templated":true}]}}